{"id":61,"date":"2022-07-07T08:23:14","date_gmt":"2022-07-07T06:23:14","guid":{"rendered":"https:\/\/betavivo.com\/se\/?page_id=61"},"modified":"2024-10-23T09:46:18","modified_gmt":"2024-10-23T07:46:18","slug":"om-betavivo","status":"publish","type":"page","link":"https:\/\/betavivo.com\/se\/om-betavivo\/","title":{"rendered":"Om Betavivo"},"content":{"rendered":"\n<div class=\"wp-block-karopharma-free-text pt-large pb-large bg-center bg-cover bg-no-repeat  is-style-tertiary\" style=\"background-image:url()\"><div class=\"free-text-wrapper container max-w-small text-center\">\n<h1 class=\"is-style-heading-huge wp-block-heading\">Om Betavivo<\/h1>\n\n\n\n<p class=\"is-style-paragraph-preamble\">Betavivo havreflingor inneh\u00e5ller betaglukan fr\u00e5n havre, som har visats s\u00e4nka blodkolesterol. 3 g betaglukan fr\u00e5n havre (inneh\u00e5llet i en portion Betavivo havreflingor) \u00e4r den dagliga m\u00e4ngd som kr\u00e4vs f\u00f6r att s\u00e4nka kolesterol. <\/p>\n\n\n\n<p class=\"is-style-paragraph-body-text\">Intag av betaglukan fr\u00e5n havre som en del av en m\u00e5ltid bidrar \u00e4ven till att minska blodsockerh\u00f6jningen efter m\u00e5ltiden.<\/p>\n<\/div><\/div>\n\n\n<div class=\"product-list wp-block-karopharma-product-list\" data-testid=\"product-list\">\n      <div class=\"swiper-container\">\n      <div class=\"swiper\">\n        <div class=\"swiper-wrapper\">\n                      <div class=\"swiper-slide\">\n              <div class=\"product-card\" data-testid=\"product-card\">\n  <a\n    href=https:\/\/betavivo.com\/se\/produkt\/betavivo-havreflingor-naturell\/\n    class=\"product-card-link\"\n    title=\"Betavivo havreflingor naturell\"\n  >\n  <figure class=\"product-card-image\" data-testid=\"product-image\">\n                          <img decoding=\"async\" src=\"https:\/\/betavivo.com\/cdn-cgi\/image\/width=700,format=auto\/app\/uploads\/sites\/2\/2024\/03\/Betavivo_HavrehjartanOriginal_Left_2604_A01-copy.png\"\n        srcset=\"https:\/\/betavivo.com\/cdn-cgi\/image\/width=250,format=auto\/app\/uploads\/sites\/2\/2024\/03\/Betavivo_HavrehjartanOriginal_Left_2604_A01-copy.png 250w,\n                https:\/\/betavivo.com\/cdn-cgi\/image\/width=500,format=auto\/app\/uploads\/sites\/2\/2024\/03\/Betavivo_HavrehjartanOriginal_Left_2604_A01-copy.png 500w,\n                https:\/\/betavivo.com\/cdn-cgi\/image\/width=700,format=auto\/app\/uploads\/sites\/2\/2024\/03\/Betavivo_HavrehjartanOriginal_Left_2604_A01-copy.png 700w\"\n        sizes=\"(max-width: 400px) 250px, (max-width: 800px) 500px, 700px\"\n        alt=\"Betavivo Havreflingor\"\n        class=\"img\">\n            <\/figure>\n    <div class=\"product-card-content\">\n      <div class=\"heading-wrapper\">\n        <h2 class=\"heading\">Betavivo havreflingor naturell<\/h2>\n      <\/div>\n      <div class=\"product-card-description\">F\u00f6r s\u00e4nkt kolesterol<\/div>\n                      <\/div>\n  <\/a>\n          <div class=\"button-wrapper buy-now \" data-testid=\"buy-now\">\n      <div class=\"buy-now-container dropdown-container\">\n      <div class=\"theme-button button-primary-color dropdown-link\" aria-label=\"K\u00f6p nu\">\n          K\u00f6p nu <i class=\"dropdown\"><\/i>\n      <\/div>\n      <ul class=\"reseller-list submenu\">\n                    <li>\n              <a\n                href=\"https:\/\/www.apohem.se\/mat-dryck\/skafferi\/grot-flingor-musli\/betavivo-original-506g\" onclick=\"dataLayer.push({'event':'ga_event', 'eventCategory':'Click on Reseller', 'eventAction':'Apohem', 'eventLabel':'Betavivo havreflingor naturell', 'eventValue': undefined})\" rel=\"noopener\" target=\"_blank\" title=\"Apohem\"\n                data-testid=\"buy-now-reseller\">\n                <i class=\"fa-solid fa-arrow-right\"><\/i> Apohem\n              <\/a>\n          <\/li>\n                    <li>\n              <a\n                href=\"https:\/\/www.apotea.se\/betavivo-original-506-g\" onclick=\"dataLayer.push({'event':'ga_event', 'eventCategory':'Click on Reseller', 'eventAction':'Apotea', 'eventLabel':'Betavivo havreflingor naturell', 'eventValue': undefined})\" rel=\"noopener\" target=\"_blank\" title=\"Apotea\"\n                data-testid=\"buy-now-reseller\">\n                <i class=\"fa-solid fa-arrow-right\"><\/i> Apotea\n              <\/a>\n          <\/li>\n                    <li>\n              <a\n                href=\"https:\/\/www.apoteket.se\/produkt\/betavivo-original-506-g-ask-1567232\/\" onclick=\"dataLayer.push({'event':'ga_event', 'eventCategory':'Click on Reseller', 'eventAction':'Apoteket', 'eventLabel':'Betavivo havreflingor naturell', 'eventValue': undefined})\" rel=\"noopener\" target=\"_blank\" title=\"Apoteket\"\n                data-testid=\"buy-now-reseller\">\n                <i class=\"fa-solid fa-arrow-right\"><\/i> Apoteket\n              <\/a>\n          <\/li>\n                    <li>\n              <a\n                href=\"https:\/\/www.apotekhjartat.se\/produkt\/betavivo-original-506-gram\/\" onclick=\"dataLayer.push({'event':'ga_event', 'eventCategory':'Click on Reseller', 'eventAction':'Apotek Hj\u00e4rtat', 'eventLabel':'Betavivo havreflingor naturell', 'eventValue': undefined})\" rel=\"noopener\" target=\"_blank\" title=\"Apotek Hj\u00e4rtat\"\n                data-testid=\"buy-now-reseller\">\n                <i class=\"fa-solid fa-arrow-right\"><\/i> Apotek Hj\u00e4rtat\n              <\/a>\n          <\/li>\n                    <li>\n              <a\n                href=\"https:\/\/dozapotek.se\/betavivo-original-506-g-798618.html\" onclick=\"dataLayer.push({'event':'ga_event', 'eventCategory':'Click on Reseller', 'eventAction':'Doz Apotek', 'eventLabel':'Betavivo havreflingor naturell', 'eventValue': undefined})\" rel=\"noopener\" target=\"_blank\" title=\"Doz Apotek\"\n                data-testid=\"buy-now-reseller\">\n                <i class=\"fa-solid fa-arrow-right\"><\/i> Doz Apotek\n              <\/a>\n          <\/li>\n                    <li>\n              <a\n                href=\"https:\/\/www.meds.se\/betavivo\/betavivo-original-506-g\" onclick=\"dataLayer.push({'event':'ga_event', 'eventCategory':'Click on Reseller', 'eventAction':'Meds', 'eventLabel':'Betavivo havreflingor naturell', 'eventValue': undefined})\" rel=\"noopener\" target=\"_blank\" title=\"Meds\"\n                data-testid=\"buy-now-reseller\">\n                <i class=\"fa-solid fa-arrow-right\"><\/i> Meds\n              <\/a>\n          <\/li>\n                    <li>\n              <a\n                href=\"https:\/\/www.svenskhalsokost.se\/betavivo-original\" onclick=\"dataLayer.push({'event':'ga_event', 'eventCategory':'Click on Reseller', 'eventAction':'Svensk H\u00e4lsokost', 'eventLabel':'Betavivo havreflingor naturell', 'eventValue': undefined})\" rel=\"noopener\" target=\"_blank\" title=\"Svensk H\u00e4lsokost\"\n                data-testid=\"buy-now-reseller\">\n                <i class=\"fa-solid fa-arrow-right\"><\/i> Svensk H\u00e4lsokost\n              <\/a>\n          <\/li>\n                <\/ul>\n    <\/div>\n  <\/div>\n  <\/div>\n            <\/div>\n                      <div class=\"swiper-slide\">\n              <div class=\"product-card\" data-testid=\"product-card\">\n  <a\n    href=https:\/\/betavivo.com\/se\/produkt\/betavivo-havreflingor-jordgubb\/\n    class=\"product-card-link\"\n    title=\"Betavivo havreflingor jordgubb\"\n  >\n  <figure class=\"product-card-image\" data-testid=\"product-image\">\n                          <img decoding=\"async\" src=\"https:\/\/betavivo.com\/cdn-cgi\/image\/width=700,format=auto\/app\/uploads\/sites\/2\/2022\/07\/Betavivo_HavrehjartanStrawberry_Left_2604_A01-copy.png\"\n        srcset=\"https:\/\/betavivo.com\/cdn-cgi\/image\/width=250,format=auto\/app\/uploads\/sites\/2\/2022\/07\/Betavivo_HavrehjartanStrawberry_Left_2604_A01-copy.png 250w,\n                https:\/\/betavivo.com\/cdn-cgi\/image\/width=500,format=auto\/app\/uploads\/sites\/2\/2022\/07\/Betavivo_HavrehjartanStrawberry_Left_2604_A01-copy.png 500w,\n                https:\/\/betavivo.com\/cdn-cgi\/image\/width=700,format=auto\/app\/uploads\/sites\/2\/2022\/07\/Betavivo_HavrehjartanStrawberry_Left_2604_A01-copy.png 700w\"\n        sizes=\"(max-width: 400px) 250px, (max-width: 800px) 500px, 700px\"\n        alt=\"Betavivo Havreflingor Strawberry\"\n        class=\"img\">\n            <\/figure>\n    <div class=\"product-card-content\">\n      <div class=\"heading-wrapper\">\n        <h2 class=\"heading\">Betavivo havreflingor jordgubb<\/h2>\n      <\/div>\n      <div class=\"product-card-description\">F\u00f6r s\u00e4nkt kolesterol<\/div>\n                      <\/div>\n  <\/a>\n          <div class=\"button-wrapper buy-now \" data-testid=\"buy-now\">\n      <div class=\"buy-now-container dropdown-container\">\n      <div class=\"theme-button button-primary-color dropdown-link\" aria-label=\"K\u00f6p nu\">\n          K\u00f6p nu <i class=\"dropdown\"><\/i>\n      <\/div>\n      <ul class=\"reseller-list submenu\">\n                    <li>\n              <a\n                href=\"https:\/\/www.apohem.se\/mat-dryck\/skafferi\/grot-flingor-musli\/betavivo-strawberry-506g\" onclick=\"dataLayer.push({'event':'ga_event', 'eventCategory':'Click on Reseller', 'eventAction':'Apohem', 'eventLabel':'Betavivo havreflingor jordgubb', 'eventValue': undefined})\" rel=\"noopener\" target=\"_blank\" title=\"Apohem\"\n                data-testid=\"buy-now-reseller\">\n                <i class=\"fa-solid fa-arrow-right\"><\/i> Apohem\n              <\/a>\n          <\/li>\n                    <li>\n              <a\n                href=\"https:\/\/www.apotea.se\/betavivo-strawberry-506-g\" onclick=\"dataLayer.push({'event':'ga_event', 'eventCategory':'Click on Reseller', 'eventAction':'Apotea', 'eventLabel':'Betavivo havreflingor jordgubb', 'eventValue': undefined})\" rel=\"noopener\" target=\"_blank\" title=\"Apotea\"\n                data-testid=\"buy-now-reseller\">\n                <i class=\"fa-solid fa-arrow-right\"><\/i> Apotea\n              <\/a>\n          <\/li>\n                    <li>\n              <a\n                href=\"https:\/\/www.apoteket.se\/produkt\/betavivo-strawberry-506-g-ask-1567233\/\" onclick=\"dataLayer.push({'event':'ga_event', 'eventCategory':'Click on Reseller', 'eventAction':'Apoteket', 'eventLabel':'Betavivo havreflingor jordgubb', 'eventValue': undefined})\" rel=\"noopener\" target=\"_blank\" title=\"Apoteket\"\n                data-testid=\"buy-now-reseller\">\n                <i class=\"fa-solid fa-arrow-right\"><\/i> Apoteket\n              <\/a>\n          <\/li>\n                    <li>\n              <a\n                href=\"https:\/\/www.apotekhjartat.se\/produkt\/betavivo-strawberry-506-gram\/\" onclick=\"dataLayer.push({'event':'ga_event', 'eventCategory':'Click on Reseller', 'eventAction':'Apotek Hj\u00e4rtat', 'eventLabel':'Betavivo havreflingor jordgubb', 'eventValue': undefined})\" rel=\"noopener\" target=\"_blank\" title=\"Apotek Hj\u00e4rtat\"\n                data-testid=\"buy-now-reseller\">\n                <i class=\"fa-solid fa-arrow-right\"><\/i> Apotek Hj\u00e4rtat\n              <\/a>\n          <\/li>\n                    <li>\n              <a\n                href=\"https:\/\/dozapotek.se\/betavivo-strawberry-506-g-798619.html\" onclick=\"dataLayer.push({'event':'ga_event', 'eventCategory':'Click on Reseller', 'eventAction':'Doz Apotek', 'eventLabel':'Betavivo havreflingor jordgubb', 'eventValue': undefined})\" rel=\"noopener\" target=\"_blank\" title=\"Doz Apotek\"\n                data-testid=\"buy-now-reseller\">\n                <i class=\"fa-solid fa-arrow-right\"><\/i> Doz Apotek\n              <\/a>\n          <\/li>\n                    <li>\n              <a\n                href=\"https:\/\/www.kronansapotek.se\/betavivo-strawberry\/p\/798619\/\" onclick=\"dataLayer.push({'event':'ga_event', 'eventCategory':'Click on Reseller', 'eventAction':'Kronans Apotek', 'eventLabel':'Betavivo havreflingor jordgubb', 'eventValue': undefined})\" rel=\"noopener\" target=\"_blank\" title=\"Kronans Apotek\"\n                data-testid=\"buy-now-reseller\">\n                <i class=\"fa-solid fa-arrow-right\"><\/i> Kronans Apotek\n              <\/a>\n          <\/li>\n                    <li>\n              <a\n                href=\"https:\/\/www.meds.se\/betavivo\/betavivo-strawberry-506-g\" onclick=\"dataLayer.push({'event':'ga_event', 'eventCategory':'Click on Reseller', 'eventAction':'Meds', 'eventLabel':'Betavivo havreflingor jordgubb', 'eventValue': undefined})\" rel=\"noopener\" target=\"_blank\" title=\"Meds\"\n                data-testid=\"buy-now-reseller\">\n                <i class=\"fa-solid fa-arrow-right\"><\/i> Meds\n              <\/a>\n          <\/li>\n                <\/ul>\n    <\/div>\n  <\/div>\n  <\/div>\n            <\/div>\n                  <\/div>\n        <div class=\"swiper-scrollbar\"><\/div>\n      <\/div>\n    <\/div>\n  <\/div>\n","protected":false},"excerpt":{"rendered":"","protected":false},"author":3,"featured_media":0,"parent":0,"menu_order":0,"comment_status":"closed","ping_status":"closed","template":"","meta":{"_acf_changed":false,"footnotes":""},"from-article-database":[],"class_list":["post-61","page","type-page","status-publish","hentry"],"acf":[],"yoast_head":"<!-- This site is optimized with the Yoast SEO plugin v26.6 - https:\/\/yoast.com\/wordpress\/plugins\/seo\/ -->\n<title>Om Betavivo - Betavivo<\/title>\n<meta name=\"description\" content=\"Betavivo havreflingor inneh\u00e5ller betaglukan fr\u00e5n havre, som har visats s\u00e4nka blodkolesterol. 3 g betaglukan fr\u00e5n havre (inneh\u00e5llet i en portion Betavivo havreflingor) \u00e4r den dagliga m\u00e4ngd som kr\u00e4vs f\u00f6r att s\u00e4nka kolesterol.\" \/>\n<meta name=\"robots\" content=\"index, follow, max-snippet:-1, max-image-preview:large, max-video-preview:-1\" \/>\n<link rel=\"canonical\" href=\"https:\/\/betavivo.com\/se\/om-betavivo\/\" \/>\n<meta property=\"og:locale\" content=\"sv_SE\" \/>\n<meta property=\"og:type\" content=\"article\" \/>\n<meta property=\"og:title\" content=\"Om Betavivo - Betavivo\" \/>\n<meta property=\"og:description\" content=\"Betavivo havreflingor inneh\u00e5ller betaglukan fr\u00e5n havre, som har visats s\u00e4nka blodkolesterol. 3 g betaglukan fr\u00e5n havre (inneh\u00e5llet i en portion Betavivo havreflingor) \u00e4r den dagliga m\u00e4ngd som kr\u00e4vs f\u00f6r att s\u00e4nka kolesterol.\" \/>\n<meta property=\"og:url\" content=\"https:\/\/betavivo.com\/se\/om-betavivo\/\" \/>\n<meta property=\"og:site_name\" content=\"Betavivo\" \/>\n<meta property=\"article:modified_time\" content=\"2024-10-23T07:46:18+00:00\" \/>\n<meta name=\"twitter:card\" content=\"summary_large_image\" \/>\n<meta name=\"twitter:label1\" content=\"Ber\u00e4knad l\u00e4stid\" \/>\n\t<meta name=\"twitter:data1\" content=\"1 minut\" \/>\n<script type=\"application\/ld+json\" class=\"yoast-schema-graph\">{\"@context\":\"https:\/\/schema.org\",\"@graph\":[{\"@type\":\"WebPage\",\"@id\":\"https:\/\/betavivo.com\/se\/om-betavivo\/\",\"url\":\"https:\/\/betavivo.com\/se\/om-betavivo\/\",\"name\":\"Om Betavivo - Betavivo\",\"isPartOf\":{\"@id\":\"https:\/\/betavivo.com\/se\/#website\"},\"datePublished\":\"2022-07-07T06:23:14+00:00\",\"dateModified\":\"2024-10-23T07:46:18+00:00\",\"description\":\"Betavivo havreflingor inneh\u00e5ller betaglukan fr\u00e5n havre, som har visats s\u00e4nka blodkolesterol. 3 g betaglukan fr\u00e5n havre (inneh\u00e5llet i en portion Betavivo havreflingor) \u00e4r den dagliga m\u00e4ngd som kr\u00e4vs f\u00f6r att s\u00e4nka kolesterol.\",\"breadcrumb\":{\"@id\":\"https:\/\/betavivo.com\/se\/om-betavivo\/#breadcrumb\"},\"inLanguage\":\"sv-SE\",\"potentialAction\":[{\"@type\":\"ReadAction\",\"target\":[\"https:\/\/betavivo.com\/se\/om-betavivo\/\"]}]},{\"@type\":\"BreadcrumbList\",\"@id\":\"https:\/\/betavivo.com\/se\/om-betavivo\/#breadcrumb\",\"itemListElement\":[{\"@type\":\"ListItem\",\"position\":1,\"name\":\"Home\",\"item\":\"https:\/\/betavivo.com\/se\/\"},{\"@type\":\"ListItem\",\"position\":2,\"name\":\"Om Betavivo\"}]},{\"@type\":\"WebSite\",\"@id\":\"https:\/\/betavivo.com\/se\/#website\",\"url\":\"https:\/\/betavivo.com\/se\/\",\"name\":\"Betavivo\",\"description\":\"\",\"publisher\":{\"@id\":\"https:\/\/betavivo.com\/se\/#organization\"},\"potentialAction\":[{\"@type\":\"SearchAction\",\"target\":{\"@type\":\"EntryPoint\",\"urlTemplate\":\"https:\/\/betavivo.com\/se\/?s={search_term_string}\"},\"query-input\":{\"@type\":\"PropertyValueSpecification\",\"valueRequired\":true,\"valueName\":\"search_term_string\"}}],\"inLanguage\":\"sv-SE\"},{\"@type\":\"Organization\",\"@id\":\"https:\/\/betavivo.com\/se\/#organization\",\"name\":\"Betavivo\",\"url\":\"https:\/\/betavivo.com\/se\/\",\"logo\":{\"@type\":\"ImageObject\",\"inLanguage\":\"sv-SE\",\"@id\":\"https:\/\/betavivo.com\/se\/#\/schema\/logo\/image\/\",\"url\":\"https:\/\/betavivo.com\/app\/uploads\/sites\/2\/2022\/07\/betavivo-logo.png\",\"contentUrl\":\"https:\/\/betavivo.com\/app\/uploads\/sites\/2\/2022\/07\/betavivo-logo.png\",\"width\":164,\"height\":24,\"caption\":\"Betavivo\"},\"image\":{\"@id\":\"https:\/\/betavivo.com\/se\/#\/schema\/logo\/image\/\"}}]}<\/script>\n<!-- \/ Yoast SEO plugin. -->","yoast_head_json":{"title":"Om Betavivo - Betavivo","description":"Betavivo havreflingor inneh\u00e5ller betaglukan fr\u00e5n havre, som har visats s\u00e4nka blodkolesterol. 3 g betaglukan fr\u00e5n havre (inneh\u00e5llet i en portion Betavivo havreflingor) \u00e4r den dagliga m\u00e4ngd som kr\u00e4vs f\u00f6r att s\u00e4nka kolesterol.","robots":{"index":"index","follow":"follow","max-snippet":"max-snippet:-1","max-image-preview":"max-image-preview:large","max-video-preview":"max-video-preview:-1"},"canonical":"https:\/\/betavivo.com\/se\/om-betavivo\/","og_locale":"sv_SE","og_type":"article","og_title":"Om Betavivo - Betavivo","og_description":"Betavivo havreflingor inneh\u00e5ller betaglukan fr\u00e5n havre, som har visats s\u00e4nka blodkolesterol. 3 g betaglukan fr\u00e5n havre (inneh\u00e5llet i en portion Betavivo havreflingor) \u00e4r den dagliga m\u00e4ngd som kr\u00e4vs f\u00f6r att s\u00e4nka kolesterol.","og_url":"https:\/\/betavivo.com\/se\/om-betavivo\/","og_site_name":"Betavivo","article_modified_time":"2024-10-23T07:46:18+00:00","twitter_card":"summary_large_image","twitter_misc":{"Ber\u00e4knad l\u00e4stid":"1 minut"},"schema":{"@context":"https:\/\/schema.org","@graph":[{"@type":"WebPage","@id":"https:\/\/betavivo.com\/se\/om-betavivo\/","url":"https:\/\/betavivo.com\/se\/om-betavivo\/","name":"Om Betavivo - Betavivo","isPartOf":{"@id":"https:\/\/betavivo.com\/se\/#website"},"datePublished":"2022-07-07T06:23:14+00:00","dateModified":"2024-10-23T07:46:18+00:00","description":"Betavivo havreflingor inneh\u00e5ller betaglukan fr\u00e5n havre, som har visats s\u00e4nka blodkolesterol. 3 g betaglukan fr\u00e5n havre (inneh\u00e5llet i en portion Betavivo havreflingor) \u00e4r den dagliga m\u00e4ngd som kr\u00e4vs f\u00f6r att s\u00e4nka kolesterol.","breadcrumb":{"@id":"https:\/\/betavivo.com\/se\/om-betavivo\/#breadcrumb"},"inLanguage":"sv-SE","potentialAction":[{"@type":"ReadAction","target":["https:\/\/betavivo.com\/se\/om-betavivo\/"]}]},{"@type":"BreadcrumbList","@id":"https:\/\/betavivo.com\/se\/om-betavivo\/#breadcrumb","itemListElement":[{"@type":"ListItem","position":1,"name":"Home","item":"https:\/\/betavivo.com\/se\/"},{"@type":"ListItem","position":2,"name":"Om Betavivo"}]},{"@type":"WebSite","@id":"https:\/\/betavivo.com\/se\/#website","url":"https:\/\/betavivo.com\/se\/","name":"Betavivo","description":"","publisher":{"@id":"https:\/\/betavivo.com\/se\/#organization"},"potentialAction":[{"@type":"SearchAction","target":{"@type":"EntryPoint","urlTemplate":"https:\/\/betavivo.com\/se\/?s={search_term_string}"},"query-input":{"@type":"PropertyValueSpecification","valueRequired":true,"valueName":"search_term_string"}}],"inLanguage":"sv-SE"},{"@type":"Organization","@id":"https:\/\/betavivo.com\/se\/#organization","name":"Betavivo","url":"https:\/\/betavivo.com\/se\/","logo":{"@type":"ImageObject","inLanguage":"sv-SE","@id":"https:\/\/betavivo.com\/se\/#\/schema\/logo\/image\/","url":"https:\/\/betavivo.com\/app\/uploads\/sites\/2\/2022\/07\/betavivo-logo.png","contentUrl":"https:\/\/betavivo.com\/app\/uploads\/sites\/2\/2022\/07\/betavivo-logo.png","width":164,"height":24,"caption":"Betavivo"},"image":{"@id":"https:\/\/betavivo.com\/se\/#\/schema\/logo\/image\/"}}]}},"_links":{"self":[{"href":"https:\/\/betavivo.com\/se\/wp-json\/wp\/v2\/pages\/61","targetHints":{"allow":["GET"]}}],"collection":[{"href":"https:\/\/betavivo.com\/se\/wp-json\/wp\/v2\/pages"}],"about":[{"href":"https:\/\/betavivo.com\/se\/wp-json\/wp\/v2\/types\/page"}],"author":[{"embeddable":true,"href":"https:\/\/betavivo.com\/se\/wp-json\/wp\/v2\/users\/3"}],"replies":[{"embeddable":true,"href":"https:\/\/betavivo.com\/se\/wp-json\/wp\/v2\/comments?post=61"}],"version-history":[{"count":5,"href":"https:\/\/betavivo.com\/se\/wp-json\/wp\/v2\/pages\/61\/revisions"}],"predecessor-version":[{"id":484,"href":"https:\/\/betavivo.com\/se\/wp-json\/wp\/v2\/pages\/61\/revisions\/484"}],"wp:attachment":[{"href":"https:\/\/betavivo.com\/se\/wp-json\/wp\/v2\/media?parent=61"}],"wp:term":[{"taxonomy":"from-article-database","embeddable":true,"href":"https:\/\/betavivo.com\/se\/wp-json\/wp\/v2\/from-article-database?post=61"}],"curies":[{"name":"wp","href":"https:\/\/api.w.org\/{rel}","templated":true}]}}