{"id":5,"date":"2022-07-06T14:47:39","date_gmt":"2022-07-06T12:47:39","guid":{"rendered":"https:\/\/betavivo.com\/se\/?page_id=5"},"modified":"2026-04-16T15:00:39","modified_gmt":"2026-04-16T13:00:39","slug":"betavivo","status":"publish","type":"page","link":"https:\/\/betavivo.com\/se\/","title":{"rendered":"Betavivo"},"content":{"rendered":"\n<div class=\"wp-block-karopharma-background-image-with-text-v2 background-image-with-text-v2 undefined content-position-right fixed-height-layout boxen\" datatest=\"root\"><div class=\"background-image-with-text-wrapper\"><picture class=\"background-image-with-text-image\"><source media=\"(max-width: 560px)\" srcset=\"https:\/\/betavivo.com\/cdn-cgi\/image\/format=auto,width=560\/app\/uploads\/sites\/2\/2026\/04\/Header-norden.jpg\"\/><source media=\"(max-width: 800px)\" srcset=\"https:\/\/betavivo.com\/cdn-cgi\/image\/format=auto,width=800\/app\/uploads\/sites\/2\/2026\/04\/Header-norden.jpg\"\/><source media=\"(max-width: 1920px)\" srcset=\"https:\/\/betavivo.com\/cdn-cgi\/image\/format=auto,width=1920\/app\/uploads\/sites\/2\/2026\/04\/Header-norden.jpg\"\/><img decoding=\"async\" width=\"2000\" height=\"850\" datatest=\"background-image\" loading=\"lazy\" class=\"object-center object-cover\" src=\"https:\/\/betavivo.com\/cdn-cgi\/image\/format=auto\/app\/uploads\/sites\/2\/2026\/04\/Header-norden.jpg\" alt=\"Header-norden\"\/><\/picture><div datatest=\"content-wrapper\" class=\"background-image-with-text-content-wrapper container max-w-medium text-alignment-left bg-box pt-large pb-large\"><div class=\"content\"><h1 datatest=\"heading\" class=\"responsive-heading\">Nya Betavivo<\/h1><p class=\"body\" datatest=\"body\"><strong>Hj\u00e4rtan har blivit krispiga flingor<\/strong><br>Lika fiberrika och med samma m\u00e4ngd betaglukan \u2013 samma goda effekt p\u00e5 ditt kolesterol och blodsocker.<\/p>\n<div class=\"wp-block-buttons is-layout-flex wp-block-buttons-is-layout-flex\">\n<div class=\"wp-block-button is-style-alternative-outlined-button\"><a class=\"wp-block-button__link wp-element-button\" href=\"https:\/\/betavivo.com\/se\/betavivo-havreflingor\/\">L\u00e4s mer<\/a><\/div>\n<\/div>\n<\/div><\/div><\/div><\/div>\n\n\n\n<section class=\"wp-block-karopharma-image-with-text image-with-text image-with-text__full-width is-style-tertiary fonten\"><div class=\"image-with-text-container \"><div class=\"image-with-text-container-image-container\"><img decoding=\"async\" loading=\"lazy\" src=\"https:\/\/betavivo.com\/cdn-cgi\/image\/format=auto\/app\/uploads\/sites\/2\/2026\/04\/betavivo-2-start-1.jpg\" alt=\"\"\/><\/div><div class=\"image-with-text-container-content\" style=\"text-align:left\" data-test=\"content\"><div class=\"content\"><h2>Betavivo havreflingor<\/h2><p class=\"body\" data-test=\"body\">N\u00e4stan 6 av 10 har f\u00f6rh\u00f6jt kolesterolv\u00e4rde. Det kan bero p\u00e5 b\u00e5de livsstil, kost och \u00e4rftliga faktorer. Betavivos krispiga havreflingor med betaglukan hj\u00e4lper dig att s\u00e4nka kolesterolhalten i blodet p\u00e5 ett effektivt s\u00e4tt.<\/p>\n<div class=\"wp-block-buttons is-layout-flex wp-block-buttons-is-layout-flex\">\n<div class=\"wp-block-button\"><a class=\"wp-block-button__link wp-element-button\" href=\"https:\/\/betavivo.com\/se\/betavivo-havreflingor\/\">L\u00e4s mer<\/a><\/div>\n<\/div>\n<\/div><\/div><\/div><\/section>\n\n\n\n<div class=\"wp-block-karopharma-free-text pt-small pb-small bg-center bg-cover bg-no-repeat  is-style-secondary\" style=\"background-image:url()\"><div class=\"free-text-wrapper container max-w-medium text-left\">\n<h2 class=\"wp-block-heading\"><\/h2>\n<\/div><\/div>\n\n\n\n<div class=\"wp-block-karopharma-several-images-with-text several-images-with-text is-style-secondary\"><div class=\"container large col-1 content-align-center\" test-data=\"inner-content\">\n<section class=\"wp-block-karopharma-image-with-text image-with-text image-with-text__full-width\"><div class=\"image-with-text-container \"><div class=\"image-with-text-container-image-container\"><img decoding=\"async\" loading=\"lazy\" src=\"https:\/\/betavivo.com\/cdn-cgi\/image\/format=auto\/app\/uploads\/sites\/2\/2026\/04\/betavivo-havreflak-square.jpg\" alt=\"betavivo-havreflak-square\"\/><\/div><div class=\"image-with-text-container-content\" style=\"text-align:left\" data-test=\"content\"><div class=\"content\"><p class=\"body\" data-test=\"body\">Havreflingor<\/p>\n<div class=\"wp-block-buttons is-layout-flex wp-block-buttons-is-layout-flex\">\n<div class=\"wp-block-button is-style-secondary-button\"><a class=\"wp-block-button__link wp-element-button\" href=\"https:\/\/betavivo.com\/se\/betavivo-havreflingor\/\">L\u00e4s mer<\/a><\/div>\n<\/div>\n<\/div><\/div><\/div><\/section>\n\n\n\n<section class=\"wp-block-karopharma-image-with-text image-with-text image-with-text__full-width\"><div class=\"image-with-text-container \"><div class=\"image-with-text-container-image-container\"><img decoding=\"async\" loading=\"lazy\" src=\"https:\/\/betavivo.com\/cdn-cgi\/image\/format=auto\/app\/uploads\/sites\/2\/2022\/07\/questions-and-answers_square.jpeg\" alt=\"Fr\u00e5gor och svar\"\/><\/div><div class=\"image-with-text-container-content\" style=\"text-align:center\" data-test=\"content\"><div class=\"content\"><p class=\"body\" data-test=\"body\">Fr\u00e5gor och svar<\/p>\n<div class=\"wp-block-buttons is-layout-flex wp-block-buttons-is-layout-flex\">\n<div class=\"wp-block-button is-style-secondary-button\"><a class=\"wp-block-button__link wp-element-button\" href=\"https:\/\/betavivo.com\/se\/fragor-svar\/\">L\u00e4s mer<\/a><\/div>\n<\/div>\n<\/div><\/div><\/div><\/section>\n\n\n\n<section class=\"wp-block-karopharma-image-with-text image-with-text image-with-text__full-width\"><div class=\"image-with-text-container \"><div class=\"image-with-text-container-image-container\"><img decoding=\"async\" loading=\"lazy\" src=\"https:\/\/betavivo.com\/cdn-cgi\/image\/format=auto\/app\/uploads\/sites\/2\/2022\/07\/high-blood-glucose_square.jpeg\" alt=\"H\u00f6gt blodsocker\"\/><\/div><div class=\"image-with-text-container-content\" style=\"text-align:left\" data-test=\"content\"><div class=\"content\"><p class=\"body\" data-test=\"body\">H\u00f6gt blodsocker<\/p>\n<div class=\"wp-block-buttons is-layout-flex wp-block-buttons-is-layout-flex\">\n<div class=\"wp-block-button is-style-secondary-button\"><a class=\"wp-block-button__link wp-element-button\" href=\"https:\/\/betavivo.com\/se\/kolesterol-blodsocker\/blodsocker\/\">L\u00e4s mer<\/a><\/div>\n<\/div>\n<\/div><\/div><\/div><\/section>\n\n\n\n<section class=\"wp-block-karopharma-image-with-text image-with-text image-with-text__full-width\"><div class=\"image-with-text-container \"><div class=\"image-with-text-container-image-container\"><img decoding=\"async\" loading=\"lazy\" src=\"https:\/\/betavivo.com\/cdn-cgi\/image\/format=auto\/app\/uploads\/sites\/2\/2022\/07\/cholesterol-and-diet_square.jpeg\" alt=\"Kolesterol och diet\"\/><\/div><div class=\"image-with-text-container-content\" style=\"text-align:left\" data-test=\"content\"><div class=\"content\"><p class=\"body\" data-test=\"body\">Kolesterol och diet<\/p>\n<div class=\"wp-block-buttons is-layout-flex wp-block-buttons-is-layout-flex\">\n<div class=\"wp-block-button is-style-secondary-button\"><a class=\"wp-block-button__link wp-element-button\" href=\"https:\/\/betavivo.com\/se\/kolesterol-blodsocker\/kolesterol\/\">L\u00e4s mer<\/a><\/div>\n<\/div>\n<\/div><\/div><\/div><\/section>\n<\/div><\/div>\n\n\n\n<div class=\"wp-block-karopharma-free-text pt-small pb-none bg-center bg-cover bg-no-repeat  is-style-secondary\" style=\"background-image:url()\"><div class=\"free-text-wrapper container max-w-medium text-left\">\n<h2 class=\"wp-block-heading\"><\/h2>\n<\/div><\/div>\n","protected":false},"excerpt":{"rendered":"","protected":false},"author":3,"featured_media":0,"parent":0,"menu_order":0,"comment_status":"closed","ping_status":"closed","template":"","meta":{"_acf_changed":false,"footnotes":""},"from-article-database":[],"class_list":["post-5","page","type-page","status-publish","hentry"],"acf":[],"yoast_head":"<!-- This site is optimized with the Yoast SEO plugin v26.6 - https:\/\/yoast.com\/wordpress\/plugins\/seo\/ -->\n<title>Betavivo - Betavivo<\/title>\n<meta name=\"description\" content=\"Ungef\u00e4r sex av tio vuxna har f\u00f6rh\u00f6jda kolesterolniv\u00e5er i blodet. Det beror p\u00e5 livsstil, kost och ibland \u00e4rftliga faktorer. Betavivo hj\u00e4lper dig s\u00e4nka kolesterolhalten i blodet p\u00e5 ett naturligt och effektivt s\u00e4tt.\" \/>\n<meta name=\"robots\" content=\"index, follow, max-snippet:-1, max-image-preview:large, max-video-preview:-1\" \/>\n<link rel=\"canonical\" href=\"https:\/\/betavivo.com\/se\/\" \/>\n<meta property=\"og:locale\" content=\"sv_SE\" \/>\n<meta property=\"og:type\" content=\"article\" \/>\n<meta property=\"og:title\" content=\"Betavivo - Betavivo\" \/>\n<meta property=\"og:description\" content=\"Ungef\u00e4r sex av tio vuxna har f\u00f6rh\u00f6jda kolesterolniv\u00e5er i blodet. Det beror p\u00e5 livsstil, kost och ibland \u00e4rftliga faktorer. Betavivo hj\u00e4lper dig s\u00e4nka kolesterolhalten i blodet p\u00e5 ett naturligt och effektivt s\u00e4tt.\" \/>\n<meta property=\"og:url\" content=\"https:\/\/betavivo.com\/se\/\" \/>\n<meta property=\"og:site_name\" content=\"Betavivo\" \/>\n<meta property=\"article:modified_time\" content=\"2026-04-16T13:00:39+00:00\" \/>\n<meta property=\"og:image\" content=\"https:\/\/betavivo.com\/cdn-cgi\/image\/format=auto\/app\/uploads\/sites\/2\/2026\/04\/Header-norden.jpg\" \/>\n<meta name=\"twitter:card\" content=\"summary_large_image\" \/>\n<meta name=\"twitter:label1\" content=\"Ber\u00e4knad l\u00e4stid\" \/>\n\t<meta name=\"twitter:data1\" content=\"2 minuter\" \/>\n<script type=\"application\/ld+json\" class=\"yoast-schema-graph\">{\"@context\":\"https:\/\/schema.org\",\"@graph\":[{\"@type\":\"WebPage\",\"@id\":\"https:\/\/betavivo.com\/se\/\",\"url\":\"https:\/\/betavivo.com\/se\/\",\"name\":\"Betavivo - Betavivo\",\"isPartOf\":{\"@id\":\"https:\/\/betavivo.com\/se\/#website\"},\"primaryImageOfPage\":{\"@id\":\"https:\/\/betavivo.com\/se\/#primaryimage\"},\"image\":{\"@id\":\"https:\/\/betavivo.com\/se\/#primaryimage\"},\"thumbnailUrl\":\"https:\/\/betavivo.com\/cdn-cgi\/image\/format=auto\/app\/uploads\/sites\/2\/2026\/04\/Header-norden.jpg\",\"datePublished\":\"2022-07-06T12:47:39+00:00\",\"dateModified\":\"2026-04-16T13:00:39+00:00\",\"description\":\"Ungef\u00e4r sex av tio vuxna har f\u00f6rh\u00f6jda kolesterolniv\u00e5er i blodet. Det beror p\u00e5 livsstil, kost och ibland \u00e4rftliga faktorer. Betavivo hj\u00e4lper dig s\u00e4nka kolesterolhalten i blodet p\u00e5 ett naturligt och effektivt s\u00e4tt.\",\"breadcrumb\":{\"@id\":\"https:\/\/betavivo.com\/se\/#breadcrumb\"},\"inLanguage\":\"sv-SE\",\"potentialAction\":[{\"@type\":\"ReadAction\",\"target\":[\"https:\/\/betavivo.com\/se\/\"]}]},{\"@type\":\"ImageObject\",\"inLanguage\":\"sv-SE\",\"@id\":\"https:\/\/betavivo.com\/se\/#primaryimage\",\"url\":\"https:\/\/betavivo.com\/cdn-cgi\/image\/format=auto\/app\/uploads\/sites\/2\/2026\/04\/Header-norden.jpg\",\"contentUrl\":\"https:\/\/betavivo.com\/cdn-cgi\/image\/format=auto\/app\/uploads\/sites\/2\/2026\/04\/Header-norden.jpg\"},{\"@type\":\"BreadcrumbList\",\"@id\":\"https:\/\/betavivo.com\/se\/#breadcrumb\",\"itemListElement\":[{\"@type\":\"ListItem\",\"position\":1,\"name\":\"Home\",\"item\":\"https:\/\/betavivo.com\/se\/\"},{\"@type\":\"ListItem\",\"position\":2,\"name\":\"Betavivo\"}]},{\"@type\":\"WebSite\",\"@id\":\"https:\/\/betavivo.com\/se\/#website\",\"url\":\"https:\/\/betavivo.com\/se\/\",\"name\":\"Betavivo\",\"description\":\"\",\"publisher\":{\"@id\":\"https:\/\/betavivo.com\/se\/#organization\"},\"potentialAction\":[{\"@type\":\"SearchAction\",\"target\":{\"@type\":\"EntryPoint\",\"urlTemplate\":\"https:\/\/betavivo.com\/se\/?s={search_term_string}\"},\"query-input\":{\"@type\":\"PropertyValueSpecification\",\"valueRequired\":true,\"valueName\":\"search_term_string\"}}],\"inLanguage\":\"sv-SE\"},{\"@type\":\"Organization\",\"@id\":\"https:\/\/betavivo.com\/se\/#organization\",\"name\":\"Betavivo\",\"url\":\"https:\/\/betavivo.com\/se\/\",\"logo\":{\"@type\":\"ImageObject\",\"inLanguage\":\"sv-SE\",\"@id\":\"https:\/\/betavivo.com\/se\/#\/schema\/logo\/image\/\",\"url\":\"https:\/\/betavivo.com\/app\/uploads\/sites\/2\/2022\/07\/betavivo-logo.png\",\"contentUrl\":\"https:\/\/betavivo.com\/app\/uploads\/sites\/2\/2022\/07\/betavivo-logo.png\",\"width\":164,\"height\":24,\"caption\":\"Betavivo\"},\"image\":{\"@id\":\"https:\/\/betavivo.com\/se\/#\/schema\/logo\/image\/\"}}]}<\/script>\n<!-- \/ Yoast SEO plugin. -->","yoast_head_json":{"title":"Betavivo - Betavivo","description":"Ungef\u00e4r sex av tio vuxna har f\u00f6rh\u00f6jda kolesterolniv\u00e5er i blodet. Det beror p\u00e5 livsstil, kost och ibland \u00e4rftliga faktorer. Betavivo hj\u00e4lper dig s\u00e4nka kolesterolhalten i blodet p\u00e5 ett naturligt och effektivt s\u00e4tt.","robots":{"index":"index","follow":"follow","max-snippet":"max-snippet:-1","max-image-preview":"max-image-preview:large","max-video-preview":"max-video-preview:-1"},"canonical":"https:\/\/betavivo.com\/se\/","og_locale":"sv_SE","og_type":"article","og_title":"Betavivo - Betavivo","og_description":"Ungef\u00e4r sex av tio vuxna har f\u00f6rh\u00f6jda kolesterolniv\u00e5er i blodet. Det beror p\u00e5 livsstil, kost och ibland \u00e4rftliga faktorer. Betavivo hj\u00e4lper dig s\u00e4nka kolesterolhalten i blodet p\u00e5 ett naturligt och effektivt s\u00e4tt.","og_url":"https:\/\/betavivo.com\/se\/","og_site_name":"Betavivo","article_modified_time":"2026-04-16T13:00:39+00:00","og_image":[{"url":"https:\/\/betavivo.com\/cdn-cgi\/image\/format=auto\/app\/uploads\/sites\/2\/2026\/04\/Header-norden.jpg","type":"","width":"","height":""}],"twitter_card":"summary_large_image","twitter_misc":{"Ber\u00e4knad l\u00e4stid":"2 minuter"},"schema":{"@context":"https:\/\/schema.org","@graph":[{"@type":"WebPage","@id":"https:\/\/betavivo.com\/se\/","url":"https:\/\/betavivo.com\/se\/","name":"Betavivo - Betavivo","isPartOf":{"@id":"https:\/\/betavivo.com\/se\/#website"},"primaryImageOfPage":{"@id":"https:\/\/betavivo.com\/se\/#primaryimage"},"image":{"@id":"https:\/\/betavivo.com\/se\/#primaryimage"},"thumbnailUrl":"https:\/\/betavivo.com\/cdn-cgi\/image\/format=auto\/app\/uploads\/sites\/2\/2026\/04\/Header-norden.jpg","datePublished":"2022-07-06T12:47:39+00:00","dateModified":"2026-04-16T13:00:39+00:00","description":"Ungef\u00e4r sex av tio vuxna har f\u00f6rh\u00f6jda kolesterolniv\u00e5er i blodet. Det beror p\u00e5 livsstil, kost och ibland \u00e4rftliga faktorer. Betavivo hj\u00e4lper dig s\u00e4nka kolesterolhalten i blodet p\u00e5 ett naturligt och effektivt s\u00e4tt.","breadcrumb":{"@id":"https:\/\/betavivo.com\/se\/#breadcrumb"},"inLanguage":"sv-SE","potentialAction":[{"@type":"ReadAction","target":["https:\/\/betavivo.com\/se\/"]}]},{"@type":"ImageObject","inLanguage":"sv-SE","@id":"https:\/\/betavivo.com\/se\/#primaryimage","url":"https:\/\/betavivo.com\/cdn-cgi\/image\/format=auto\/app\/uploads\/sites\/2\/2026\/04\/Header-norden.jpg","contentUrl":"https:\/\/betavivo.com\/cdn-cgi\/image\/format=auto\/app\/uploads\/sites\/2\/2026\/04\/Header-norden.jpg"},{"@type":"BreadcrumbList","@id":"https:\/\/betavivo.com\/se\/#breadcrumb","itemListElement":[{"@type":"ListItem","position":1,"name":"Home","item":"https:\/\/betavivo.com\/se\/"},{"@type":"ListItem","position":2,"name":"Betavivo"}]},{"@type":"WebSite","@id":"https:\/\/betavivo.com\/se\/#website","url":"https:\/\/betavivo.com\/se\/","name":"Betavivo","description":"","publisher":{"@id":"https:\/\/betavivo.com\/se\/#organization"},"potentialAction":[{"@type":"SearchAction","target":{"@type":"EntryPoint","urlTemplate":"https:\/\/betavivo.com\/se\/?s={search_term_string}"},"query-input":{"@type":"PropertyValueSpecification","valueRequired":true,"valueName":"search_term_string"}}],"inLanguage":"sv-SE"},{"@type":"Organization","@id":"https:\/\/betavivo.com\/se\/#organization","name":"Betavivo","url":"https:\/\/betavivo.com\/se\/","logo":{"@type":"ImageObject","inLanguage":"sv-SE","@id":"https:\/\/betavivo.com\/se\/#\/schema\/logo\/image\/","url":"https:\/\/betavivo.com\/app\/uploads\/sites\/2\/2022\/07\/betavivo-logo.png","contentUrl":"https:\/\/betavivo.com\/app\/uploads\/sites\/2\/2022\/07\/betavivo-logo.png","width":164,"height":24,"caption":"Betavivo"},"image":{"@id":"https:\/\/betavivo.com\/se\/#\/schema\/logo\/image\/"}}]}},"_links":{"self":[{"href":"https:\/\/betavivo.com\/se\/wp-json\/wp\/v2\/pages\/5","targetHints":{"allow":["GET"]}}],"collection":[{"href":"https:\/\/betavivo.com\/se\/wp-json\/wp\/v2\/pages"}],"about":[{"href":"https:\/\/betavivo.com\/se\/wp-json\/wp\/v2\/types\/page"}],"author":[{"embeddable":true,"href":"https:\/\/betavivo.com\/se\/wp-json\/wp\/v2\/users\/3"}],"replies":[{"embeddable":true,"href":"https:\/\/betavivo.com\/se\/wp-json\/wp\/v2\/comments?post=5"}],"version-history":[{"count":10,"href":"https:\/\/betavivo.com\/se\/wp-json\/wp\/v2\/pages\/5\/revisions"}],"predecessor-version":[{"id":709,"href":"https:\/\/betavivo.com\/se\/wp-json\/wp\/v2\/pages\/5\/revisions\/709"}],"wp:attachment":[{"href":"https:\/\/betavivo.com\/se\/wp-json\/wp\/v2\/media?parent=5"}],"wp:term":[{"taxonomy":"from-article-database","embeddable":true,"href":"https:\/\/betavivo.com\/se\/wp-json\/wp\/v2\/from-article-database?post=5"}],"curies":[{"name":"wp","href":"https:\/\/api.w.org\/{rel}","templated":true}]}}