{"id":457,"date":"2023-01-13T13:43:46","date_gmt":"2023-01-13T12:43:46","guid":{"rendered":"https:\/\/betavivo.com\/se\/?page_id=457"},"modified":"2024-10-23T09:46:18","modified_gmt":"2024-10-23T07:46:18","slug":"yoghurt-med-appelkompott","status":"publish","type":"page","link":"https:\/\/betavivo.com\/se\/recept\/yoghurt-med-appelkompott\/","title":{"rendered":"Yoghurt med \u00e4ppelkompott"},"content":{"rendered":"\n<div class=\"wp-block-karopharma-free-text pt-medium pb-medium bg-center bg-cover bg-no-repeat  is-style-secondary\" style=\"background-image:url()\"><div class=\"free-text-wrapper container max-w-medium text-left\">\n<h1 class=\"wp-block-heading\">Yoghurt med \u00e4ppelkompott<\/h1>\n\n\n\n<p class=\"is-style-paragraph-preamble\">recept av kocken Alexandra Zazzi<\/p>\n<\/div><\/div>\n\n\n\n<section class=\"wp-block-karopharma-image-with-text image-with-text image-with-text__not-full-width\"><div class=\"image-with-text-container \"><div class=\"image-with-text-container-image-container\"><img decoding=\"async\" loading=\"lazy\" src=\"https:\/\/betavivo.com\/cdn-cgi\/image\/format=auto\/app\/uploads\/sites\/2\/2023\/01\/yoghurt-med-appelkompott.jpg\" alt=\"Yoghurt med \u00e4ppelkompott \"\/><\/div><div class=\"image-with-text-container-content\" style=\"text-align:left\" data-test=\"content\"><div class=\"content\"><h2>Ingredienser till en portion<\/h2><p class=\"body\" data-test=\"body\">1 dl yoghurt, grekisk eller turkisk<br>0,9 dl Betavivo<br><br><strong>Kompott 3-4 portioner:<br><\/strong><br>2 \u00e4pplen, krispiga tex Aroma<br>1 msk socker<br>2-3 msk vatten<br>1 krm hel kardemumma<br>saften fr\u00e5n 0,5 citron<br><br><em>P\u00e5 bilden syns Betavivo Havrehj\u00e4rtan. Receptet g\u00e5r lika bra att g\u00f6ra med nya Betavivo Havreflingor.<\/em><\/p>\n<div class=\"wp-block-buttons is-layout-flex wp-block-buttons-is-layout-flex\"><\/div>\n<\/div><\/div><\/div><\/section>\n\n\n\n<section class=\"wp-block-karopharma-image-with-text image-with-text image-with-text__not-full-width\"><div class=\"image-with-text-container image-with-text-container__align-right\"><div class=\"image-with-text-container-image-container\"><img decoding=\"async\" loading=\"lazy\" src=\"https:\/\/betavivo.com\/cdn-cgi\/image\/format=auto\/app\/uploads\/sites\/2\/2022\/09\/alexandra.jpg\" alt=\"Alexandra Zazzi\"\/><\/div><div class=\"image-with-text-container-content\" style=\"text-align:left\" data-test=\"content\"><div class=\"content\"><h2>G\u00f6r g\u00e4rna s\u00e5 h\u00e4r:<\/h2><p class=\"body\" data-test=\"body\">Kompott: sk\u00f6lj och k\u00e4rna ur \u00e4pplena, t\u00e4rna grovt. L\u00e4gg i en kastrull med vatten, kardemumma och socker och sjud 5-10 minuter. R\u00f6r i citron och l\u00e5t svalna. <br><br>F\u00f6rvara i kyl upp till tio dagar eller frys in.<br><br><strong>Vid servering:<\/strong><br>L\u00e4gg upp yoghurt eller fil p\u00e5 en tallrik. Klicka p\u00e5 valfri m\u00e4ngd kompott. Str\u00f6ssla \u00f6ver dagens m\u00e5tt Betavivo och njut.<br><br>1 portion: ca 350 kcal.<\/p>\n<div class=\"wp-block-buttons is-layout-flex wp-block-buttons-is-layout-flex\"><\/div>\n<\/div><\/div><\/div><\/section>\n","protected":false},"excerpt":{"rendered":"","protected":false},"author":3,"featured_media":0,"parent":324,"menu_order":0,"comment_status":"closed","ping_status":"closed","template":"","meta":{"_acf_changed":false,"footnotes":""},"from-article-database":[],"class_list":["post-457","page","type-page","status-publish","hentry"],"acf":[],"yoast_head":"<!-- This site is optimized with the Yoast SEO plugin v26.6 - https:\/\/yoast.com\/wordpress\/plugins\/seo\/ -->\n<title>Yoghurt med \u00e4ppelkompott - Betavivo<\/title>\n<meta name=\"description\" content=\"Se recept p\u00e5 Yoghurt med \u00e4ppelkompott\" \/>\n<meta name=\"robots\" content=\"index, follow, max-snippet:-1, max-image-preview:large, max-video-preview:-1\" \/>\n<link rel=\"canonical\" href=\"https:\/\/betavivo.com\/se\/recept\/yoghurt-med-appelkompott\/\" \/>\n<meta property=\"og:locale\" content=\"sv_SE\" \/>\n<meta property=\"og:type\" content=\"article\" \/>\n<meta property=\"og:title\" content=\"Yoghurt med \u00e4ppelkompott - Betavivo\" \/>\n<meta property=\"og:description\" content=\"Se recept p\u00e5 Yoghurt med \u00e4ppelkompott\" \/>\n<meta property=\"og:url\" content=\"https:\/\/betavivo.com\/se\/recept\/yoghurt-med-appelkompott\/\" \/>\n<meta property=\"og:site_name\" content=\"Betavivo\" \/>\n<meta property=\"article:modified_time\" content=\"2024-10-23T07:46:18+00:00\" \/>\n<meta property=\"og:image\" content=\"https:\/\/betavivo.com\/cdn-cgi\/image\/format=auto\/app\/uploads\/sites\/2\/2023\/01\/yoghurt-med-appelkompott.jpg\" \/>\n<meta name=\"twitter:card\" content=\"summary_large_image\" \/>\n<meta name=\"twitter:label1\" content=\"Ber\u00e4knad l\u00e4stid\" \/>\n\t<meta name=\"twitter:data1\" content=\"2 minuter\" \/>\n<script type=\"application\/ld+json\" class=\"yoast-schema-graph\">{\"@context\":\"https:\/\/schema.org\",\"@graph\":[{\"@type\":\"WebPage\",\"@id\":\"https:\/\/betavivo.com\/se\/recept\/yoghurt-med-appelkompott\/\",\"url\":\"https:\/\/betavivo.com\/se\/recept\/yoghurt-med-appelkompott\/\",\"name\":\"Yoghurt med \u00e4ppelkompott - Betavivo\",\"isPartOf\":{\"@id\":\"https:\/\/betavivo.com\/se\/#website\"},\"primaryImageOfPage\":{\"@id\":\"https:\/\/betavivo.com\/se\/recept\/yoghurt-med-appelkompott\/#primaryimage\"},\"image\":{\"@id\":\"https:\/\/betavivo.com\/se\/recept\/yoghurt-med-appelkompott\/#primaryimage\"},\"thumbnailUrl\":\"https:\/\/betavivo.com\/cdn-cgi\/image\/format=auto\/app\/uploads\/sites\/2\/2023\/01\/yoghurt-med-appelkompott.jpg\",\"datePublished\":\"2023-01-13T12:43:46+00:00\",\"dateModified\":\"2024-10-23T07:46:18+00:00\",\"description\":\"Se recept p\u00e5 Yoghurt med \u00e4ppelkompott\",\"breadcrumb\":{\"@id\":\"https:\/\/betavivo.com\/se\/recept\/yoghurt-med-appelkompott\/#breadcrumb\"},\"inLanguage\":\"sv-SE\",\"potentialAction\":[{\"@type\":\"ReadAction\",\"target\":[\"https:\/\/betavivo.com\/se\/recept\/yoghurt-med-appelkompott\/\"]}]},{\"@type\":\"ImageObject\",\"inLanguage\":\"sv-SE\",\"@id\":\"https:\/\/betavivo.com\/se\/recept\/yoghurt-med-appelkompott\/#primaryimage\",\"url\":\"https:\/\/betavivo.com\/cdn-cgi\/image\/format=auto\/app\/uploads\/sites\/2\/2023\/01\/yoghurt-med-appelkompott.jpg\",\"contentUrl\":\"https:\/\/betavivo.com\/cdn-cgi\/image\/format=auto\/app\/uploads\/sites\/2\/2023\/01\/yoghurt-med-appelkompott.jpg\"},{\"@type\":\"BreadcrumbList\",\"@id\":\"https:\/\/betavivo.com\/se\/recept\/yoghurt-med-appelkompott\/#breadcrumb\",\"itemListElement\":[{\"@type\":\"ListItem\",\"position\":1,\"name\":\"Home\",\"item\":\"https:\/\/betavivo.com\/se\/\"},{\"@type\":\"ListItem\",\"position\":2,\"name\":\"Recept\",\"item\":\"https:\/\/betavivo.com\/se\/recept\/\"},{\"@type\":\"ListItem\",\"position\":3,\"name\":\"Yoghurt med \u00e4ppelkompott\"}]},{\"@type\":\"WebSite\",\"@id\":\"https:\/\/betavivo.com\/se\/#website\",\"url\":\"https:\/\/betavivo.com\/se\/\",\"name\":\"Betavivo\",\"description\":\"\",\"publisher\":{\"@id\":\"https:\/\/betavivo.com\/se\/#organization\"},\"potentialAction\":[{\"@type\":\"SearchAction\",\"target\":{\"@type\":\"EntryPoint\",\"urlTemplate\":\"https:\/\/betavivo.com\/se\/?s={search_term_string}\"},\"query-input\":{\"@type\":\"PropertyValueSpecification\",\"valueRequired\":true,\"valueName\":\"search_term_string\"}}],\"inLanguage\":\"sv-SE\"},{\"@type\":\"Organization\",\"@id\":\"https:\/\/betavivo.com\/se\/#organization\",\"name\":\"Betavivo\",\"url\":\"https:\/\/betavivo.com\/se\/\",\"logo\":{\"@type\":\"ImageObject\",\"inLanguage\":\"sv-SE\",\"@id\":\"https:\/\/betavivo.com\/se\/#\/schema\/logo\/image\/\",\"url\":\"https:\/\/betavivo.com\/app\/uploads\/sites\/2\/2022\/07\/betavivo-logo.png\",\"contentUrl\":\"https:\/\/betavivo.com\/app\/uploads\/sites\/2\/2022\/07\/betavivo-logo.png\",\"width\":164,\"height\":24,\"caption\":\"Betavivo\"},\"image\":{\"@id\":\"https:\/\/betavivo.com\/se\/#\/schema\/logo\/image\/\"}}]}<\/script>\n<!-- \/ Yoast SEO plugin. -->","yoast_head_json":{"title":"Yoghurt med \u00e4ppelkompott - Betavivo","description":"Se recept p\u00e5 Yoghurt med \u00e4ppelkompott","robots":{"index":"index","follow":"follow","max-snippet":"max-snippet:-1","max-image-preview":"max-image-preview:large","max-video-preview":"max-video-preview:-1"},"canonical":"https:\/\/betavivo.com\/se\/recept\/yoghurt-med-appelkompott\/","og_locale":"sv_SE","og_type":"article","og_title":"Yoghurt med \u00e4ppelkompott - Betavivo","og_description":"Se recept p\u00e5 Yoghurt med \u00e4ppelkompott","og_url":"https:\/\/betavivo.com\/se\/recept\/yoghurt-med-appelkompott\/","og_site_name":"Betavivo","article_modified_time":"2024-10-23T07:46:18+00:00","og_image":[{"url":"https:\/\/betavivo.com\/cdn-cgi\/image\/format=auto\/app\/uploads\/sites\/2\/2023\/01\/yoghurt-med-appelkompott.jpg","type":"","width":"","height":""}],"twitter_card":"summary_large_image","twitter_misc":{"Ber\u00e4knad l\u00e4stid":"2 minuter"},"schema":{"@context":"https:\/\/schema.org","@graph":[{"@type":"WebPage","@id":"https:\/\/betavivo.com\/se\/recept\/yoghurt-med-appelkompott\/","url":"https:\/\/betavivo.com\/se\/recept\/yoghurt-med-appelkompott\/","name":"Yoghurt med \u00e4ppelkompott - Betavivo","isPartOf":{"@id":"https:\/\/betavivo.com\/se\/#website"},"primaryImageOfPage":{"@id":"https:\/\/betavivo.com\/se\/recept\/yoghurt-med-appelkompott\/#primaryimage"},"image":{"@id":"https:\/\/betavivo.com\/se\/recept\/yoghurt-med-appelkompott\/#primaryimage"},"thumbnailUrl":"https:\/\/betavivo.com\/cdn-cgi\/image\/format=auto\/app\/uploads\/sites\/2\/2023\/01\/yoghurt-med-appelkompott.jpg","datePublished":"2023-01-13T12:43:46+00:00","dateModified":"2024-10-23T07:46:18+00:00","description":"Se recept p\u00e5 Yoghurt med \u00e4ppelkompott","breadcrumb":{"@id":"https:\/\/betavivo.com\/se\/recept\/yoghurt-med-appelkompott\/#breadcrumb"},"inLanguage":"sv-SE","potentialAction":[{"@type":"ReadAction","target":["https:\/\/betavivo.com\/se\/recept\/yoghurt-med-appelkompott\/"]}]},{"@type":"ImageObject","inLanguage":"sv-SE","@id":"https:\/\/betavivo.com\/se\/recept\/yoghurt-med-appelkompott\/#primaryimage","url":"https:\/\/betavivo.com\/cdn-cgi\/image\/format=auto\/app\/uploads\/sites\/2\/2023\/01\/yoghurt-med-appelkompott.jpg","contentUrl":"https:\/\/betavivo.com\/cdn-cgi\/image\/format=auto\/app\/uploads\/sites\/2\/2023\/01\/yoghurt-med-appelkompott.jpg"},{"@type":"BreadcrumbList","@id":"https:\/\/betavivo.com\/se\/recept\/yoghurt-med-appelkompott\/#breadcrumb","itemListElement":[{"@type":"ListItem","position":1,"name":"Home","item":"https:\/\/betavivo.com\/se\/"},{"@type":"ListItem","position":2,"name":"Recept","item":"https:\/\/betavivo.com\/se\/recept\/"},{"@type":"ListItem","position":3,"name":"Yoghurt med \u00e4ppelkompott"}]},{"@type":"WebSite","@id":"https:\/\/betavivo.com\/se\/#website","url":"https:\/\/betavivo.com\/se\/","name":"Betavivo","description":"","publisher":{"@id":"https:\/\/betavivo.com\/se\/#organization"},"potentialAction":[{"@type":"SearchAction","target":{"@type":"EntryPoint","urlTemplate":"https:\/\/betavivo.com\/se\/?s={search_term_string}"},"query-input":{"@type":"PropertyValueSpecification","valueRequired":true,"valueName":"search_term_string"}}],"inLanguage":"sv-SE"},{"@type":"Organization","@id":"https:\/\/betavivo.com\/se\/#organization","name":"Betavivo","url":"https:\/\/betavivo.com\/se\/","logo":{"@type":"ImageObject","inLanguage":"sv-SE","@id":"https:\/\/betavivo.com\/se\/#\/schema\/logo\/image\/","url":"https:\/\/betavivo.com\/app\/uploads\/sites\/2\/2022\/07\/betavivo-logo.png","contentUrl":"https:\/\/betavivo.com\/app\/uploads\/sites\/2\/2022\/07\/betavivo-logo.png","width":164,"height":24,"caption":"Betavivo"},"image":{"@id":"https:\/\/betavivo.com\/se\/#\/schema\/logo\/image\/"}}]}},"_links":{"self":[{"href":"https:\/\/betavivo.com\/se\/wp-json\/wp\/v2\/pages\/457","targetHints":{"allow":["GET"]}}],"collection":[{"href":"https:\/\/betavivo.com\/se\/wp-json\/wp\/v2\/pages"}],"about":[{"href":"https:\/\/betavivo.com\/se\/wp-json\/wp\/v2\/types\/page"}],"author":[{"embeddable":true,"href":"https:\/\/betavivo.com\/se\/wp-json\/wp\/v2\/users\/3"}],"replies":[{"embeddable":true,"href":"https:\/\/betavivo.com\/se\/wp-json\/wp\/v2\/comments?post=457"}],"version-history":[{"count":3,"href":"https:\/\/betavivo.com\/se\/wp-json\/wp\/v2\/pages\/457\/revisions"}],"predecessor-version":[{"id":516,"href":"https:\/\/betavivo.com\/se\/wp-json\/wp\/v2\/pages\/457\/revisions\/516"}],"up":[{"embeddable":true,"href":"https:\/\/betavivo.com\/se\/wp-json\/wp\/v2\/pages\/324"}],"wp:attachment":[{"href":"https:\/\/betavivo.com\/se\/wp-json\/wp\/v2\/media?parent=457"}],"wp:term":[{"taxonomy":"from-article-database","embeddable":true,"href":"https:\/\/betavivo.com\/se\/wp-json\/wp\/v2\/from-article-database?post=457"}],"curies":[{"name":"wp","href":"https:\/\/api.w.org\/{rel}","templated":true}]}}