{"id":62,"date":"2022-07-12T10:10:41","date_gmt":"2022-07-12T08:10:41","guid":{"rendered":"https:\/\/betavivo.com\/no\/?post_type=product&#038;p=62"},"modified":"2026-04-16T14:23:50","modified_gmt":"2026-04-16T12:23:50","slug":"betavivo-havreflak","status":"publish","type":"product","link":"https:\/\/betavivo.com\/no\/produkt\/betavivo-havreflak\/","title":{"rendered":"Betavivo havreflak"},"content":{"rendered":"\n<div class=\"wp-block-karopharma-accordions\"><div class=\"container\">\n<details class=\"wp-block-karopharma-accordion\"><summary><h2 class=\"accordion-title\">Kolesterolniv\u00e5 &#038; Blodsukker<\/h2><\/summary><div class=\"accordion-content\">\n<p><strong>Kolesterolniv\u00e5<br><\/strong><\/p>\n\n\n\n<p>Betaglukan fra havre har vist seg \u00e5 senke blodkolesterolet. H\u00f8yt kolesterol er en risikofaktor for utvikling av hjerte- og karsykdommer. En porsjon Betavivo gir 3 g betaglukan fra havre, som er den daglige mengden som kreves for \u00e5 senke kolesterolet<\/p>\n\n\n\n<ol class=\"is-style-default wp-block-list\"><li>I forbindelse med m\u00e5ltider spiser du en porsjon Betavivo, som g\u00e5r ned spiser\u00f8ret til magesekken.<\/li><li>N\u00e5r Betavivo kommer ned i magesekken, l\u00f8ses de h\u00f8ykvalitative betaglukanene opp, og produktet danner en gel.<\/li><li>Som f\u00f8lge av dannelsen av gel kan Betavivo binde gallesyre i magen og tynntarmen, som s\u00e5 f\u00f8res ut p\u00e5 naturlig m\u00e5te. Dette f\u00f8rer til at leveren produserer ny gallesyre, og til dette brukes kolesterol som hentes fra blodoml\u00f8pet. F\u00f8lgen blir senket LDL \u2013 og totalkolesterol.<\/li><\/ol>\n\n\n\n<figure class=\"wp-block-image size-full is-resized\"><img loading=\"lazy\" decoding=\"async\" src=\"https:\/\/betavivo.com\/app\/uploads\/sites\/3\/2022\/07\/Betaglukan_Kolesterolniva.png\" alt=\"Betaglukan Kolesterolniv\u00e5\" class=\"wp-image-70\" width=\"500\" height=\"296\" srcset=\"https:\/\/betavivo.com\/app\/uploads\/sites\/3\/2022\/07\/Betaglukan_Kolesterolniva.png 1000w, https:\/\/betavivo.com\/app\/uploads\/sites\/3\/2022\/07\/Betaglukan_Kolesterolniva-320x189.png 320w, https:\/\/betavivo.com\/app\/uploads\/sites\/3\/2022\/07\/Betaglukan_Kolesterolniva-768x454.png 768w, https:\/\/betavivo.com\/app\/uploads\/sites\/3\/2022\/07\/Betaglukan_Kolesterolniva-600x355.png 600w\" sizes=\"auto, (max-width: 500px) 100vw, 500px\" \/><\/figure>\n\n\n\n<div style=\"height:100px\" aria-hidden=\"true\" class=\"wp-block-spacer is-style-responsive-small\"><\/div>\n\n\n\n<p><strong>Blodsukker<\/strong><br><\/p>\n\n\n\n<p>Inntak av betaglukan fra havre som en del av et m\u00e5ltid bidrar til \u00e5 redusere blodsukker\u00f8kningen etter m\u00e5ltider.<\/p>\n\n\n\n<ol class=\"is-style-default wp-block-list\"><li>I forbindelse med m\u00e5ltider spiser du en porsjon Betavivo, som g\u00e5r ned spiser\u00f8ret til magesekken.<\/li><li>N\u00e5r Betavivo kommer ned i magesekken, l\u00f8ses de h\u00f8ykvalitative betaglukanene opp, og produktet danner en gel.<\/li><li>Geldannelsen og produktets h\u00f8ye viskositet og molekylvekt gj\u00f8r at \u201craske\u201d karbohydrater (mat med h\u00f8y glykemisk indeks) kapsles inn.Dessuten danner betaglukanene et tynt beskyttende lag (visk\u00f8s barriere) som f\u00f8rer til at opptaket av sukker g\u00e5r langsommere. Dette f\u00f8rer til at postprandial plasmaglukose og insulinresponsen g\u00e5r ned etter m\u00e5ltider.<\/li><\/ol>\n\n\n\n<figure class=\"wp-block-image size-full is-resized\"><img loading=\"lazy\" decoding=\"async\" src=\"https:\/\/betavivo.com\/app\/uploads\/sites\/3\/2022\/07\/Betaglukan_Blodsocker.png\" alt=\"Betaglukan Blodsukker\" class=\"wp-image-69\" width=\"500\" height=\"309\" srcset=\"https:\/\/betavivo.com\/app\/uploads\/sites\/3\/2022\/07\/Betaglukan_Blodsocker.png 1000w, https:\/\/betavivo.com\/app\/uploads\/sites\/3\/2022\/07\/Betaglukan_Blodsocker-320x198.png 320w, https:\/\/betavivo.com\/app\/uploads\/sites\/3\/2022\/07\/Betaglukan_Blodsocker-768x475.png 768w, https:\/\/betavivo.com\/app\/uploads\/sites\/3\/2022\/07\/Betaglukan_Blodsocker-600x371.png 600w\" sizes=\"auto, (max-width: 500px) 100vw, 500px\" \/><\/figure>\n<\/div><\/details>\n\n\n\n<details class=\"wp-block-karopharma-accordion\"><summary><h2 class=\"accordion-title\">Ingredienser<\/h2><\/summary><div class=\"accordion-content\">\n<p>60 % havrekli med 22 % betaglukan (inneholder gluten), maismel, fruktose<\/p>\n<\/div><\/details>\n\n\n\n<details class=\"wp-block-karopharma-accordion\"><summary><h2 class=\"accordion-title\">Dosering<\/h2><\/summary><div class=\"accordion-content\">\n<figure class=\"wp-block-image size-full\"><img loading=\"lazy\" decoding=\"async\" width=\"116\" height=\"38\" src=\"https:\/\/betavivo.com\/app\/uploads\/sites\/3\/2022\/07\/havrehjartan_dosering.png\" alt=\"Doseringsinstruktion \" class=\"wp-image-71\"\/><\/figure>\n\n\n\n<p>En porsjon Betavivo havrehjerter (23 g) inneholder 3 g betaglukan fra havre, noe som er den daglige mengden som kreves for \u00e5 senke kolesterolet.<\/p>\n\n\n\n<p>Doseringsinstruksjon og hjelpem\u00e5l i papp finnes inne i forpakningen.<\/p>\n<\/div><\/details>\n<\/div><\/div>\n","protected":false},"excerpt":{"rendered":"<p>Senker kolesterolet<\/p>\n","protected":false},"featured_media":434,"comment_status":"closed","ping_status":"closed","template":"","meta":{"_acf_changed":false,"footnotes":""},"product_brand":[],"product_cat":[],"product_tag":[],"class_list":{"0":"post-62","1":"product","2":"type-product","3":"status-publish","4":"has-post-thumbnail","7":"first","8":"instock","9":"shipping-taxable","10":"product-type-simple"},"acf":[],"yoast_head":"<!-- This site is optimized with the Yoast SEO plugin v26.6 - https:\/\/yoast.com\/wordpress\/plugins\/seo\/ -->\n<title>Betavivo havreflak - Betavivo<\/title>\n<meta name=\"description\" content=\"En porsjon Betavivo havrehjerter hver dag er bevist effektiv for \u00e5 senke kolesterolet. Dens unike prosess og patenterte formel gir en h\u00f8y konsentrasjon av betaglukan.\" \/>\n<meta name=\"robots\" content=\"index, follow, max-snippet:-1, max-image-preview:large, max-video-preview:-1\" \/>\n<link rel=\"canonical\" href=\"https:\/\/betavivo.com\/no\/produkt\/betavivo-havreflak\/\" \/>\n<meta property=\"og:locale\" content=\"nb_NO\" \/>\n<meta property=\"og:type\" content=\"article\" \/>\n<meta property=\"og:title\" content=\"Betavivo havreflak - Betavivo\" \/>\n<meta property=\"og:description\" content=\"En porsjon Betavivo havrehjerter hver dag er bevist effektiv for \u00e5 senke kolesterolet. Dens unike prosess og patenterte formel gir en h\u00f8y konsentrasjon av betaglukan.\" \/>\n<meta property=\"og:url\" content=\"https:\/\/betavivo.com\/no\/produkt\/betavivo-havreflak\/\" \/>\n<meta property=\"og:site_name\" content=\"Betavivo\" \/>\n<meta property=\"article:modified_time\" content=\"2026-04-16T12:23:50+00:00\" \/>\n<meta property=\"og:image\" content=\"https:\/\/betavivo.com\/app\/uploads\/sites\/3\/2022\/07\/Betavivo_HavrehjartanOriginal_Left_2604_A01-copy.png\" \/>\n\t<meta property=\"og:image:width\" content=\"750\" \/>\n\t<meta property=\"og:image:height\" content=\"750\" \/>\n\t<meta property=\"og:image:type\" content=\"image\/png\" \/>\n<meta name=\"twitter:card\" content=\"summary_large_image\" \/>\n<meta name=\"twitter:label1\" content=\"Ansl. lesetid\" \/>\n\t<meta name=\"twitter:data1\" content=\"3 minutter\" \/>\n<script type=\"application\/ld+json\" class=\"yoast-schema-graph\">{\"@context\":\"https:\/\/schema.org\",\"@graph\":[{\"@type\":\"WebPage\",\"@id\":\"https:\/\/betavivo.com\/no\/produkt\/betavivo-havreflak\/\",\"url\":\"https:\/\/betavivo.com\/no\/produkt\/betavivo-havreflak\/\",\"name\":\"Betavivo havreflak - Betavivo\",\"isPartOf\":{\"@id\":\"https:\/\/betavivo.com\/no\/#website\"},\"primaryImageOfPage\":{\"@id\":\"https:\/\/betavivo.com\/no\/produkt\/betavivo-havreflak\/#primaryimage\"},\"image\":{\"@id\":\"https:\/\/betavivo.com\/no\/produkt\/betavivo-havreflak\/#primaryimage\"},\"thumbnailUrl\":\"https:\/\/betavivo.com\/app\/uploads\/sites\/3\/2022\/07\/Betavivo_HavrehjartanOriginal_Left_2604_A01-copy.png\",\"datePublished\":\"2022-07-12T08:10:41+00:00\",\"dateModified\":\"2026-04-16T12:23:50+00:00\",\"description\":\"En porsjon Betavivo havrehjerter hver dag er bevist effektiv for \u00e5 senke kolesterolet. Dens unike prosess og patenterte formel gir en h\u00f8y konsentrasjon av betaglukan.\",\"breadcrumb\":{\"@id\":\"https:\/\/betavivo.com\/no\/produkt\/betavivo-havreflak\/#breadcrumb\"},\"inLanguage\":\"nb-NO\",\"potentialAction\":[{\"@type\":\"ReadAction\",\"target\":[\"https:\/\/betavivo.com\/no\/produkt\/betavivo-havreflak\/\"]}]},{\"@type\":\"ImageObject\",\"inLanguage\":\"nb-NO\",\"@id\":\"https:\/\/betavivo.com\/no\/produkt\/betavivo-havreflak\/#primaryimage\",\"url\":\"https:\/\/betavivo.com\/app\/uploads\/sites\/3\/2022\/07\/Betavivo_HavrehjartanOriginal_Left_2604_A01-copy.png\",\"contentUrl\":\"https:\/\/betavivo.com\/app\/uploads\/sites\/3\/2022\/07\/Betavivo_HavrehjartanOriginal_Left_2604_A01-copy.png\",\"width\":750,\"height\":750,\"caption\":\"Betavivo Havreflak\"},{\"@type\":\"BreadcrumbList\",\"@id\":\"https:\/\/betavivo.com\/no\/produkt\/betavivo-havreflak\/#breadcrumb\",\"itemListElement\":[{\"@type\":\"ListItem\",\"position\":1,\"name\":\"Home\",\"item\":\"https:\/\/betavivo.com\/no\/\"},{\"@type\":\"ListItem\",\"position\":2,\"name\":\"Produkter\",\"item\":\"https:\/\/betavivo.com\/no\/produkter\/\"},{\"@type\":\"ListItem\",\"position\":3,\"name\":\"Betavivo havreflak\"}]},{\"@type\":\"WebSite\",\"@id\":\"https:\/\/betavivo.com\/no\/#website\",\"url\":\"https:\/\/betavivo.com\/no\/\",\"name\":\"Betavivo\",\"description\":\"\",\"publisher\":{\"@id\":\"https:\/\/betavivo.com\/no\/#organization\"},\"potentialAction\":[{\"@type\":\"SearchAction\",\"target\":{\"@type\":\"EntryPoint\",\"urlTemplate\":\"https:\/\/betavivo.com\/no\/?s={search_term_string}\"},\"query-input\":{\"@type\":\"PropertyValueSpecification\",\"valueRequired\":true,\"valueName\":\"search_term_string\"}}],\"inLanguage\":\"nb-NO\"},{\"@type\":\"Organization\",\"@id\":\"https:\/\/betavivo.com\/no\/#organization\",\"name\":\"Betavivo\",\"url\":\"https:\/\/betavivo.com\/no\/\",\"logo\":{\"@type\":\"ImageObject\",\"inLanguage\":\"nb-NO\",\"@id\":\"https:\/\/betavivo.com\/no\/#\/schema\/logo\/image\/\",\"url\":\"https:\/\/betavivo.com\/app\/uploads\/sites\/3\/2022\/07\/betavivo-logo.png\",\"contentUrl\":\"https:\/\/betavivo.com\/app\/uploads\/sites\/3\/2022\/07\/betavivo-logo.png\",\"width\":164,\"height\":24,\"caption\":\"Betavivo\"},\"image\":{\"@id\":\"https:\/\/betavivo.com\/no\/#\/schema\/logo\/image\/\"}}]}<\/script>\n<!-- \/ Yoast SEO plugin. -->","yoast_head_json":{"title":"Betavivo havreflak - Betavivo","description":"En porsjon Betavivo havrehjerter hver dag er bevist effektiv for \u00e5 senke kolesterolet. Dens unike prosess og patenterte formel gir en h\u00f8y konsentrasjon av betaglukan.","robots":{"index":"index","follow":"follow","max-snippet":"max-snippet:-1","max-image-preview":"max-image-preview:large","max-video-preview":"max-video-preview:-1"},"canonical":"https:\/\/betavivo.com\/no\/produkt\/betavivo-havreflak\/","og_locale":"nb_NO","og_type":"article","og_title":"Betavivo havreflak - Betavivo","og_description":"En porsjon Betavivo havrehjerter hver dag er bevist effektiv for \u00e5 senke kolesterolet. Dens unike prosess og patenterte formel gir en h\u00f8y konsentrasjon av betaglukan.","og_url":"https:\/\/betavivo.com\/no\/produkt\/betavivo-havreflak\/","og_site_name":"Betavivo","article_modified_time":"2026-04-16T12:23:50+00:00","og_image":[{"width":750,"height":750,"url":"https:\/\/betavivo.com\/app\/uploads\/sites\/3\/2022\/07\/Betavivo_HavrehjartanOriginal_Left_2604_A01-copy.png","type":"image\/png"}],"twitter_card":"summary_large_image","twitter_misc":{"Ansl. lesetid":"3 minutter"},"schema":{"@context":"https:\/\/schema.org","@graph":[{"@type":"WebPage","@id":"https:\/\/betavivo.com\/no\/produkt\/betavivo-havreflak\/","url":"https:\/\/betavivo.com\/no\/produkt\/betavivo-havreflak\/","name":"Betavivo havreflak - Betavivo","isPartOf":{"@id":"https:\/\/betavivo.com\/no\/#website"},"primaryImageOfPage":{"@id":"https:\/\/betavivo.com\/no\/produkt\/betavivo-havreflak\/#primaryimage"},"image":{"@id":"https:\/\/betavivo.com\/no\/produkt\/betavivo-havreflak\/#primaryimage"},"thumbnailUrl":"https:\/\/betavivo.com\/app\/uploads\/sites\/3\/2022\/07\/Betavivo_HavrehjartanOriginal_Left_2604_A01-copy.png","datePublished":"2022-07-12T08:10:41+00:00","dateModified":"2026-04-16T12:23:50+00:00","description":"En porsjon Betavivo havrehjerter hver dag er bevist effektiv for \u00e5 senke kolesterolet. Dens unike prosess og patenterte formel gir en h\u00f8y konsentrasjon av betaglukan.","breadcrumb":{"@id":"https:\/\/betavivo.com\/no\/produkt\/betavivo-havreflak\/#breadcrumb"},"inLanguage":"nb-NO","potentialAction":[{"@type":"ReadAction","target":["https:\/\/betavivo.com\/no\/produkt\/betavivo-havreflak\/"]}]},{"@type":"ImageObject","inLanguage":"nb-NO","@id":"https:\/\/betavivo.com\/no\/produkt\/betavivo-havreflak\/#primaryimage","url":"https:\/\/betavivo.com\/app\/uploads\/sites\/3\/2022\/07\/Betavivo_HavrehjartanOriginal_Left_2604_A01-copy.png","contentUrl":"https:\/\/betavivo.com\/app\/uploads\/sites\/3\/2022\/07\/Betavivo_HavrehjartanOriginal_Left_2604_A01-copy.png","width":750,"height":750,"caption":"Betavivo Havreflak"},{"@type":"BreadcrumbList","@id":"https:\/\/betavivo.com\/no\/produkt\/betavivo-havreflak\/#breadcrumb","itemListElement":[{"@type":"ListItem","position":1,"name":"Home","item":"https:\/\/betavivo.com\/no\/"},{"@type":"ListItem","position":2,"name":"Produkter","item":"https:\/\/betavivo.com\/no\/produkter\/"},{"@type":"ListItem","position":3,"name":"Betavivo havreflak"}]},{"@type":"WebSite","@id":"https:\/\/betavivo.com\/no\/#website","url":"https:\/\/betavivo.com\/no\/","name":"Betavivo","description":"","publisher":{"@id":"https:\/\/betavivo.com\/no\/#organization"},"potentialAction":[{"@type":"SearchAction","target":{"@type":"EntryPoint","urlTemplate":"https:\/\/betavivo.com\/no\/?s={search_term_string}"},"query-input":{"@type":"PropertyValueSpecification","valueRequired":true,"valueName":"search_term_string"}}],"inLanguage":"nb-NO"},{"@type":"Organization","@id":"https:\/\/betavivo.com\/no\/#organization","name":"Betavivo","url":"https:\/\/betavivo.com\/no\/","logo":{"@type":"ImageObject","inLanguage":"nb-NO","@id":"https:\/\/betavivo.com\/no\/#\/schema\/logo\/image\/","url":"https:\/\/betavivo.com\/app\/uploads\/sites\/3\/2022\/07\/betavivo-logo.png","contentUrl":"https:\/\/betavivo.com\/app\/uploads\/sites\/3\/2022\/07\/betavivo-logo.png","width":164,"height":24,"caption":"Betavivo"},"image":{"@id":"https:\/\/betavivo.com\/no\/#\/schema\/logo\/image\/"}}]}},"_links":{"self":[{"href":"https:\/\/betavivo.com\/no\/wp-json\/wp\/v2\/product\/62","targetHints":{"allow":["GET"]}}],"collection":[{"href":"https:\/\/betavivo.com\/no\/wp-json\/wp\/v2\/product"}],"about":[{"href":"https:\/\/betavivo.com\/no\/wp-json\/wp\/v2\/types\/product"}],"replies":[{"embeddable":true,"href":"https:\/\/betavivo.com\/no\/wp-json\/wp\/v2\/comments?post=62"}],"version-history":[{"count":9,"href":"https:\/\/betavivo.com\/no\/wp-json\/wp\/v2\/product\/62\/revisions"}],"predecessor-version":[{"id":415,"href":"https:\/\/betavivo.com\/no\/wp-json\/wp\/v2\/product\/62\/revisions\/415"}],"wp:featuredmedia":[{"embeddable":true,"href":"https:\/\/betavivo.com\/no\/wp-json\/wp\/v2\/media\/434"}],"wp:attachment":[{"href":"https:\/\/betavivo.com\/no\/wp-json\/wp\/v2\/media?parent=62"}],"wp:term":[{"taxonomy":"product_brand","embeddable":true,"href":"https:\/\/betavivo.com\/no\/wp-json\/wp\/v2\/product_brand?post=62"},{"taxonomy":"product_cat","embeddable":true,"href":"https:\/\/betavivo.com\/no\/wp-json\/wp\/v2\/product_cat?post=62"},{"taxonomy":"product_tag","embeddable":true,"href":"https:\/\/betavivo.com\/no\/wp-json\/wp\/v2\/product_tag?post=62"}],"curies":[{"name":"wp","href":"https:\/\/api.w.org\/{rel}","templated":true}]}}