{"id":43,"date":"2022-07-12T08:54:58","date_gmt":"2022-07-12T06:54:58","guid":{"rendered":"https:\/\/betavivo.com\/no\/?page_id=43"},"modified":"2025-05-23T12:52:37","modified_gmt":"2025-05-23T10:52:37","slug":"sporsmal-og-svar","status":"publish","type":"page","link":"https:\/\/betavivo.com\/no\/sporsmal-og-svar\/","title":{"rendered":"Sp\u00f8rsm\u00e5l og svar"},"content":{"rendered":"\n<div class=\"wp-block-karopharma-background-image-with-text-v2 background-image-with-text-v2 undefined content-position-center fixed-height-layout\" datatest=\"root\"><div class=\"background-image-with-text-wrapper\"><picture class=\"background-image-with-text-image\"><source media=\"(max-width: 560px)\" srcset=\"https:\/\/betavivo.com\/cdn-cgi\/image\/format=auto,width=560\/app\/uploads\/sites\/3\/2022\/07\/bakgrund-temp-faq.jpg\"\/><source media=\"(max-width: 800px)\" srcset=\"https:\/\/betavivo.com\/cdn-cgi\/image\/format=auto,width=800\/app\/uploads\/sites\/3\/2022\/07\/bakgrund-temp-faq.jpg\"\/><source media=\"(max-width: 1920px)\" srcset=\"https:\/\/betavivo.com\/cdn-cgi\/image\/format=auto,width=1920\/app\/uploads\/sites\/3\/2022\/07\/bakgrund-temp-faq.jpg\"\/><img decoding=\"async\" width=\"1920\" height=\"649\" datatest=\"background-image\" loading=\"lazy\" class=\"object-center object-cover\" src=\"https:\/\/betavivo.com\/cdn-cgi\/image\/format=auto\/app\/uploads\/sites\/3\/2022\/07\/bakgrund-temp-faq.jpg\" alt=\"faq\"\/><\/picture><div datatest=\"content-wrapper\" class=\"background-image-with-text-content-wrapper container max-w-medium text-alignment-left  pt-large pb-large\"><div class=\"content\">\n<div class=\"wp-block-buttons is-layout-flex wp-block-buttons-is-layout-flex\"><\/div>\n<\/div><\/div><\/div><\/div>\n\n\n\n<div class=\"wp-block-karopharma-free-text pt-large pb-small bg-center bg-cover bg-no-repeat\" style=\"background-image:url()\"><div class=\"free-text-wrapper container max-w-medium text-center\">\n<h1 class=\"is-style-heading-h2 wp-block-heading\">Sp\u00f8rsm\u00e5l og svar<\/h1>\n\n\n\n<p>Her har vi samlet de vanligste sp\u00f8rsm\u00e5lene om v\u00e5re produkter.<\/p>\n<\/div><\/div>\n\n\n\n<div class=\"wp-block-karopharma-accordions\"><div class=\"container\">\n<details class=\"wp-block-karopharma-accordion\"><summary><h2 class=\"accordion-title\">Inneholder Betavivo havrehjerter gluten?<\/h2><\/summary><div class=\"accordion-content\">\n<p>Ja<\/p>\n<\/div><\/details>\n\n\n\n<details class=\"wp-block-karopharma-accordion\"><summary><h2 class=\"accordion-title\">Hvorfor er Betavivo tyggetabletter ikke lenger tilgjengelige?<\/h2><\/summary><div class=\"accordion-content\">\n<p>Betavivo tyggetabletter er dessverre utg\u00e5tt fra sortimentet. P\u00e5 grunn av manglende salg, kan vi ikke lenger produsere denne varen. Vi beklager dette.<\/p>\n<\/div><\/details>\n\n\n\n<details class=\"wp-block-karopharma-accordion\"><summary><h2 class=\"accordion-title\">Hva inneholder Betavivo?<\/h2><\/summary><div class=\"accordion-content\">\n<p>En dagsposjon av havrehjerter best\u00e5r av havregryn, havrekli og fruktose. Betavivo inneholder 9,5 g karbohydrater, som er mindre enn 5 % av det anbefalte daglige inntaket i henhold til Livsmedelverket . Det er ogs\u00e5 stor forskjell p\u00e5 karbohydratene, siden de p\u00e5virker blodsukkeret p\u00e5 ulike m\u00e5ter. I Betavivo er det langsomme karbohydrater kombinert med en h\u00f8y prosentandel betaglukanfiber som til sammen bidrar til et langsommere opptak av de raske karbohydratene og en jevnere blodsukkerkurve. Dette kan ogs\u00e5 f\u00f8re til at metthetsf\u00f8lelsen varer lenger. Se nedenfor for fullstendig ern\u00e6ringsdeklarasjon:<\/p>\n\n\n\n<figure class=\"wp-block-image size-full\"><img loading=\"lazy\" decoding=\"async\" width=\"422\" height=\"360\" src=\"https:\/\/betavivo.com\/app\/uploads\/sites\/3\/2022\/07\/Betavivo_havrehjartan_naringsdeklaration.png\" alt=\"Betavivo havrehj\u00e4rtan n\u00e4ringsdeklaration\" class=\"wp-image-50\" srcset=\"https:\/\/betavivo.com\/app\/uploads\/sites\/3\/2022\/07\/Betavivo_havrehjartan_naringsdeklaration.png 422w, https:\/\/betavivo.com\/app\/uploads\/sites\/3\/2022\/07\/Betavivo_havrehjartan_naringsdeklaration-320x273.png 320w\" sizes=\"auto, (max-width: 422px) 100vw, 422px\" \/><\/figure>\n<\/div><\/details>\n\n\n\n<details class=\"wp-block-karopharma-accordion\"><summary><h2 class=\"accordion-title\">Hvem b\u00f8r spise Betavivo havrehjerter?<\/h2><\/summary><div class=\"accordion-content\">\n<p>Betavivo kan spises av de fleste. Innholdet er helt naturlig. Grupper som setter pris p\u00e5 Betavivo:<\/p>\n\n\n\n<ul class=\"is-style-default wp-block-list\"><li>De som m\u00e5 senke h\u00f8yt blodkolesterol, som er en risikofaktor for hjerte- og karsykdommer. Ogs\u00e5 som supplement til legemiddelbehandling.<\/li><li>De som har nedsatt glukosetoleranse (de som har diabetes type 2) eller som er i risikosonen (ofte overvektige med prediabetes). <\/li><li>De som \u00f8nsker \u00e5 opprettholde normale kolesterolverdier, som forebygging.<\/li><li>Alle som \u00f8nsker langvarig metthetsf\u00f8lelse med f\u00e5 kalorier og lav GI.<\/li><\/ul>\n<\/div><\/details>\n\n\n\n<details class=\"wp-block-karopharma-accordion\"><summary><h2 class=\"accordion-title\">Hva er Betavivo havrehjerter?<\/h2><\/summary><div class=\"accordion-content\">\n<p>Betavivo havrehjerter er spr\u00f8 havrehjerter med h\u00f8y konsentrasjon av betaglukan. Betaglukan fra havre senker kolesterolet og blodsukkeret.<\/p>\n<\/div><\/details>\n\n\n\n<details class=\"wp-block-karopharma-accordion\"><summary><h2 class=\"accordion-title\">Hva gj\u00f8r Betavivo havrehjerter unike?<\/h2><\/summary><div class=\"accordion-content\">\n<p>Betavivo havrehjerter inneholder en h\u00f8yere konsentrasjon av oppl\u00f8selig, bioaktivt (med egenskapene som kreves for \u00e5 gi de positive helseeffektene som beskrives nedenfor) betaglukan enn vanlige havreprodukter, som gryn, kli eller drikke. Produksjonsmetoden er unik og gir en produktkvalitet som bare finnes i Betavivo havrehjerter.<\/p>\n<\/div><\/details>\n\n\n\n<details class=\"wp-block-karopharma-accordion\"><summary><h2 class=\"accordion-title\">Gir Betavivo havrehjerter virkelige helseeffekter?<\/h2><\/summary><div class=\"accordion-content\">\n<p>Ja, Betavivo havrehjerter inneholder betaglukan fra havre, som har vist seg \u00e5 senke blodkolesterolet. H\u00f8yt kolesterol er en risikofaktor for utvikling av hjerte- og karsykdommer. 3 g betaglukan fra havre (innholdet i en porsjon Betavivo havrehjerter) er den daglige mengden som kreves for \u00e5 senke kolesterolet. Inntak av betaglukan fra havre som en del av et m\u00e5ltid bidrar til \u00e5 redusere blodsukkerstigningen etter m\u00e5ltider. Det er dokumentert at begge effektene er positive for helsen. <\/p>\n\n\n\n<p><strong>Se referanser<\/strong><\/p>\n\n\n\n<p class=\"is-style-paragraph-small\">EFSA, ART 14. SCIENTIFIC OPINION ON THE SUBSTANTIATION OF A HEALTH CLAIM RELATED TO OAT BETAGLUCAN AND LOWERING OF BLOOD CHOLESTEROL AND REDUCED RISK OF (CORONARY) HEART DISEASE PURSUANT TO ARTICLE 14 OF REGULATION (EC). NO 1924\/2006 European Food Safety Authority (EFSA), Parma, Italy. 8 dec 2010.<\/p>\n\n\n\n<p class=\"is-style-paragraph-small\">EFSA lournal 2010;8(12):1885<br>SCIENTIFIC OPINION ON THE SUBSTANTIATION OF HEALTH CLAIMS RELATED TO BETA-GLUCANS AND MAINTENANCE OF NORMAL BLOOD CHOLESTEROL CONCENTRATIONS (I) 754, 755, 757, 801, 1465, 2934) AND MAINTENANCE OR ACHIEVEMENT OF A NORMAL BODY WEIGHT (ID 820, 823) PURSUANT TO ARTICLE 13(1) OF REGULATION (EC) NO 1924\/200 EFSA Panel on Dietetic Products, Nutrition and Allergies (NDA)<br>European Food Safety Authority (EFSA), Parma, Italy<\/p>\n\n\n\n<p class=\"is-style-paragraph-small\">EFSA Journal 2009;7(9):1254<br>PHYSICOCHEMICAL PROPERTIES OF OAT BETAGLUCAN INFLUENCE ITS ABILITY TO REDUCE SERUM LDLCHOLESTEROL IN HUMANS: A RANDOMIZED CLINICAL TRIA Wolever TMS et al.<br>Am J Clin Nutr 2010; 92: 723-32.<\/p>\n\n\n\n<p class=\"is-style-paragraph-small\">MECHANISM OF SERUM CHOLESTEROL REDUCTION BY OAT BRAN Marlett J A, et al.<br>Hepathology20:1450, 1994<\/p>\n\n\n\n<p class=\"is-style-paragraph-small\">CHANGES IN BLOOD CHOLESTEROL AND STEROL METABOLITES ALTER INTAKE OF PRODUCTS ENRICHED WITH AN OAT BRAN CONCENTRATE WITHIN A CONTROLLED DIET. Amundsen \u00c5L et al.<br>Scandinavian Journal of Nutrition 2003; 47 (2): 68-74<\/p>\n\n\n\n<p class=\"is-style-paragraph-small\">FOUR-WEEK LOW-GLYCEMIC INDEX BREAKFAST WITH A MODEST AMOUNT OF SOLUBLE FIBERS IN TYPE 2 DIABETIC MEN. Kabir M, et al. Metabolim, 2002. 51(7): p 819-26.<\/p>\n\n\n\n<p class=\"is-style-paragraph-small\">OAT BRAN BREAD PRODUCTS IMPROVE LONG-TERM CONTROL OF DIABETES. A PILOT STUDY Pick M ,. et al.<br>J of Am Diet Assoc. 96:1254, 1996.1.<\/p>\n\n\n\n<p class=\"is-style-paragraph-small\">SCIENTIFIC OPINION ON THE SUBSTANTIATION OF HEALTH CLAIMS RELATED TO BETAGLUCANS FROM OATS AND BARLEY AND MAINTENANCE OF NORMAL BLOOD LDL-CHOLESTEROL CONCENTRATIONS (ID 1236, 1299), INCREASE IN SATIETY LEADING TO A REDUCTION IN ENERGY INTAKE (ID 851, 852), REDUCTION OF POST-PRANDIAL GLYCAEMIC RESPONSES (ID 821, 824), AND \u2018DIGESTIVE FUNCTION\u201d (ID 850) PURSUANT TO ARTICLE 13(1) OF REGULATION (EC) NO1924\/200 EFSA Panel on Dietetic Products, Nutrition and Allergies (NDA)European Food Safety Authority (EFSA), Parma, Italy<br>EFSA Journal 2011;9(6):2207<\/p>\n\n\n\n<p class=\"is-style-paragraph-small\">EFFECTS OF BREAKFAST CEREALS CONTAINING VARIOUS AMOUNTS OF BETAGLUCAN FIBERS ON PLASMA GLUCOSE AND INSULIN RESPONSE IN NIDDM SUBJECTS. Diabetes Care, vol 19, no 8, august 1996.<br>Tappy, L et al.<\/p>\n\n\n\n<p class=\"is-style-paragraph-small\">DEPRESSION OF THE GLYCEMIC INDEX BY HIGH LEVELS OF BETA-GLUCANFIBER IN TWO FUNCTIONAL FOODS TESTED IN TYPE 2 DIABETES. Jenkins, A L, et al.<br>Eur J Clin Nutr, 2002, 56(7): p. 622-8.<\/p>\n\n\n\n<p class=\"is-style-paragraph-small\">GLYCEMIC RESPONSE TO OAT BRAN MUFFINS TREATED TO VARY MOLECULAR WEIGHT OF BETAGLUCAN. Tosh S, et al.<br>Cereal Chem. 2008, 85(2):211-217.<\/p>\n\n\n\n<p class=\"is-style-paragraph-small\">GLYCEMIC RESPONSE TO EXTRUDED OAT BRAN CEREALS PROCESSED TO VARY IN MOLECULAR WEIGHT Brummer et al.<br>Cereal Chem. 89(5):255\u2013261<\/p>\n\n\n\n<p class=\"is-style-paragraph-small\">AVERAGE MEASURED SOLUBILITY AT 37O C OF BETAGLUCAN<\/p>\n\n\n\n<p class=\"is-style-paragraph-small\">PROCESSING AFFECTS THE PHYSICOCHEMICAL PROPERTIES OF BETAGLUCAN IN OAT BRAN CEREAL Tosh SM et al.<br>J. Agric. Food Chem. 2010, 58, 7723\u20137730<\/p>\n\n\n\n<p class=\"is-style-paragraph-small\">EFFECT OF COOKING AND STORAGE ON THE AMOUNT AND MOLECULAR WEIGHT OF (1-&gt;3) (1-&gt;4)- \u0392-D-GLUCAN EXTRACTED FROM OAT PRODUCTS BY AN IN VITRO DIGESTION SYSTEM. Beer MU et al.<br>Cereal Chem. 74(6):705-709<\/p>\n\n\n\n<p class=\"is-style-paragraph-small\">THE EFFECT OF PROCESSING ON THE MOLECULAR WEIGHT AND EXTRACTABILITY OF OAT BETAGLUCAN USING A METHOD TO SIMULATE physiological digestion<br>Anttila H et al.Poster AACC2004<\/p>\n\n\n\n<p class=\"is-style-paragraph-small\">OAT \u0392-GLUCAN INCREASES POSTPRANDIAL CHOLECYSTOKININ LEVELS, DECREASES INSULIN RESPONSE AND EXTENDS SUBJECTIVE SATIETY IN OVERWEIGHT SUBJECTS Beck EJ et al.<br>Mol. Nutr. Food Res. 2009, 53, 1343\u20131351<\/p>\n\n\n\n<p class=\"is-style-paragraph-small\">\u0392-GLUCAN REDUCE LDL CHOLESTEROL IN PATIENTS WITH MYASTHENIA GRAVIS Punga AR et al.<br>Eur J Clin Nutr.2013 Feb;67(2):226-7<\/p>\n<\/div><\/details>\n\n\n\n<details class=\"wp-block-karopharma-accordion\"><summary><h2 class=\"accordion-title\">Hvor lenge b\u00f8r jeg spise Betavivo havrehjerter?<\/h2><\/summary><div class=\"accordion-content\">\n<p>Jo lengre tid man spiser Betavivo, desto st\u00f8rre er sannsynligheten for at den tilsiktede effekten oppn\u00e5s. Alle resultater er individuelle, men for \u00e5 senke blodkolesterolet anbefales daglig inntak i 2\u20133 m\u00e5neder. Etter det b\u00f8r man fortsette for \u00e5 opprettholde kolesterolniv\u00e5et. Effekten p\u00e5 blodsukkeret oppst\u00e5r hver gang man inntar Betavivo.<\/p>\n<\/div><\/details>\n\n\n\n<details class=\"wp-block-karopharma-accordion\"><summary><h2 class=\"accordion-title\">Hvordan spiser man Betavivo havrehjerter?<\/h2><\/summary><div class=\"accordion-content\">\n<p>Betavivo havrehj\u00e4rtan har en god og n\u00f8ytral havresmak som passer til frokost eller mellomm\u00e5ltider, f.eks. med melk, surmelk eller yoghurt. Smaksett gjerne med b\u00e6r eller n\u00f8tter.<\/p>\n<\/div><\/details>\n\n\n\n<details class=\"wp-block-karopharma-accordion\"><summary><h2 class=\"accordion-title\">Hvordan doserer man Betavivo havrehjerter?<\/h2><\/summary><div class=\"accordion-content\">\n<p>I pakningen f\u00f8lger det med et m\u00e5l i papp som rommer 0,9 dl. Det tilsvarer hele den daglige dosen betaglukan (3 g) som anbefales for \u00e5 senke h\u00f8yt blodkolesterol.<\/p>\n<\/div><\/details>\n\n\n\n<details class=\"wp-block-karopharma-accordion\"><summary><h2 class=\"accordion-title\">Hvor lenge varer en forpakning med Betavivo Havrehjerter?<\/h2><\/summary><div class=\"accordion-content\">\n<p>Pakningen inneholder 28 d\u00f8gnporsjoner.<\/p>\n<\/div><\/details>\n\n\n\n<details class=\"wp-block-karopharma-accordion\"><summary><h2 class=\"accordion-title\">Har Betavivo havrehjerter noen bivirkninger?<\/h2><\/summary><div class=\"accordion-content\">\n<p>Nei. Personer som ikke er vant til \u00e5 spise kostfiber, kan oppleve \u00f8kt gassdannelse. Ta da en mindre porsjon de f\u00f8rste dagene, og drikk rikelig med vann. Da venner magen seg til det.<\/p>\n<\/div><\/details>\n\n\n\n<details class=\"wp-block-karopharma-accordion\"><summary><h2 class=\"accordion-title\">Har Betavivo havrehjerter noen kjente interaksjoner med legemidler?<\/h2><\/summary><div class=\"accordion-content\">\n<p>Nei. De som bruker kolesterolsenkende legemidler (f.eks. statiner), kan med fordel supplere behandlingen med Betavivo havrehjerter.<\/p>\n<\/div><\/details>\n<\/div><\/div>\n","protected":false},"excerpt":{"rendered":"","protected":false},"author":3,"featured_media":0,"parent":0,"menu_order":0,"comment_status":"closed","ping_status":"closed","template":"","meta":{"_acf_changed":false,"footnotes":""},"from-article-database":[],"class_list":["post-43","page","type-page","status-publish","hentry"],"acf":[],"yoast_head":"<!-- This site is optimized with the Yoast SEO plugin v26.6 - https:\/\/yoast.com\/wordpress\/plugins\/seo\/ -->\n<title>Sp\u00f8rsm\u00e5l og svar - Betavivo<\/title>\n<meta name=\"description\" content=\"Sp\u00f8rsm\u00e5l og svar: Her har vi samlet de vanligste sp\u00f8rsm\u00e5lene om v\u00e5re produkter.\" \/>\n<meta name=\"robots\" content=\"index, follow, max-snippet:-1, max-image-preview:large, max-video-preview:-1\" \/>\n<link rel=\"canonical\" href=\"https:\/\/betavivo.com\/no\/sporsmal-og-svar\/\" \/>\n<meta property=\"og:locale\" content=\"nb_NO\" \/>\n<meta property=\"og:type\" content=\"article\" \/>\n<meta property=\"og:title\" content=\"Sp\u00f8rsm\u00e5l og svar - Betavivo\" \/>\n<meta property=\"og:description\" content=\"Sp\u00f8rsm\u00e5l og svar: Her har vi samlet de vanligste sp\u00f8rsm\u00e5lene om v\u00e5re produkter.\" \/>\n<meta property=\"og:url\" content=\"https:\/\/betavivo.com\/no\/sporsmal-og-svar\/\" \/>\n<meta property=\"og:site_name\" content=\"Betavivo\" \/>\n<meta property=\"article:modified_time\" content=\"2025-05-23T10:52:37+00:00\" \/>\n<meta property=\"og:image\" content=\"https:\/\/betavivo.com\/cdn-cgi\/image\/format=auto\/app\/uploads\/sites\/3\/2022\/07\/bakgrund-temp-faq.jpg\" \/>\n<meta name=\"twitter:card\" content=\"summary_large_image\" \/>\n<meta name=\"twitter:label1\" content=\"Ansl. lesetid\" \/>\n\t<meta name=\"twitter:data1\" content=\"7 minutter\" \/>\n<script type=\"application\/ld+json\" class=\"yoast-schema-graph\">{\"@context\":\"https:\/\/schema.org\",\"@graph\":[{\"@type\":\"WebPage\",\"@id\":\"https:\/\/betavivo.com\/no\/sporsmal-og-svar\/\",\"url\":\"https:\/\/betavivo.com\/no\/sporsmal-og-svar\/\",\"name\":\"Sp\u00f8rsm\u00e5l og svar - Betavivo\",\"isPartOf\":{\"@id\":\"https:\/\/betavivo.com\/no\/#website\"},\"primaryImageOfPage\":{\"@id\":\"https:\/\/betavivo.com\/no\/sporsmal-og-svar\/#primaryimage\"},\"image\":{\"@id\":\"https:\/\/betavivo.com\/no\/sporsmal-og-svar\/#primaryimage\"},\"thumbnailUrl\":\"https:\/\/betavivo.com\/cdn-cgi\/image\/format=auto\/app\/uploads\/sites\/3\/2022\/07\/bakgrund-temp-faq.jpg\",\"datePublished\":\"2022-07-12T06:54:58+00:00\",\"dateModified\":\"2025-05-23T10:52:37+00:00\",\"description\":\"Sp\u00f8rsm\u00e5l og svar: Her har vi samlet de vanligste sp\u00f8rsm\u00e5lene om v\u00e5re produkter.\",\"breadcrumb\":{\"@id\":\"https:\/\/betavivo.com\/no\/sporsmal-og-svar\/#breadcrumb\"},\"inLanguage\":\"nb-NO\",\"potentialAction\":[{\"@type\":\"ReadAction\",\"target\":[\"https:\/\/betavivo.com\/no\/sporsmal-og-svar\/\"]}]},{\"@type\":\"ImageObject\",\"inLanguage\":\"nb-NO\",\"@id\":\"https:\/\/betavivo.com\/no\/sporsmal-og-svar\/#primaryimage\",\"url\":\"https:\/\/betavivo.com\/cdn-cgi\/image\/format=auto\/app\/uploads\/sites\/3\/2022\/07\/bakgrund-temp-faq.jpg\",\"contentUrl\":\"https:\/\/betavivo.com\/cdn-cgi\/image\/format=auto\/app\/uploads\/sites\/3\/2022\/07\/bakgrund-temp-faq.jpg\"},{\"@type\":\"BreadcrumbList\",\"@id\":\"https:\/\/betavivo.com\/no\/sporsmal-og-svar\/#breadcrumb\",\"itemListElement\":[{\"@type\":\"ListItem\",\"position\":1,\"name\":\"Home\",\"item\":\"https:\/\/betavivo.com\/no\/\"},{\"@type\":\"ListItem\",\"position\":2,\"name\":\"Sp\u00f8rsm\u00e5l og svar\"}]},{\"@type\":\"WebSite\",\"@id\":\"https:\/\/betavivo.com\/no\/#website\",\"url\":\"https:\/\/betavivo.com\/no\/\",\"name\":\"Betavivo\",\"description\":\"\",\"publisher\":{\"@id\":\"https:\/\/betavivo.com\/no\/#organization\"},\"potentialAction\":[{\"@type\":\"SearchAction\",\"target\":{\"@type\":\"EntryPoint\",\"urlTemplate\":\"https:\/\/betavivo.com\/no\/?s={search_term_string}\"},\"query-input\":{\"@type\":\"PropertyValueSpecification\",\"valueRequired\":true,\"valueName\":\"search_term_string\"}}],\"inLanguage\":\"nb-NO\"},{\"@type\":\"Organization\",\"@id\":\"https:\/\/betavivo.com\/no\/#organization\",\"name\":\"Betavivo\",\"url\":\"https:\/\/betavivo.com\/no\/\",\"logo\":{\"@type\":\"ImageObject\",\"inLanguage\":\"nb-NO\",\"@id\":\"https:\/\/betavivo.com\/no\/#\/schema\/logo\/image\/\",\"url\":\"https:\/\/betavivo.com\/app\/uploads\/sites\/3\/2022\/07\/betavivo-logo.png\",\"contentUrl\":\"https:\/\/betavivo.com\/app\/uploads\/sites\/3\/2022\/07\/betavivo-logo.png\",\"width\":164,\"height\":24,\"caption\":\"Betavivo\"},\"image\":{\"@id\":\"https:\/\/betavivo.com\/no\/#\/schema\/logo\/image\/\"}}]}<\/script>\n<!-- \/ Yoast SEO plugin. -->","yoast_head_json":{"title":"Sp\u00f8rsm\u00e5l og svar - Betavivo","description":"Sp\u00f8rsm\u00e5l og svar: Her har vi samlet de vanligste sp\u00f8rsm\u00e5lene om v\u00e5re produkter.","robots":{"index":"index","follow":"follow","max-snippet":"max-snippet:-1","max-image-preview":"max-image-preview:large","max-video-preview":"max-video-preview:-1"},"canonical":"https:\/\/betavivo.com\/no\/sporsmal-og-svar\/","og_locale":"nb_NO","og_type":"article","og_title":"Sp\u00f8rsm\u00e5l og svar - Betavivo","og_description":"Sp\u00f8rsm\u00e5l og svar: Her har vi samlet de vanligste sp\u00f8rsm\u00e5lene om v\u00e5re produkter.","og_url":"https:\/\/betavivo.com\/no\/sporsmal-og-svar\/","og_site_name":"Betavivo","article_modified_time":"2025-05-23T10:52:37+00:00","og_image":[{"url":"https:\/\/betavivo.com\/cdn-cgi\/image\/format=auto\/app\/uploads\/sites\/3\/2022\/07\/bakgrund-temp-faq.jpg","type":"","width":"","height":""}],"twitter_card":"summary_large_image","twitter_misc":{"Ansl. lesetid":"7 minutter"},"schema":{"@context":"https:\/\/schema.org","@graph":[{"@type":"WebPage","@id":"https:\/\/betavivo.com\/no\/sporsmal-og-svar\/","url":"https:\/\/betavivo.com\/no\/sporsmal-og-svar\/","name":"Sp\u00f8rsm\u00e5l og svar - Betavivo","isPartOf":{"@id":"https:\/\/betavivo.com\/no\/#website"},"primaryImageOfPage":{"@id":"https:\/\/betavivo.com\/no\/sporsmal-og-svar\/#primaryimage"},"image":{"@id":"https:\/\/betavivo.com\/no\/sporsmal-og-svar\/#primaryimage"},"thumbnailUrl":"https:\/\/betavivo.com\/cdn-cgi\/image\/format=auto\/app\/uploads\/sites\/3\/2022\/07\/bakgrund-temp-faq.jpg","datePublished":"2022-07-12T06:54:58+00:00","dateModified":"2025-05-23T10:52:37+00:00","description":"Sp\u00f8rsm\u00e5l og svar: Her har vi samlet de vanligste sp\u00f8rsm\u00e5lene om v\u00e5re produkter.","breadcrumb":{"@id":"https:\/\/betavivo.com\/no\/sporsmal-og-svar\/#breadcrumb"},"inLanguage":"nb-NO","potentialAction":[{"@type":"ReadAction","target":["https:\/\/betavivo.com\/no\/sporsmal-og-svar\/"]}]},{"@type":"ImageObject","inLanguage":"nb-NO","@id":"https:\/\/betavivo.com\/no\/sporsmal-og-svar\/#primaryimage","url":"https:\/\/betavivo.com\/cdn-cgi\/image\/format=auto\/app\/uploads\/sites\/3\/2022\/07\/bakgrund-temp-faq.jpg","contentUrl":"https:\/\/betavivo.com\/cdn-cgi\/image\/format=auto\/app\/uploads\/sites\/3\/2022\/07\/bakgrund-temp-faq.jpg"},{"@type":"BreadcrumbList","@id":"https:\/\/betavivo.com\/no\/sporsmal-og-svar\/#breadcrumb","itemListElement":[{"@type":"ListItem","position":1,"name":"Home","item":"https:\/\/betavivo.com\/no\/"},{"@type":"ListItem","position":2,"name":"Sp\u00f8rsm\u00e5l og svar"}]},{"@type":"WebSite","@id":"https:\/\/betavivo.com\/no\/#website","url":"https:\/\/betavivo.com\/no\/","name":"Betavivo","description":"","publisher":{"@id":"https:\/\/betavivo.com\/no\/#organization"},"potentialAction":[{"@type":"SearchAction","target":{"@type":"EntryPoint","urlTemplate":"https:\/\/betavivo.com\/no\/?s={search_term_string}"},"query-input":{"@type":"PropertyValueSpecification","valueRequired":true,"valueName":"search_term_string"}}],"inLanguage":"nb-NO"},{"@type":"Organization","@id":"https:\/\/betavivo.com\/no\/#organization","name":"Betavivo","url":"https:\/\/betavivo.com\/no\/","logo":{"@type":"ImageObject","inLanguage":"nb-NO","@id":"https:\/\/betavivo.com\/no\/#\/schema\/logo\/image\/","url":"https:\/\/betavivo.com\/app\/uploads\/sites\/3\/2022\/07\/betavivo-logo.png","contentUrl":"https:\/\/betavivo.com\/app\/uploads\/sites\/3\/2022\/07\/betavivo-logo.png","width":164,"height":24,"caption":"Betavivo"},"image":{"@id":"https:\/\/betavivo.com\/no\/#\/schema\/logo\/image\/"}}]}},"_links":{"self":[{"href":"https:\/\/betavivo.com\/no\/wp-json\/wp\/v2\/pages\/43","targetHints":{"allow":["GET"]}}],"collection":[{"href":"https:\/\/betavivo.com\/no\/wp-json\/wp\/v2\/pages"}],"about":[{"href":"https:\/\/betavivo.com\/no\/wp-json\/wp\/v2\/types\/page"}],"author":[{"embeddable":true,"href":"https:\/\/betavivo.com\/no\/wp-json\/wp\/v2\/users\/3"}],"replies":[{"embeddable":true,"href":"https:\/\/betavivo.com\/no\/wp-json\/wp\/v2\/comments?post=43"}],"version-history":[{"count":5,"href":"https:\/\/betavivo.com\/no\/wp-json\/wp\/v2\/pages\/43\/revisions"}],"predecessor-version":[{"id":54,"href":"https:\/\/betavivo.com\/no\/wp-json\/wp\/v2\/pages\/43\/revisions\/54"}],"wp:attachment":[{"href":"https:\/\/betavivo.com\/no\/wp-json\/wp\/v2\/media?parent=43"}],"wp:term":[{"taxonomy":"from-article-database","embeddable":true,"href":"https:\/\/betavivo.com\/no\/wp-json\/wp\/v2\/from-article-database?post=43"}],"curies":[{"name":"wp","href":"https:\/\/api.w.org\/{rel}","templated":true}]}}