{"id":433,"date":"2024-10-22T13:19:35","date_gmt":"2024-10-22T10:19:35","guid":{"rendered":"https:\/\/betavivo.com\/fi\/?post_type=product&#038;p=433"},"modified":"2026-04-16T15:25:35","modified_gmt":"2026-04-16T12:25:35","slug":"betavivo-strawberry-kauramurot","status":"publish","type":"product","link":"https:\/\/betavivo.com\/fi\/tuote\/betavivo-strawberry-kauramurot\/","title":{"rendered":"Betavivo Strawberry\u2013kauramurot"},"content":{"rendered":"\n<div class=\"wp-block-karopharma-accordions\"><div class=\"container\">\n<details class=\"wp-block-karopharma-accordion\"><summary><h2 class=\"accordion-title\">Kolesterolitaso &amp; Verensokeritaso<\/h2><\/summary><div class=\"accordion-content\">\n<p><strong>Kolesterolitaso<br><\/strong><\/p>\n\n\n\n<p>Kauran beetaglukaanin on todettu laskevan veren kolesterolipitoisuutta. Suuri kolesterolipitoisuus on syd\u00e4n- ja verisuonisairauksien kehittymisen riskitekij\u00e4. Yksi annos Betavivoa sis\u00e4lt\u00e4\u00e4 3 g kauran beetaglukaania, mik\u00e4 vastaa kolesterolin v\u00e4hent\u00e4miseen tarvittavaa p\u00e4ivitt\u00e4ist\u00e4 annosta.<\/p>\n\n\n\n<ol class=\"is-style-default wp-block-list\">\n<li>Sy\u00f6 1 annos Betavivoa aterian yhteydess\u00e4 niin, ett\u00e4 se siirtyy ruokatorvesta mahalaukkuun.<\/li>\n\n\n\n<li>Kun Betavivo siirtyy mahalaukkuun, siit\u00e4 liukenee korkealaatuista beetaglukaania ja tuote muuttuu hyytel\u00f6ksi.<\/li>\n\n\n\n<li>Hyytel\u00f6itynyt Betavivo sitoo mahalaukun ja ohutsuolen sappihappoja, jotka poistuvat elimist\u00f6st\u00e4 luonnollista tiet\u00e4. Sen ansiosta maksa tuottaa lis\u00e4\u00e4 sappihappoa ja siihen tarvitaan kolesterolia verenkierrosta. Sen seurauksena elimist\u00f6n LDL- ja kokonaiskolesterolipitoisuus laskevat.<\/li>\n<\/ol>\n\n\n\n<figure class=\"wp-block-image size-full is-resized\"><img loading=\"lazy\" decoding=\"async\" width=\"1000\" height=\"591\" src=\"https:\/\/betavivo.com\/app\/uploads\/sites\/5\/2022\/07\/Betaglukan_Kolesterolniva-2.png\" alt=\"Kolesterolitaso\" class=\"wp-image-74\" style=\"width:500px;height:296px\" srcset=\"https:\/\/betavivo.com\/app\/uploads\/sites\/5\/2022\/07\/Betaglukan_Kolesterolniva-2.png 1000w, https:\/\/betavivo.com\/app\/uploads\/sites\/5\/2022\/07\/Betaglukan_Kolesterolniva-2-320x189.png 320w, https:\/\/betavivo.com\/app\/uploads\/sites\/5\/2022\/07\/Betaglukan_Kolesterolniva-2-768x454.png 768w, https:\/\/betavivo.com\/app\/uploads\/sites\/5\/2022\/07\/Betaglukan_Kolesterolniva-2-600x355.png 600w\" sizes=\"auto, (max-width: 1000px) 100vw, 1000px\" \/><\/figure>\n\n\n\n<div style=\"height:100px\" aria-hidden=\"true\" class=\"wp-block-spacer is-style-responsive-small\"><\/div>\n\n\n\n<p><strong>Verensokeritaso<\/strong><br>Kauran beetaglukaanin nauttiminen aterian yhteydess\u00e4 auttaa v\u00e4hent\u00e4m\u00e4\u00e4n aterian j\u00e4lkeist\u00e4 verensokerin nousua.<\/p>\n\n\n\n<ol class=\"is-style-default wp-block-list\">\n<li>Sy\u00f6 1 annos Betavivoa aterian yhteydess\u00e4 niin, ett\u00e4 se siirtyy ruokatorvesta mahalaukkuun.<\/li>\n\n\n\n<li>Kun Betavivo siirtyy mahalaukkuun, siit\u00e4 liukenee korkealaatuista beetaglukaania ja tuote muuttuu hyytel\u00f6ksi.<\/li>\n\n\n\n<li>Hyytel\u00f6ityminen ja tuotteen suuri viskositeetti ja molekyylipaino saavat aikaan sen, ett\u00e4 \u201dnopeat\u201d hiilihydraatit (ruoka-aineet, joiden glykeeminen indeksi on korkea) kapseloituvat. Lis\u00e4ksi beetaglukaani muodostaa ohuen suojaavan kerroksen (geelim\u00e4isen suojakerroksen), joka hidastaa sokereiden imeytymist\u00e4. Sen seurauksena plasman glukoosin ja insuliinivasteen m\u00e4\u00e4r\u00e4 pienenee jokaisen aterian j\u00e4lkeen.<\/li>\n<\/ol>\n\n\n\n<figure class=\"wp-block-image size-full is-resized\"><img loading=\"lazy\" decoding=\"async\" width=\"1000\" height=\"618\" src=\"https:\/\/betavivo.com\/app\/uploads\/sites\/5\/2022\/07\/Betaglukan_verensokeritaso.png\" alt=\"Verensokeritaso\" class=\"wp-image-78\" style=\"width:500px;height:309px\" srcset=\"https:\/\/betavivo.com\/app\/uploads\/sites\/5\/2022\/07\/Betaglukan_verensokeritaso.png 1000w, https:\/\/betavivo.com\/app\/uploads\/sites\/5\/2022\/07\/Betaglukan_verensokeritaso-320x198.png 320w, https:\/\/betavivo.com\/app\/uploads\/sites\/5\/2022\/07\/Betaglukan_verensokeritaso-768x475.png 768w, https:\/\/betavivo.com\/app\/uploads\/sites\/5\/2022\/07\/Betaglukan_verensokeritaso-600x371.png 600w\" sizes=\"auto, (max-width: 1000px) 100vw, 1000px\" \/><\/figure>\n<\/div><\/details>\n\n\n\n<details class=\"wp-block-karopharma-accordion\"><summary><h2 class=\"accordion-title\">Ainesosat<\/h2><\/summary><div class=\"accordion-content\">\n<p>65,7% kauralese, kaurajauho (sis. gluteenia), fruktoosi, 3% pakastekuivattuja mansikoita (mansikoita, auringonkukka\u00f6ljy\u00e4).<\/p>\n<\/div><\/details>\n\n\n\n<details class=\"wp-block-karopharma-accordion\"><summary><h2 class=\"accordion-title\">Annostelu<\/h2><\/summary><div class=\"accordion-content\">\n<p>Lue annostusohjeet pakkauksesta<\/p>\n<\/div><\/details>\n<\/div><\/div>\n","protected":false},"excerpt":{"rendered":"<p>Auttaa alentamaan kolesterolia<\/p>\n","protected":false},"featured_media":502,"comment_status":"closed","ping_status":"closed","template":"","meta":{"_acf_changed":false,"footnotes":""},"product_brand":[],"product_cat":[],"product_tag":[],"class_list":{"0":"post-433","1":"product","2":"type-product","3":"status-publish","4":"has-post-thumbnail","7":"first","8":"instock","9":"shipping-taxable","10":"product-type-simple"},"acf":[],"yoast_head":"<!-- This site is optimized with the Yoast SEO plugin v26.6 - https:\/\/yoast.com\/wordpress\/plugins\/seo\/ -->\n<title>Betavivo Strawberry\u2013kauramurot - Betavivo<\/title>\n<meta name=\"description\" content=\"P\u00e4ivitt\u00e4inen annos kuivattua mansikkaa sis\u00e4lt\u00e4vi\u00e4 Betavivo Strawberry -kauramuroja on todistetusti tehokas kolesterolin alentamisessa. Ainutlaatuinen valmistusprosessi ja patentoitu koostumus takaavat korkean beetaglukaanipitoisuuden.\" \/>\n<meta name=\"robots\" content=\"index, follow, max-snippet:-1, max-image-preview:large, max-video-preview:-1\" \/>\n<link rel=\"canonical\" href=\"https:\/\/betavivo.com\/fi\/tuote\/betavivo-strawberry-kauramurot\/\" \/>\n<meta property=\"og:locale\" content=\"fi_FI\" \/>\n<meta property=\"og:type\" content=\"article\" \/>\n<meta property=\"og:title\" content=\"Betavivo Strawberry\u2013kauramurot - Betavivo\" \/>\n<meta property=\"og:description\" content=\"P\u00e4ivitt\u00e4inen annos kuivattua mansikkaa sis\u00e4lt\u00e4vi\u00e4 Betavivo Strawberry -kauramuroja on todistetusti tehokas kolesterolin alentamisessa. Ainutlaatuinen valmistusprosessi ja patentoitu koostumus takaavat korkean beetaglukaanipitoisuuden.\" \/>\n<meta property=\"og:url\" content=\"https:\/\/betavivo.com\/fi\/tuote\/betavivo-strawberry-kauramurot\/\" \/>\n<meta property=\"og:site_name\" content=\"Betavivo\" \/>\n<meta property=\"article:modified_time\" content=\"2026-04-16T12:25:35+00:00\" \/>\n<meta property=\"og:image\" content=\"https:\/\/betavivo.com\/app\/uploads\/sites\/5\/2022\/07\/Betavivo_HavrehjartanStrawberry_Left_2604_A01-copy.png\" \/>\n\t<meta property=\"og:image:width\" content=\"750\" \/>\n\t<meta property=\"og:image:height\" content=\"750\" \/>\n\t<meta property=\"og:image:type\" content=\"image\/png\" \/>\n<meta name=\"twitter:card\" content=\"summary_large_image\" \/>\n<meta name=\"twitter:label1\" content=\"Est. reading time\" \/>\n\t<meta name=\"twitter:data1\" content=\"2 minutes\" \/>\n<script type=\"application\/ld+json\" class=\"yoast-schema-graph\">{\"@context\":\"https:\/\/schema.org\",\"@graph\":[{\"@type\":\"WebPage\",\"@id\":\"https:\/\/betavivo.com\/fi\/tuote\/betavivo-strawberry-kauramurot\/\",\"url\":\"https:\/\/betavivo.com\/fi\/tuote\/betavivo-strawberry-kauramurot\/\",\"name\":\"Betavivo Strawberry\u2013kauramurot - Betavivo\",\"isPartOf\":{\"@id\":\"https:\/\/betavivo.com\/fi\/#website\"},\"primaryImageOfPage\":{\"@id\":\"https:\/\/betavivo.com\/fi\/tuote\/betavivo-strawberry-kauramurot\/#primaryimage\"},\"image\":{\"@id\":\"https:\/\/betavivo.com\/fi\/tuote\/betavivo-strawberry-kauramurot\/#primaryimage\"},\"thumbnailUrl\":\"https:\/\/betavivo.com\/app\/uploads\/sites\/5\/2022\/07\/Betavivo_HavrehjartanStrawberry_Left_2604_A01-copy.png\",\"datePublished\":\"2024-10-22T10:19:35+00:00\",\"dateModified\":\"2026-04-16T12:25:35+00:00\",\"description\":\"P\u00e4ivitt\u00e4inen annos kuivattua mansikkaa sis\u00e4lt\u00e4vi\u00e4 Betavivo Strawberry -kauramuroja on todistetusti tehokas kolesterolin alentamisessa. Ainutlaatuinen valmistusprosessi ja patentoitu koostumus takaavat korkean beetaglukaanipitoisuuden.\",\"breadcrumb\":{\"@id\":\"https:\/\/betavivo.com\/fi\/tuote\/betavivo-strawberry-kauramurot\/#breadcrumb\"},\"inLanguage\":\"fi-FI\",\"potentialAction\":[{\"@type\":\"ReadAction\",\"target\":[\"https:\/\/betavivo.com\/fi\/tuote\/betavivo-strawberry-kauramurot\/\"]}]},{\"@type\":\"ImageObject\",\"inLanguage\":\"fi-FI\",\"@id\":\"https:\/\/betavivo.com\/fi\/tuote\/betavivo-strawberry-kauramurot\/#primaryimage\",\"url\":\"https:\/\/betavivo.com\/app\/uploads\/sites\/5\/2022\/07\/Betavivo_HavrehjartanStrawberry_Left_2604_A01-copy.png\",\"contentUrl\":\"https:\/\/betavivo.com\/app\/uploads\/sites\/5\/2022\/07\/Betavivo_HavrehjartanStrawberry_Left_2604_A01-copy.png\",\"width\":750,\"height\":750,\"caption\":\"Betavivo Mansikka \u2013kauramurot\"},{\"@type\":\"BreadcrumbList\",\"@id\":\"https:\/\/betavivo.com\/fi\/tuote\/betavivo-strawberry-kauramurot\/#breadcrumb\",\"itemListElement\":[{\"@type\":\"ListItem\",\"position\":1,\"name\":\"Home\",\"item\":\"https:\/\/betavivo.com\/fi\/\"},{\"@type\":\"ListItem\",\"position\":2,\"name\":\"Tuotteet\",\"item\":\"https:\/\/betavivo.com\/fi\/tuotteet\/\"},{\"@type\":\"ListItem\",\"position\":3,\"name\":\"Betavivo Strawberry\u2013kauramurot\"}]},{\"@type\":\"WebSite\",\"@id\":\"https:\/\/betavivo.com\/fi\/#website\",\"url\":\"https:\/\/betavivo.com\/fi\/\",\"name\":\"Betavivo\",\"description\":\"\",\"publisher\":{\"@id\":\"https:\/\/betavivo.com\/fi\/#organization\"},\"potentialAction\":[{\"@type\":\"SearchAction\",\"target\":{\"@type\":\"EntryPoint\",\"urlTemplate\":\"https:\/\/betavivo.com\/fi\/?s={search_term_string}\"},\"query-input\":{\"@type\":\"PropertyValueSpecification\",\"valueRequired\":true,\"valueName\":\"search_term_string\"}}],\"inLanguage\":\"fi-FI\"},{\"@type\":\"Organization\",\"@id\":\"https:\/\/betavivo.com\/fi\/#organization\",\"name\":\"Betavivo\",\"url\":\"https:\/\/betavivo.com\/fi\/\",\"logo\":{\"@type\":\"ImageObject\",\"inLanguage\":\"fi-FI\",\"@id\":\"https:\/\/betavivo.com\/fi\/#\/schema\/logo\/image\/\",\"url\":\"https:\/\/betavivo.com\/app\/uploads\/sites\/5\/2022\/07\/betavivo-logo.png\",\"contentUrl\":\"https:\/\/betavivo.com\/app\/uploads\/sites\/5\/2022\/07\/betavivo-logo.png\",\"width\":164,\"height\":24,\"caption\":\"Betavivo\"},\"image\":{\"@id\":\"https:\/\/betavivo.com\/fi\/#\/schema\/logo\/image\/\"}}]}<\/script>\n<!-- \/ Yoast SEO plugin. -->","yoast_head_json":{"title":"Betavivo Strawberry\u2013kauramurot - Betavivo","description":"P\u00e4ivitt\u00e4inen annos kuivattua mansikkaa sis\u00e4lt\u00e4vi\u00e4 Betavivo Strawberry -kauramuroja on todistetusti tehokas kolesterolin alentamisessa. Ainutlaatuinen valmistusprosessi ja patentoitu koostumus takaavat korkean beetaglukaanipitoisuuden.","robots":{"index":"index","follow":"follow","max-snippet":"max-snippet:-1","max-image-preview":"max-image-preview:large","max-video-preview":"max-video-preview:-1"},"canonical":"https:\/\/betavivo.com\/fi\/tuote\/betavivo-strawberry-kauramurot\/","og_locale":"fi_FI","og_type":"article","og_title":"Betavivo Strawberry\u2013kauramurot - Betavivo","og_description":"P\u00e4ivitt\u00e4inen annos kuivattua mansikkaa sis\u00e4lt\u00e4vi\u00e4 Betavivo Strawberry -kauramuroja on todistetusti tehokas kolesterolin alentamisessa. Ainutlaatuinen valmistusprosessi ja patentoitu koostumus takaavat korkean beetaglukaanipitoisuuden.","og_url":"https:\/\/betavivo.com\/fi\/tuote\/betavivo-strawberry-kauramurot\/","og_site_name":"Betavivo","article_modified_time":"2026-04-16T12:25:35+00:00","og_image":[{"width":750,"height":750,"url":"https:\/\/betavivo.com\/app\/uploads\/sites\/5\/2022\/07\/Betavivo_HavrehjartanStrawberry_Left_2604_A01-copy.png","type":"image\/png"}],"twitter_card":"summary_large_image","twitter_misc":{"Est. reading time":"2 minutes"},"schema":{"@context":"https:\/\/schema.org","@graph":[{"@type":"WebPage","@id":"https:\/\/betavivo.com\/fi\/tuote\/betavivo-strawberry-kauramurot\/","url":"https:\/\/betavivo.com\/fi\/tuote\/betavivo-strawberry-kauramurot\/","name":"Betavivo Strawberry\u2013kauramurot - Betavivo","isPartOf":{"@id":"https:\/\/betavivo.com\/fi\/#website"},"primaryImageOfPage":{"@id":"https:\/\/betavivo.com\/fi\/tuote\/betavivo-strawberry-kauramurot\/#primaryimage"},"image":{"@id":"https:\/\/betavivo.com\/fi\/tuote\/betavivo-strawberry-kauramurot\/#primaryimage"},"thumbnailUrl":"https:\/\/betavivo.com\/app\/uploads\/sites\/5\/2022\/07\/Betavivo_HavrehjartanStrawberry_Left_2604_A01-copy.png","datePublished":"2024-10-22T10:19:35+00:00","dateModified":"2026-04-16T12:25:35+00:00","description":"P\u00e4ivitt\u00e4inen annos kuivattua mansikkaa sis\u00e4lt\u00e4vi\u00e4 Betavivo Strawberry -kauramuroja on todistetusti tehokas kolesterolin alentamisessa. Ainutlaatuinen valmistusprosessi ja patentoitu koostumus takaavat korkean beetaglukaanipitoisuuden.","breadcrumb":{"@id":"https:\/\/betavivo.com\/fi\/tuote\/betavivo-strawberry-kauramurot\/#breadcrumb"},"inLanguage":"fi-FI","potentialAction":[{"@type":"ReadAction","target":["https:\/\/betavivo.com\/fi\/tuote\/betavivo-strawberry-kauramurot\/"]}]},{"@type":"ImageObject","inLanguage":"fi-FI","@id":"https:\/\/betavivo.com\/fi\/tuote\/betavivo-strawberry-kauramurot\/#primaryimage","url":"https:\/\/betavivo.com\/app\/uploads\/sites\/5\/2022\/07\/Betavivo_HavrehjartanStrawberry_Left_2604_A01-copy.png","contentUrl":"https:\/\/betavivo.com\/app\/uploads\/sites\/5\/2022\/07\/Betavivo_HavrehjartanStrawberry_Left_2604_A01-copy.png","width":750,"height":750,"caption":"Betavivo Mansikka \u2013kauramurot"},{"@type":"BreadcrumbList","@id":"https:\/\/betavivo.com\/fi\/tuote\/betavivo-strawberry-kauramurot\/#breadcrumb","itemListElement":[{"@type":"ListItem","position":1,"name":"Home","item":"https:\/\/betavivo.com\/fi\/"},{"@type":"ListItem","position":2,"name":"Tuotteet","item":"https:\/\/betavivo.com\/fi\/tuotteet\/"},{"@type":"ListItem","position":3,"name":"Betavivo Strawberry\u2013kauramurot"}]},{"@type":"WebSite","@id":"https:\/\/betavivo.com\/fi\/#website","url":"https:\/\/betavivo.com\/fi\/","name":"Betavivo","description":"","publisher":{"@id":"https:\/\/betavivo.com\/fi\/#organization"},"potentialAction":[{"@type":"SearchAction","target":{"@type":"EntryPoint","urlTemplate":"https:\/\/betavivo.com\/fi\/?s={search_term_string}"},"query-input":{"@type":"PropertyValueSpecification","valueRequired":true,"valueName":"search_term_string"}}],"inLanguage":"fi-FI"},{"@type":"Organization","@id":"https:\/\/betavivo.com\/fi\/#organization","name":"Betavivo","url":"https:\/\/betavivo.com\/fi\/","logo":{"@type":"ImageObject","inLanguage":"fi-FI","@id":"https:\/\/betavivo.com\/fi\/#\/schema\/logo\/image\/","url":"https:\/\/betavivo.com\/app\/uploads\/sites\/5\/2022\/07\/betavivo-logo.png","contentUrl":"https:\/\/betavivo.com\/app\/uploads\/sites\/5\/2022\/07\/betavivo-logo.png","width":164,"height":24,"caption":"Betavivo"},"image":{"@id":"https:\/\/betavivo.com\/fi\/#\/schema\/logo\/image\/"}}]}},"_links":{"self":[{"href":"https:\/\/betavivo.com\/fi\/wp-json\/wp\/v2\/product\/433","targetHints":{"allow":["GET"]}}],"collection":[{"href":"https:\/\/betavivo.com\/fi\/wp-json\/wp\/v2\/product"}],"about":[{"href":"https:\/\/betavivo.com\/fi\/wp-json\/wp\/v2\/types\/product"}],"replies":[{"embeddable":true,"href":"https:\/\/betavivo.com\/fi\/wp-json\/wp\/v2\/comments?post=433"}],"version-history":[{"count":6,"href":"https:\/\/betavivo.com\/fi\/wp-json\/wp\/v2\/product\/433\/revisions"}],"predecessor-version":[{"id":498,"href":"https:\/\/betavivo.com\/fi\/wp-json\/wp\/v2\/product\/433\/revisions\/498"}],"wp:featuredmedia":[{"embeddable":true,"href":"https:\/\/betavivo.com\/fi\/wp-json\/wp\/v2\/media\/502"}],"wp:attachment":[{"href":"https:\/\/betavivo.com\/fi\/wp-json\/wp\/v2\/media?parent=433"}],"wp:term":[{"taxonomy":"product_brand","embeddable":true,"href":"https:\/\/betavivo.com\/fi\/wp-json\/wp\/v2\/product_brand?post=433"},{"taxonomy":"product_cat","embeddable":true,"href":"https:\/\/betavivo.com\/fi\/wp-json\/wp\/v2\/product_cat?post=433"},{"taxonomy":"product_tag","embeddable":true,"href":"https:\/\/betavivo.com\/fi\/wp-json\/wp\/v2\/product_tag?post=433"}],"curies":[{"name":"wp","href":"https:\/\/api.w.org\/{rel}","templated":true}]}}