{"id":5,"date":"2022-07-13T05:41:24","date_gmt":"2022-07-13T05:41:24","guid":{"rendered":"https:\/\/betavivo.com\/fi\/?page_id=5"},"modified":"2024-10-23T15:44:25","modified_gmt":"2024-10-23T12:44:25","slug":"betavivo","status":"publish","type":"page","link":"https:\/\/betavivo.com\/fi\/","title":{"rendered":"Betavivo"},"content":{"rendered":"\n<div class=\"wp-block-karopharma-background-image-with-text-v2 background-image-with-text-v2 undefined content-position-right fixed-height-layout boxen\" datatest=\"root\"><div class=\"background-image-with-text-wrapper\"><picture class=\"background-image-with-text-image\"><source media=\"(max-width: 560px)\" srcset=\"https:\/\/betavivo.com\/cdn-cgi\/image\/format=auto,width=560\/app\/uploads\/sites\/5\/2024\/10\/topp-newpack.jpg\"\/><source media=\"(max-width: 800px)\" srcset=\"https:\/\/betavivo.com\/cdn-cgi\/image\/format=auto,width=800\/app\/uploads\/sites\/5\/2024\/10\/topp-newpack.jpg\"\/><source media=\"(max-width: 1920px)\" srcset=\"https:\/\/betavivo.com\/cdn-cgi\/image\/format=auto,width=1920\/app\/uploads\/sites\/5\/2024\/10\/topp-newpack.jpg\"\/><img decoding=\"async\" width=\"2000\" height=\"850\" datatest=\"background-image\" loading=\"lazy\" class=\"object-center object-cover\" src=\"https:\/\/betavivo.com\/cdn-cgi\/image\/format=auto\/app\/uploads\/sites\/5\/2024\/10\/topp-newpack.jpg\" alt=\"topp-newpack\"\/><\/picture><div datatest=\"content-wrapper\" class=\"background-image-with-text-content-wrapper container max-w-medium text-alignment-left bg-box pt-large pb-large\"><div class=\"content\"><h1 datatest=\"heading\" class=\"responsive-heading\">Uusi Betavivo<\/h1><p class=\"body\" datatest=\"body\"><strong>Kaurasyd\u00e4met ovat nyt rapeita kauramuroja.<\/strong><br>Yht\u00e4 runsas kuitupitoisuus ja sama m\u00e4\u00e4r\u00e4 beetaglukaania kuin aiemmin &#8211; sama positiivinen vaikutus kolesteroliin ja verensokeriin.<\/p>\n<div class=\"wp-block-buttons is-layout-flex wp-block-buttons-is-layout-flex\">\n<div class=\"wp-block-button is-style-alternative-outlined-button\"><a class=\"wp-block-button__link wp-element-button\" href=\"https:\/\/betavivo.com\/fi\/tuotteet\/\">Osta nyt<\/a><\/div>\n<\/div>\n<\/div><\/div><\/div><\/div>\n\n\n\n<section class=\"wp-block-karopharma-image-with-text image-with-text image-with-text__full-width is-style-tertiary fonten\"><div class=\"image-with-text-container \"><div class=\"image-with-text-container-image-container\"><img decoding=\"async\" loading=\"lazy\" src=\"https:\/\/betavivo.com\/cdn-cgi\/image\/format=auto\/app\/uploads\/sites\/5\/2024\/10\/betavivo-2-start.png\" alt=\"betavivo-2-start\"\/><\/div><div class=\"image-with-text-container-content\" style=\"text-align:left\" data-test=\"content\"><div class=\"content\"><h2>Betavivo kauramurot<\/h2><p class=\"body\" data-test=\"body\">Korkea kolesteroli voi johtua el\u00e4m\u00e4ntavoista, ruokavaliosta ja perint\u00f6tekij\u00f6ist\u00e4. <br>Betavivon rapeat kaurahiutaleet, joissa on beetaglukaania, auttavat sinua alentamaan veren kolesterolitasoja.<\/p>\n<div class=\"wp-block-buttons is-layout-flex wp-block-buttons-is-layout-flex\">\n<div class=\"wp-block-button\"><a class=\"wp-block-button__link wp-element-button\" href=\"https:\/\/betavivo.com\/fi\/tuotteet\/\">Lue lis\u00e4\u00e4<\/a><\/div>\n<\/div>\n<\/div><\/div><\/div><\/section>\n\n\n\n<div class=\"wp-block-karopharma-free-text pt-small pb-small bg-center bg-cover bg-no-repeat  is-style-secondary\" style=\"background-image:url()\"><div class=\"free-text-wrapper container max-w-medium text-left\">\n<h2 class=\"wp-block-heading\"><\/h2>\n<\/div><\/div>\n\n\n\n<div class=\"wp-block-karopharma-several-images-with-text several-images-with-text is-style-secondary\"><div class=\"container large col-1 content-align-center\" test-data=\"inner-content\">\n<section class=\"wp-block-karopharma-image-with-text image-with-text image-with-text__full-width\"><div class=\"image-with-text-container \"><div class=\"image-with-text-container-image-container\"><img decoding=\"async\" loading=\"lazy\" src=\"https:\/\/betavivo.com\/cdn-cgi\/image\/format=auto\/app\/uploads\/sites\/5\/2024\/10\/betavivo-square.jpg\" alt=\"betavivo-square\"\/><\/div><div class=\"image-with-text-container-content\" style=\"text-align:left\" data-test=\"content\"><div class=\"content\"><p class=\"body\" data-test=\"body\">Kauramurot<\/p>\n<div class=\"wp-block-buttons is-layout-flex wp-block-buttons-is-layout-flex\">\n<div class=\"wp-block-button is-style-secondary-button\"><a class=\"wp-block-button__link wp-element-button\" href=\"https:\/\/betavivo.com\/fi\/tuotteet\/\">Lue lis\u00e4\u00e4<\/a><\/div>\n<\/div>\n<\/div><\/div><\/div><\/section>\n\n\n\n<section class=\"wp-block-karopharma-image-with-text image-with-text image-with-text__full-width\"><div class=\"image-with-text-container \"><div class=\"image-with-text-container-image-container\"><img decoding=\"async\" loading=\"lazy\" src=\"https:\/\/betavivo.com\/cdn-cgi\/image\/format=auto\/app\/uploads\/sites\/5\/2022\/07\/questions-and-answers_square.jpeg\" alt=\"Kysymyksi\u00e4 &amp; vastauksia\"\/><\/div><div class=\"image-with-text-container-content\" style=\"text-align:center\" data-test=\"content\"><div class=\"content\"><p class=\"body\" data-test=\"body\">Kysymyksi\u00e4 &amp; vastauksia<\/p>\n<div class=\"wp-block-buttons is-layout-flex wp-block-buttons-is-layout-flex\">\n<div class=\"wp-block-button is-style-secondary-button\"><a class=\"wp-block-button__link wp-element-button\" href=\"https:\/\/betavivo.com\/fi\/usein-kysyttya\/\">Lue lis\u00e4\u00e4<\/a><\/div>\n<\/div>\n<\/div><\/div><\/div><\/section>\n\n\n\n<section class=\"wp-block-karopharma-image-with-text image-with-text image-with-text__full-width\"><div class=\"image-with-text-container \"><div class=\"image-with-text-container-image-container\"><img decoding=\"async\" loading=\"lazy\" src=\"https:\/\/betavivo.com\/cdn-cgi\/image\/format=auto\/app\/uploads\/sites\/5\/2022\/07\/high-blood-glucose_square.jpeg\" alt=\"Korkea verensokeri\"\/><\/div><div class=\"image-with-text-container-content\" style=\"text-align:left\" data-test=\"content\"><div class=\"content\"><p class=\"body\" data-test=\"body\">Korkea verensokeri<\/p>\n<div class=\"wp-block-buttons is-layout-flex wp-block-buttons-is-layout-flex\">\n<div class=\"wp-block-button is-style-secondary-button\"><a class=\"wp-block-button__link wp-element-button\" href=\"https:\/\/betavivo.com\/fi\/kolesteroli-ja-verensokeri\/verensokeri\/\">Lue lis\u00e4\u00e4<\/a><\/div>\n<\/div>\n<\/div><\/div><\/div><\/section>\n\n\n\n<section class=\"wp-block-karopharma-image-with-text image-with-text image-with-text__full-width\"><div class=\"image-with-text-container \"><div class=\"image-with-text-container-image-container\"><img decoding=\"async\" loading=\"lazy\" src=\"https:\/\/betavivo.com\/cdn-cgi\/image\/format=auto\/app\/uploads\/sites\/5\/2022\/07\/cholesterol-and-diet_square.jpeg\" alt=\"Kolesteroli ja ruokavalio\"\/><\/div><div class=\"image-with-text-container-content\" style=\"text-align:left\" data-test=\"content\"><div class=\"content\"><p class=\"body\" data-test=\"body\">Kolesteroli ja ruokavalio<\/p>\n<div class=\"wp-block-buttons is-layout-flex wp-block-buttons-is-layout-flex\">\n<div class=\"wp-block-button is-style-secondary-button\"><a class=\"wp-block-button__link wp-element-button\" href=\"https:\/\/betavivo.com\/fi\/kolesteroli-ja-verensokeri\/kolesteroli\/\">Lue lis\u00e4\u00e4<\/a><\/div>\n<\/div>\n<\/div><\/div><\/div><\/section>\n<\/div><\/div>\n\n\n\n<div class=\"wp-block-karopharma-free-text pt-small pb-none bg-center bg-cover bg-no-repeat  is-style-secondary\" style=\"background-image:url()\"><div class=\"free-text-wrapper container max-w-medium text-left\">\n<h2 class=\"wp-block-heading\"><\/h2>\n<\/div><\/div>\n","protected":false},"excerpt":{"rendered":"","protected":false},"author":3,"featured_media":0,"parent":0,"menu_order":0,"comment_status":"closed","ping_status":"closed","template":"","meta":{"_acf_changed":false,"footnotes":""},"from-article-database":[],"class_list":["post-5","page","type-page","status-publish","hentry"],"acf":[],"yoast_head":"<!-- This site is optimized with the Yoast SEO plugin v26.6 - https:\/\/yoast.com\/wordpress\/plugins\/seo\/ -->\n<title>Betavivo - Betavivo<\/title>\n<meta name=\"description\" content=\"Noin kuudella kymmenest\u00e4 aikuisesta on kohonnut veren kolesterolitaso. Se johtuu el\u00e4m\u00e4ntavoista, ruokavaliosta ja toisinaan perinn\u00f6llisist\u00e4 tekij\u00f6ist\u00e4. Betavivo auttaa laskemaan veren kolesterolitasoa luonnollisesti ja tehokkaasti.\" \/>\n<meta name=\"robots\" content=\"index, follow, max-snippet:-1, max-image-preview:large, max-video-preview:-1\" \/>\n<link rel=\"canonical\" href=\"https:\/\/betavivo.com\/fi\/\" \/>\n<meta property=\"og:locale\" content=\"fi_FI\" \/>\n<meta property=\"og:type\" content=\"article\" \/>\n<meta property=\"og:title\" content=\"Betavivo - Betavivo\" \/>\n<meta property=\"og:description\" content=\"Noin kuudella kymmenest\u00e4 aikuisesta on kohonnut veren kolesterolitaso. Se johtuu el\u00e4m\u00e4ntavoista, ruokavaliosta ja toisinaan perinn\u00f6llisist\u00e4 tekij\u00f6ist\u00e4. Betavivo auttaa laskemaan veren kolesterolitasoa luonnollisesti ja tehokkaasti.\" \/>\n<meta property=\"og:url\" content=\"https:\/\/betavivo.com\/fi\/\" \/>\n<meta property=\"og:site_name\" content=\"Betavivo\" \/>\n<meta property=\"article:modified_time\" content=\"2024-10-23T12:44:25+00:00\" \/>\n<meta property=\"og:image\" content=\"https:\/\/betavivo.com\/cdn-cgi\/image\/format=auto\/app\/uploads\/sites\/5\/2024\/10\/topp-newpack.jpg\" \/>\n<meta name=\"twitter:card\" content=\"summary_large_image\" \/>\n<meta name=\"twitter:label1\" content=\"Est. reading time\" \/>\n\t<meta name=\"twitter:data1\" content=\"2 minutes\" \/>\n<script type=\"application\/ld+json\" class=\"yoast-schema-graph\">{\"@context\":\"https:\/\/schema.org\",\"@graph\":[{\"@type\":\"WebPage\",\"@id\":\"https:\/\/betavivo.com\/fi\/\",\"url\":\"https:\/\/betavivo.com\/fi\/\",\"name\":\"Betavivo - Betavivo\",\"isPartOf\":{\"@id\":\"https:\/\/betavivo.com\/fi\/#website\"},\"primaryImageOfPage\":{\"@id\":\"https:\/\/betavivo.com\/fi\/#primaryimage\"},\"image\":{\"@id\":\"https:\/\/betavivo.com\/fi\/#primaryimage\"},\"thumbnailUrl\":\"https:\/\/betavivo.com\/cdn-cgi\/image\/format=auto\/app\/uploads\/sites\/5\/2024\/10\/topp-newpack.jpg\",\"datePublished\":\"2022-07-13T05:41:24+00:00\",\"dateModified\":\"2024-10-23T12:44:25+00:00\",\"description\":\"Noin kuudella kymmenest\u00e4 aikuisesta on kohonnut veren kolesterolitaso. Se johtuu el\u00e4m\u00e4ntavoista, ruokavaliosta ja toisinaan perinn\u00f6llisist\u00e4 tekij\u00f6ist\u00e4. Betavivo auttaa laskemaan veren kolesterolitasoa luonnollisesti ja tehokkaasti.\",\"breadcrumb\":{\"@id\":\"https:\/\/betavivo.com\/fi\/#breadcrumb\"},\"inLanguage\":\"fi-FI\",\"potentialAction\":[{\"@type\":\"ReadAction\",\"target\":[\"https:\/\/betavivo.com\/fi\/\"]}]},{\"@type\":\"ImageObject\",\"inLanguage\":\"fi-FI\",\"@id\":\"https:\/\/betavivo.com\/fi\/#primaryimage\",\"url\":\"https:\/\/betavivo.com\/cdn-cgi\/image\/format=auto\/app\/uploads\/sites\/5\/2024\/10\/topp-newpack.jpg\",\"contentUrl\":\"https:\/\/betavivo.com\/cdn-cgi\/image\/format=auto\/app\/uploads\/sites\/5\/2024\/10\/topp-newpack.jpg\"},{\"@type\":\"BreadcrumbList\",\"@id\":\"https:\/\/betavivo.com\/fi\/#breadcrumb\",\"itemListElement\":[{\"@type\":\"ListItem\",\"position\":1,\"name\":\"Home\",\"item\":\"https:\/\/betavivo.com\/fi\/\"},{\"@type\":\"ListItem\",\"position\":2,\"name\":\"Betavivo\"}]},{\"@type\":\"WebSite\",\"@id\":\"https:\/\/betavivo.com\/fi\/#website\",\"url\":\"https:\/\/betavivo.com\/fi\/\",\"name\":\"Betavivo\",\"description\":\"\",\"publisher\":{\"@id\":\"https:\/\/betavivo.com\/fi\/#organization\"},\"potentialAction\":[{\"@type\":\"SearchAction\",\"target\":{\"@type\":\"EntryPoint\",\"urlTemplate\":\"https:\/\/betavivo.com\/fi\/?s={search_term_string}\"},\"query-input\":{\"@type\":\"PropertyValueSpecification\",\"valueRequired\":true,\"valueName\":\"search_term_string\"}}],\"inLanguage\":\"fi-FI\"},{\"@type\":\"Organization\",\"@id\":\"https:\/\/betavivo.com\/fi\/#organization\",\"name\":\"Betavivo\",\"url\":\"https:\/\/betavivo.com\/fi\/\",\"logo\":{\"@type\":\"ImageObject\",\"inLanguage\":\"fi-FI\",\"@id\":\"https:\/\/betavivo.com\/fi\/#\/schema\/logo\/image\/\",\"url\":\"https:\/\/betavivo.com\/app\/uploads\/sites\/5\/2022\/07\/betavivo-logo.png\",\"contentUrl\":\"https:\/\/betavivo.com\/app\/uploads\/sites\/5\/2022\/07\/betavivo-logo.png\",\"width\":164,\"height\":24,\"caption\":\"Betavivo\"},\"image\":{\"@id\":\"https:\/\/betavivo.com\/fi\/#\/schema\/logo\/image\/\"}}]}<\/script>\n<!-- \/ Yoast SEO plugin. -->","yoast_head_json":{"title":"Betavivo - Betavivo","description":"Noin kuudella kymmenest\u00e4 aikuisesta on kohonnut veren kolesterolitaso. Se johtuu el\u00e4m\u00e4ntavoista, ruokavaliosta ja toisinaan perinn\u00f6llisist\u00e4 tekij\u00f6ist\u00e4. Betavivo auttaa laskemaan veren kolesterolitasoa luonnollisesti ja tehokkaasti.","robots":{"index":"index","follow":"follow","max-snippet":"max-snippet:-1","max-image-preview":"max-image-preview:large","max-video-preview":"max-video-preview:-1"},"canonical":"https:\/\/betavivo.com\/fi\/","og_locale":"fi_FI","og_type":"article","og_title":"Betavivo - Betavivo","og_description":"Noin kuudella kymmenest\u00e4 aikuisesta on kohonnut veren kolesterolitaso. Se johtuu el\u00e4m\u00e4ntavoista, ruokavaliosta ja toisinaan perinn\u00f6llisist\u00e4 tekij\u00f6ist\u00e4. Betavivo auttaa laskemaan veren kolesterolitasoa luonnollisesti ja tehokkaasti.","og_url":"https:\/\/betavivo.com\/fi\/","og_site_name":"Betavivo","article_modified_time":"2024-10-23T12:44:25+00:00","og_image":[{"url":"https:\/\/betavivo.com\/cdn-cgi\/image\/format=auto\/app\/uploads\/sites\/5\/2024\/10\/topp-newpack.jpg","type":"","width":"","height":""}],"twitter_card":"summary_large_image","twitter_misc":{"Est. reading time":"2 minutes"},"schema":{"@context":"https:\/\/schema.org","@graph":[{"@type":"WebPage","@id":"https:\/\/betavivo.com\/fi\/","url":"https:\/\/betavivo.com\/fi\/","name":"Betavivo - Betavivo","isPartOf":{"@id":"https:\/\/betavivo.com\/fi\/#website"},"primaryImageOfPage":{"@id":"https:\/\/betavivo.com\/fi\/#primaryimage"},"image":{"@id":"https:\/\/betavivo.com\/fi\/#primaryimage"},"thumbnailUrl":"https:\/\/betavivo.com\/cdn-cgi\/image\/format=auto\/app\/uploads\/sites\/5\/2024\/10\/topp-newpack.jpg","datePublished":"2022-07-13T05:41:24+00:00","dateModified":"2024-10-23T12:44:25+00:00","description":"Noin kuudella kymmenest\u00e4 aikuisesta on kohonnut veren kolesterolitaso. Se johtuu el\u00e4m\u00e4ntavoista, ruokavaliosta ja toisinaan perinn\u00f6llisist\u00e4 tekij\u00f6ist\u00e4. Betavivo auttaa laskemaan veren kolesterolitasoa luonnollisesti ja tehokkaasti.","breadcrumb":{"@id":"https:\/\/betavivo.com\/fi\/#breadcrumb"},"inLanguage":"fi-FI","potentialAction":[{"@type":"ReadAction","target":["https:\/\/betavivo.com\/fi\/"]}]},{"@type":"ImageObject","inLanguage":"fi-FI","@id":"https:\/\/betavivo.com\/fi\/#primaryimage","url":"https:\/\/betavivo.com\/cdn-cgi\/image\/format=auto\/app\/uploads\/sites\/5\/2024\/10\/topp-newpack.jpg","contentUrl":"https:\/\/betavivo.com\/cdn-cgi\/image\/format=auto\/app\/uploads\/sites\/5\/2024\/10\/topp-newpack.jpg"},{"@type":"BreadcrumbList","@id":"https:\/\/betavivo.com\/fi\/#breadcrumb","itemListElement":[{"@type":"ListItem","position":1,"name":"Home","item":"https:\/\/betavivo.com\/fi\/"},{"@type":"ListItem","position":2,"name":"Betavivo"}]},{"@type":"WebSite","@id":"https:\/\/betavivo.com\/fi\/#website","url":"https:\/\/betavivo.com\/fi\/","name":"Betavivo","description":"","publisher":{"@id":"https:\/\/betavivo.com\/fi\/#organization"},"potentialAction":[{"@type":"SearchAction","target":{"@type":"EntryPoint","urlTemplate":"https:\/\/betavivo.com\/fi\/?s={search_term_string}"},"query-input":{"@type":"PropertyValueSpecification","valueRequired":true,"valueName":"search_term_string"}}],"inLanguage":"fi-FI"},{"@type":"Organization","@id":"https:\/\/betavivo.com\/fi\/#organization","name":"Betavivo","url":"https:\/\/betavivo.com\/fi\/","logo":{"@type":"ImageObject","inLanguage":"fi-FI","@id":"https:\/\/betavivo.com\/fi\/#\/schema\/logo\/image\/","url":"https:\/\/betavivo.com\/app\/uploads\/sites\/5\/2022\/07\/betavivo-logo.png","contentUrl":"https:\/\/betavivo.com\/app\/uploads\/sites\/5\/2022\/07\/betavivo-logo.png","width":164,"height":24,"caption":"Betavivo"},"image":{"@id":"https:\/\/betavivo.com\/fi\/#\/schema\/logo\/image\/"}}]}},"_links":{"self":[{"href":"https:\/\/betavivo.com\/fi\/wp-json\/wp\/v2\/pages\/5","targetHints":{"allow":["GET"]}}],"collection":[{"href":"https:\/\/betavivo.com\/fi\/wp-json\/wp\/v2\/pages"}],"about":[{"href":"https:\/\/betavivo.com\/fi\/wp-json\/wp\/v2\/types\/page"}],"author":[{"embeddable":true,"href":"https:\/\/betavivo.com\/fi\/wp-json\/wp\/v2\/users\/3"}],"replies":[{"embeddable":true,"href":"https:\/\/betavivo.com\/fi\/wp-json\/wp\/v2\/comments?post=5"}],"version-history":[{"count":10,"href":"https:\/\/betavivo.com\/fi\/wp-json\/wp\/v2\/pages\/5\/revisions"}],"predecessor-version":[{"id":484,"href":"https:\/\/betavivo.com\/fi\/wp-json\/wp\/v2\/pages\/5\/revisions\/484"}],"wp:attachment":[{"href":"https:\/\/betavivo.com\/fi\/wp-json\/wp\/v2\/media?parent=5"}],"wp:term":[{"taxonomy":"from-article-database","embeddable":true,"href":"https:\/\/betavivo.com\/fi\/wp-json\/wp\/v2\/from-article-database?post=5"}],"curies":[{"name":"wp","href":"https:\/\/api.w.org\/{rel}","templated":true}]}}