{"id":35,"date":"2022-07-13T08:52:31","date_gmt":"2022-07-13T05:52:31","guid":{"rendered":"https:\/\/betavivo.com\/fi\/?page_id=35"},"modified":"2024-10-23T09:27:16","modified_gmt":"2024-10-23T06:27:16","slug":"usein-kysyttya","status":"publish","type":"page","link":"https:\/\/betavivo.com\/fi\/usein-kysyttya\/","title":{"rendered":"Usein kysytty\u00e4"},"content":{"rendered":"\n<div class=\"wp-block-karopharma-background-image-with-text-v2 background-image-with-text-v2 undefined content-position-center fixed-height-layout\" datatest=\"root\"><div class=\"background-image-with-text-wrapper\"><picture class=\"background-image-with-text-image\"><source media=\"(max-width: 560px)\" srcset=\"https:\/\/betavivo.com\/cdn-cgi\/image\/format=auto,width=560\/app\/uploads\/sites\/5\/2022\/07\/bakgrund-temp-faq.jpg\"\/><source media=\"(max-width: 800px)\" srcset=\"https:\/\/betavivo.com\/cdn-cgi\/image\/format=auto,width=800\/app\/uploads\/sites\/5\/2022\/07\/bakgrund-temp-faq.jpg\"\/><source media=\"(max-width: 1920px)\" srcset=\"https:\/\/betavivo.com\/cdn-cgi\/image\/format=auto,width=1920\/app\/uploads\/sites\/5\/2022\/07\/bakgrund-temp-faq.jpg\"\/><img decoding=\"async\" width=\"1920\" height=\"649\" datatest=\"background-image\" loading=\"lazy\" class=\"object-center object-cover\" src=\"https:\/\/betavivo.com\/cdn-cgi\/image\/format=auto\/app\/uploads\/sites\/5\/2022\/07\/bakgrund-temp-faq.jpg\" alt=\"Kysymyksi\u00e4 &amp; vastauksia\"\/><\/picture><div datatest=\"content-wrapper\" class=\"background-image-with-text-content-wrapper container max-w-medium text-alignment-left  pt-large pb-large\"><div class=\"content\">\n<div class=\"wp-block-buttons is-layout-flex wp-block-buttons-is-layout-flex\"><\/div>\n<\/div><\/div><\/div><\/div>\n\n\n\n<div class=\"wp-block-karopharma-free-text pt-large pb-small bg-center bg-cover bg-no-repeat\" style=\"background-image:url()\"><div class=\"free-text-wrapper container max-w-medium text-center\">\n<h1 class=\"wp-block-heading is-style-heading-h2\">Kysymyksi\u00e4 ja vastauksia Betavivosta<\/h1>\n\n\n\n<p>Olemme koonneet t\u00e4h\u00e4n yleisimpi\u00e4 tuotteistamme esitettyj\u00e4 kysymyksi\u00e4.<\/p>\n<\/div><\/div>\n\n\n\n<div class=\"wp-block-karopharma-accordions\"><div class=\"container\">\n<details class=\"wp-block-karopharma-accordion\"><summary><h2 class=\"accordion-title\">Sis\u00e4lt\u00e4v\u00e4tk\u00f6 Betavivo-kauramurot gluteenia?<\/h2><\/summary><div class=\"accordion-content\">\n<p>Betavivo sis\u00e4lt\u00e4\u00e4 kaurajauhoa, kauraleseit\u00e4 ja fruktoosia. Kaura ei itsess\u00e4\u00e4n sis\u00e4ll\u00e4 gluteenia, mutta emme voi taata, ett\u00e4 pellot, joilla kaura on kasvanut, ovat t\u00e4ysin puhtaita gluteenista. Lis\u00e4ksi koneissa saattaa olla gluteenij\u00e4\u00e4mi\u00e4. Valmiste sis\u00e4lt\u00e4\u00e4 hyvin pieni\u00e4 m\u00e4\u00e4ri\u00e4 gluteenia ja sen m\u00e4\u00e4r\u00e4 vaihtelee tuotantoerien v\u00e4lill\u00e4.<\/p>\n<\/div><\/details>\n\n\n\n<details class=\"wp-block-karopharma-accordion\"><summary><h2 class=\"accordion-title\">Kenen kannattaa sy\u00f6d\u00e4 Betavivo-kauramuroja?<\/h2><\/summary><div class=\"accordion-content\">\n<p>Useimmat ihmiset voivat sy\u00f6d\u00e4 Betavivo-kauramuroja. Ne on valmistettu luonnollisista ainesosista. Betavivo-kauramurojen k\u00e4ytt\u00f6 sopii esimerkisksi seuraaville:<\/p>\n\n\n\n<ul class=\"is-style-default wp-block-list\">\n<li>Joiden on saatava v\u00e4hennetty\u00e4 veren kolesterolipitoisuutta, koska se on syd\u00e4n- ja verisuonisairauksien riskitekij\u00e4. Ne sopivat my\u00f6s t\u00e4ydent\u00e4m\u00e4\u00e4n l\u00e4\u00e4kehoitoa.<\/li>\n\n\n\n<li>Joiden glukoosinsietokyky on heikentynyt (esim. tyypin 2 diabetesta sairastavat) tai jotka kuuluvat riskiryhm\u00e4\u00e4n (usein ylipainoiset ja esidiabetesta sairastavat).<\/li>\n\n\n\n<li>Jotka haluavat yll\u00e4pit\u00e4\u00e4 normaaleja kolesteroliarvojaan ennaltaehk\u00e4isev\u00e4ss\u00e4 mieless\u00e4.<\/li>\n\n\n\n<li>Betavivo sopii kaikille, jotka haluavat tuntea olonsa kyll\u00e4iseksi pitk\u00e4\u00e4n ilman runsasta kalorim\u00e4\u00e4r\u00e4\u00e4 ja jotka haluavat nauttia ruokaa, jonka glykeeminen indeksi on pieni.<\/li>\n<\/ul>\n<\/div><\/details>\n\n\n\n<details class=\"wp-block-karopharma-accordion\"><summary><h2 class=\"accordion-title\">Mik\u00e4 tekee Betavivo-kauramuroista ainutlaatuisia?<\/h2><\/summary><div class=\"accordion-content\">\n<p>Betavivo-kauramurot sis\u00e4lt\u00e4v\u00e4t liukenevaa, bioaktiivista (eli ominaisuuksia, joilla on seuraavassa kuvailtuja terveytt\u00e4 edist\u00e4vi\u00e4 vaikutuksia) beetaglukaania enemm\u00e4n kuin tavalliset kauratuotteet, kuten kauraryynit, -leseet tai -juomat. Niiden valmistusmenetelm\u00e4 on ainutlaatuinen ja takaa Betavivo-kauramurojen ainutkertaisen laadun.<\/p>\n<\/div><\/details>\n\n\n\n<details class=\"wp-block-karopharma-accordion\"><summary><h2 class=\"accordion-title\">Onko Betavivo-kauramuroista oikeasti terveydellist\u00e4 hy\u00f6ty\u00e4?<\/h2><\/summary><div class=\"accordion-content\">\n<p>Kauran beetaglukaanin on todettu laskevan veren kolesterolipitoisuutta. Suuri kolesterolipitoisuus on syd\u00e4n- ja verisuonisairauksien kehittymisen riskitekij\u00e4. 3 g kauran beetaglukaania (yhden Betavivo-annoksen sis\u00e4lt\u00e4m\u00e4 m\u00e4\u00e4r\u00e4) on riitt\u00e4v\u00e4 p\u00e4ivitt\u00e4inen m\u00e4\u00e4r\u00e4 laskemaan kolesterolia. Kauran beetaglukaanin nauttiminen aterian yhteydess\u00e4 laskee verensokerim\u00e4\u00e4r\u00e4\u00e4 sy\u00f6misen j\u00e4lkeen. N\u00e4iden vaikutusten on osoitettu edist\u00e4v\u00e4n terveytt\u00e4.<\/p>\n\n\n\n<p><strong>Katso l\u00e4hteet<\/strong><\/p>\n\n\n\n<p class=\"is-style-paragraph-small\">EFSA, ART 14. SCIENTIFIC OPINION ON THE SUBSTANTIATION OF A HEALTH CLAIM RELATED TO OAT BETAGLUCAN AND LOWERING OF BLOOD CHOLESTEROL AND REDUCED RISK OF (CORONARY) HEART DISEASE PURSUANT TO ARTICLE 14 OF REGULATION (EC). NO 1924\/2006 European Food Safety Authority (EFSA), Parma, Italy. 8 dec 2010.<\/p>\n\n\n\n<p class=\"is-style-paragraph-small\">EFSA lournal 2010;8(12):1885<br>SCIENTIFIC OPINION ON THE SUBSTANTIATION OF HEALTH CLAIMS RELATED TO BETA-GLUCANS AND MAINTENANCE OF NORMAL BLOOD CHOLESTEROL CONCENTRATIONS (I) 754, 755, 757, 801, 1465, 2934) AND MAINTENANCE OR ACHIEVEMENT OF A NORMAL BODY WEIGHT (ID 820, 823) PURSUANT TO ARTICLE 13(1) OF REGULATION (EC) NO 1924\/200 EFSA Panel on Dietetic Products, Nutrition and Allergies (NDA)<br>European Food Safety Authority (EFSA), Parma, Italy<\/p>\n\n\n\n<p class=\"is-style-paragraph-small\">EFSA Journal 2009;7(9):1254<br>PHYSICOCHEMICAL PROPERTIES OF OAT BETAGLUCAN INFLUENCE ITS ABILITY TO REDUCE SERUM LDLCHOLESTEROL IN HUMANS: A RANDOMIZED CLINICAL TRIA Wolever TMS et al.<br>Am J Clin Nutr 2010; 92: 723-32.<\/p>\n\n\n\n<p class=\"is-style-paragraph-small\">MECHANISM OF SERUM CHOLESTEROL REDUCTION BY OAT BRAN Marlett J A, et al.<br>Hepathology20:1450, 1994<\/p>\n\n\n\n<p class=\"is-style-paragraph-small\">CHANGES IN BLOOD CHOLESTEROL AND STEROL METABOLITES ALTER INTAKE OF PRODUCTS ENRICHED WITH AN OAT BRAN CONCENTRATE WITHIN A CONTROLLED DIET. Amundsen \u00c5L et al.<br>Scandinavian Journal of Nutrition 2003; 47 (2): 68-74<\/p>\n\n\n\n<p class=\"is-style-paragraph-small\">FOUR-WEEK LOW-GLYCEMIC INDEX BREAKFAST WITH A MODEST AMOUNT OF SOLUBLE FIBERS IN TYPE 2 DIABETIC MEN. Kabir M, et al. Metabolim, 2002. 51(7): p 819-26.<\/p>\n\n\n\n<p class=\"is-style-paragraph-small\">OAT BRAN BREAD PRODUCTS IMPROVE LONG-TERM CONTROL OF DIABETES. A PILOT STUDY Pick M ,. et al.<br>J of Am Diet Assoc. 96:1254, 1996.1.<\/p>\n\n\n\n<p class=\"is-style-paragraph-small\">SCIENTIFIC OPINION ON THE SUBSTANTIATION OF HEALTH CLAIMS RELATED TO BETAGLUCANS FROM OATS AND BARLEY AND MAINTENANCE OF NORMAL BLOOD LDL-CHOLESTEROL CONCENTRATIONS (ID 1236, 1299), INCREASE IN SATIETY LEADING TO A REDUCTION IN ENERGY INTAKE (ID 851, 852), REDUCTION OF POST-PRANDIAL GLYCAEMIC RESPONSES (ID 821, 824), AND \u2018DIGESTIVE FUNCTION\u201d (ID 850) PURSUANT TO ARTICLE 13(1) OF REGULATION (EC) NO1924\/200 EFSA Panel on Dietetic Products, Nutrition and Allergies (NDA)European Food Safety Authority (EFSA), Parma, Italy<br>EFSA Journal 2011;9(6):2207<\/p>\n\n\n\n<p class=\"is-style-paragraph-small\">EFFECTS OF BREAKFAST CEREALS CONTAINING VARIOUS AMOUNTS OF BETAGLUCAN FIBERS ON PLASMA GLUCOSE AND INSULIN RESPONSE IN NIDDM SUBJECTS. Diabetes Care, vol 19, no 8, august 1996.<br>Tappy, L et al.<\/p>\n\n\n\n<p class=\"is-style-paragraph-small\">DEPRESSION OF THE GLYCEMIC INDEX BY HIGH LEVELS OF BETA-GLUCANFIBER IN TWO FUNCTIONAL FOODS TESTED IN TYPE 2 DIABETES. Jenkins, A L, et al.<br>Eur J Clin Nutr, 2002, 56(7): p. 622-8.<\/p>\n\n\n\n<p class=\"is-style-paragraph-small\">GLYCEMIC RESPONSE TO OAT BRAN MUFFINS TREATED TO VARY MOLECULAR WEIGHT OF BETAGLUCAN. Tosh S, et al.<br>Cereal Chem. 2008, 85(2):211-217.<\/p>\n\n\n\n<p class=\"is-style-paragraph-small\">GLYCEMIC RESPONSE TO EXTRUDED OAT BRAN CEREALS PROCESSED TO VARY IN MOLECULAR WEIGHT Brummer et al.<br>Cereal Chem. 89(5):255\u2013261<\/p>\n\n\n\n<p class=\"is-style-paragraph-small\">AVERAGE MEASURED SOLUBILITY AT 37O C OF BETAGLUCAN<\/p>\n\n\n\n<p class=\"is-style-paragraph-small\">PROCESSING AFFECTS THE PHYSICOCHEMICAL PROPERTIES OF BETAGLUCAN IN OAT BRAN CEREAL Tosh SM et al.<br>J. Agric. Food Chem. 2010, 58, 7723\u20137730<\/p>\n\n\n\n<p class=\"is-style-paragraph-small\">EFFECT OF COOKING AND STORAGE ON THE AMOUNT AND MOLECULAR WEIGHT OF (1-&gt;3) (1-&gt;4)- \u0392-D-GLUCAN EXTRACTED FROM OAT PRODUCTS BY AN IN VITRO DIGESTION SYSTEM. Beer MU et al.<br>Cereal Chem. 74(6):705-709<\/p>\n\n\n\n<p class=\"is-style-paragraph-small\">THE EFFECT OF PROCESSING ON THE MOLECULAR WEIGHT AND EXTRACTABILITY OF OAT BETAGLUCAN USING A METHOD TO SIMULATE physiological digestion<br>Anttila H et al.Poster AACC2004<\/p>\n\n\n\n<p class=\"is-style-paragraph-small\">OAT \u0392-GLUCAN INCREASES POSTPRANDIAL CHOLECYSTOKININ LEVELS, DECREASES INSULIN RESPONSE AND EXTENDS SUBJECTIVE SATIETY IN OVERWEIGHT SUBJECTS Beck EJ et al.<br>Mol. Nutr. Food Res. 2009, 53, 1343\u20131351<\/p>\n\n\n\n<p class=\"is-style-paragraph-small\">\u0392-GLUCAN REDUCE LDL CHOLESTEROL IN PATIENTS WITH MYASTHENIA GRAVIS Punga AR et al.<br>Eur J Clin Nutr.2013 Feb;67(2):226-7<\/p>\n<\/div><\/details>\n\n\n\n<details class=\"wp-block-karopharma-accordion\"><summary><h2 class=\"accordion-title\">Miten pitk\u00e4\u00e4n Betavivo-kauramuroja pit\u00e4\u00e4 sy\u00f6d\u00e4?<\/h2><\/summary><div class=\"accordion-content\">\n<p>Mit\u00e4 pidemp\u00e4\u00e4n valmistetta k\u00e4ytt\u00e4\u00e4, sit\u00e4 suuremmalla todenn\u00e4k\u00f6isyydell\u00e4 sen vaikutukset n\u00e4kyv\u00e4t. K\u00e4yt\u00f6n tulokset vaihtelevat eri ihmisill\u00e4, mutta suosittelemme 2\u20133 kuukauden s\u00e4\u00e4nn\u00f6llist\u00e4 k\u00e4ytt\u00f6\u00e4, jotta kolesterolitasot laskevat. Sen j\u00e4lkeen tuotteen k\u00e4ytt\u00f6\u00e4 voi jatkaa hyv\u00e4n kolesterolitason yll\u00e4pit\u00e4miseksi. Tuote vaikuttaa verensokeritasoon jokaisen nautitun annoksen j\u00e4lkeen.<\/p>\n<\/div><\/details>\n\n\n\n<details class=\"wp-block-karopharma-accordion\"><summary><h2 class=\"accordion-title\">Miten Betavivo-kauramuroja sy\u00f6d\u00e4\u00e4n?<\/h2><\/summary><div class=\"accordion-content\">\n<p>Betavivo-kauramurojen maku on mukavan neutraali ja sopii sek\u00e4 aamupalaksi ett\u00e4 v\u00e4lipalaksi esimerkiksi maidon, viilin tai jogurtin kera. Marjat ja p\u00e4hkin\u00e4t sopivat mainiosti kauramurojen seuraksi.<\/p>\n<\/div><\/details>\n\n\n\n<details class=\"wp-block-karopharma-accordion\"><summary><h2 class=\"accordion-title\">Miten Betavivo-kauramuroja annostellaan?<\/h2><\/summary><div class=\"accordion-content\">\n<p>Suositus on 0,9dl annos p\u00e4ivitt\u00e4in. Jokainen annos sis\u00e4lt\u00e4\u00e4 3 g beetaglukaania, joka on kolesterolin alentamiseen tarvittava p\u00e4ivitt\u00e4inen m\u00e4\u00e4r\u00e4.<\/p>\n<\/div><\/details>\n\n\n\n<details class=\"wp-block-karopharma-accordion\"><summary><h2 class=\"accordion-title\">Miten pitk\u00e4\u00e4n yksi pakkaus Betavivo-kauramuroja riitt\u00e4\u00e4?<\/h2><\/summary><div class=\"accordion-content\">\n<p>Betavivo Original -kauramuropakkaus riitt\u00e4\u00e4 22 p\u00e4ivitt\u00e4iseen annokseen. Betavivo Strawberry -kauramuropakkaus riitt\u00e4\u00e4 22 p\u00e4ivitt\u00e4iseen annokseen.<\/p>\n<\/div><\/details>\n\n\n\n<details class=\"wp-block-karopharma-accordion\"><summary><h2 class=\"accordion-title\">Onko Betavivo-kauramuroilla sivuvaikutuksia?<\/h2><\/summary><div class=\"accordion-content\">\n<p>Ei. Jos ei ole tottunut kuitupitoiseen ravintoon, alussa voi olla tavallista enemm\u00e4n ilmavaivoja. Jos n\u00e4in k\u00e4y, ota ensimm\u00e4isin\u00e4 p\u00e4ivin\u00e4 hieman pienempi annos ja juo runsaasti vett\u00e4. Sill\u00e4 tavoin vatsa tottuu tuotteeseen.<\/p>\n<\/div><\/details>\n\n\n\n<details class=\"wp-block-karopharma-accordion\"><summary><h2 class=\"accordion-title\">Onko Betavivo-kauramuroilla tunnettuja yhteisvaikutuksia l\u00e4\u00e4kevalmisteiden kanssa?<\/h2><\/summary><div class=\"accordion-content\">\n<p>Ei. Kolesterolia alentavia l\u00e4\u00e4kkeit\u00e4 (esim. statiineja) k\u00e4ytt\u00e4v\u00e4t voivat t\u00e4ydent\u00e4\u00e4 hoitoaan Betavivo-kauramuroilla.<\/p>\n<\/div><\/details>\n<\/div><\/div>\n","protected":false},"excerpt":{"rendered":"","protected":false},"author":3,"featured_media":0,"parent":0,"menu_order":0,"comment_status":"closed","ping_status":"closed","template":"","meta":{"_acf_changed":false,"footnotes":""},"from-article-database":[],"class_list":["post-35","page","type-page","status-publish","hentry"],"acf":[],"yoast_head":"<!-- This site is optimized with the Yoast SEO plugin v26.6 - https:\/\/yoast.com\/wordpress\/plugins\/seo\/ -->\n<title>Usein kysytty\u00e4 - Betavivo<\/title>\n<meta name=\"description\" content=\"Kysymyksi\u00e4 ja vastauksia Betavivosta. Olemme koonneet t\u00e4h\u00e4n yleisimpi\u00e4 tuotteistamme esitettyj\u00e4 kysymyksi\u00e4.\" \/>\n<meta name=\"robots\" content=\"index, follow, max-snippet:-1, max-image-preview:large, max-video-preview:-1\" \/>\n<link rel=\"canonical\" href=\"https:\/\/betavivo.com\/fi\/usein-kysyttya\/\" \/>\n<meta property=\"og:locale\" content=\"fi_FI\" \/>\n<meta property=\"og:type\" content=\"article\" \/>\n<meta property=\"og:title\" content=\"Usein kysytty\u00e4 - Betavivo\" \/>\n<meta property=\"og:description\" content=\"Kysymyksi\u00e4 ja vastauksia Betavivosta. Olemme koonneet t\u00e4h\u00e4n yleisimpi\u00e4 tuotteistamme esitettyj\u00e4 kysymyksi\u00e4.\" \/>\n<meta property=\"og:url\" content=\"https:\/\/betavivo.com\/fi\/usein-kysyttya\/\" \/>\n<meta property=\"og:site_name\" content=\"Betavivo\" \/>\n<meta property=\"article:modified_time\" content=\"2024-10-23T06:27:16+00:00\" \/>\n<meta property=\"og:image\" content=\"https:\/\/betavivo.com\/cdn-cgi\/image\/format=auto\/app\/uploads\/sites\/5\/2022\/07\/bakgrund-temp-faq.jpg\" \/>\n<meta name=\"twitter:card\" content=\"summary_large_image\" \/>\n<meta name=\"twitter:label1\" content=\"Est. reading time\" \/>\n\t<meta name=\"twitter:data1\" content=\"7 minutes\" \/>\n<script type=\"application\/ld+json\" class=\"yoast-schema-graph\">{\"@context\":\"https:\/\/schema.org\",\"@graph\":[{\"@type\":\"WebPage\",\"@id\":\"https:\/\/betavivo.com\/fi\/usein-kysyttya\/\",\"url\":\"https:\/\/betavivo.com\/fi\/usein-kysyttya\/\",\"name\":\"Usein kysytty\u00e4 - Betavivo\",\"isPartOf\":{\"@id\":\"https:\/\/betavivo.com\/fi\/#website\"},\"primaryImageOfPage\":{\"@id\":\"https:\/\/betavivo.com\/fi\/usein-kysyttya\/#primaryimage\"},\"image\":{\"@id\":\"https:\/\/betavivo.com\/fi\/usein-kysyttya\/#primaryimage\"},\"thumbnailUrl\":\"https:\/\/betavivo.com\/cdn-cgi\/image\/format=auto\/app\/uploads\/sites\/5\/2022\/07\/bakgrund-temp-faq.jpg\",\"datePublished\":\"2022-07-13T05:52:31+00:00\",\"dateModified\":\"2024-10-23T06:27:16+00:00\",\"description\":\"Kysymyksi\u00e4 ja vastauksia Betavivosta. Olemme koonneet t\u00e4h\u00e4n yleisimpi\u00e4 tuotteistamme esitettyj\u00e4 kysymyksi\u00e4.\",\"breadcrumb\":{\"@id\":\"https:\/\/betavivo.com\/fi\/usein-kysyttya\/#breadcrumb\"},\"inLanguage\":\"fi-FI\",\"potentialAction\":[{\"@type\":\"ReadAction\",\"target\":[\"https:\/\/betavivo.com\/fi\/usein-kysyttya\/\"]}]},{\"@type\":\"ImageObject\",\"inLanguage\":\"fi-FI\",\"@id\":\"https:\/\/betavivo.com\/fi\/usein-kysyttya\/#primaryimage\",\"url\":\"https:\/\/betavivo.com\/cdn-cgi\/image\/format=auto\/app\/uploads\/sites\/5\/2022\/07\/bakgrund-temp-faq.jpg\",\"contentUrl\":\"https:\/\/betavivo.com\/cdn-cgi\/image\/format=auto\/app\/uploads\/sites\/5\/2022\/07\/bakgrund-temp-faq.jpg\"},{\"@type\":\"BreadcrumbList\",\"@id\":\"https:\/\/betavivo.com\/fi\/usein-kysyttya\/#breadcrumb\",\"itemListElement\":[{\"@type\":\"ListItem\",\"position\":1,\"name\":\"Home\",\"item\":\"https:\/\/betavivo.com\/fi\/\"},{\"@type\":\"ListItem\",\"position\":2,\"name\":\"Usein kysytty\u00e4\"}]},{\"@type\":\"WebSite\",\"@id\":\"https:\/\/betavivo.com\/fi\/#website\",\"url\":\"https:\/\/betavivo.com\/fi\/\",\"name\":\"Betavivo\",\"description\":\"\",\"publisher\":{\"@id\":\"https:\/\/betavivo.com\/fi\/#organization\"},\"potentialAction\":[{\"@type\":\"SearchAction\",\"target\":{\"@type\":\"EntryPoint\",\"urlTemplate\":\"https:\/\/betavivo.com\/fi\/?s={search_term_string}\"},\"query-input\":{\"@type\":\"PropertyValueSpecification\",\"valueRequired\":true,\"valueName\":\"search_term_string\"}}],\"inLanguage\":\"fi-FI\"},{\"@type\":\"Organization\",\"@id\":\"https:\/\/betavivo.com\/fi\/#organization\",\"name\":\"Betavivo\",\"url\":\"https:\/\/betavivo.com\/fi\/\",\"logo\":{\"@type\":\"ImageObject\",\"inLanguage\":\"fi-FI\",\"@id\":\"https:\/\/betavivo.com\/fi\/#\/schema\/logo\/image\/\",\"url\":\"https:\/\/betavivo.com\/app\/uploads\/sites\/5\/2022\/07\/betavivo-logo.png\",\"contentUrl\":\"https:\/\/betavivo.com\/app\/uploads\/sites\/5\/2022\/07\/betavivo-logo.png\",\"width\":164,\"height\":24,\"caption\":\"Betavivo\"},\"image\":{\"@id\":\"https:\/\/betavivo.com\/fi\/#\/schema\/logo\/image\/\"}}]}<\/script>\n<!-- \/ Yoast SEO plugin. -->","yoast_head_json":{"title":"Usein kysytty\u00e4 - Betavivo","description":"Kysymyksi\u00e4 ja vastauksia Betavivosta. Olemme koonneet t\u00e4h\u00e4n yleisimpi\u00e4 tuotteistamme esitettyj\u00e4 kysymyksi\u00e4.","robots":{"index":"index","follow":"follow","max-snippet":"max-snippet:-1","max-image-preview":"max-image-preview:large","max-video-preview":"max-video-preview:-1"},"canonical":"https:\/\/betavivo.com\/fi\/usein-kysyttya\/","og_locale":"fi_FI","og_type":"article","og_title":"Usein kysytty\u00e4 - Betavivo","og_description":"Kysymyksi\u00e4 ja vastauksia Betavivosta. Olemme koonneet t\u00e4h\u00e4n yleisimpi\u00e4 tuotteistamme esitettyj\u00e4 kysymyksi\u00e4.","og_url":"https:\/\/betavivo.com\/fi\/usein-kysyttya\/","og_site_name":"Betavivo","article_modified_time":"2024-10-23T06:27:16+00:00","og_image":[{"url":"https:\/\/betavivo.com\/cdn-cgi\/image\/format=auto\/app\/uploads\/sites\/5\/2022\/07\/bakgrund-temp-faq.jpg","type":"","width":"","height":""}],"twitter_card":"summary_large_image","twitter_misc":{"Est. reading time":"7 minutes"},"schema":{"@context":"https:\/\/schema.org","@graph":[{"@type":"WebPage","@id":"https:\/\/betavivo.com\/fi\/usein-kysyttya\/","url":"https:\/\/betavivo.com\/fi\/usein-kysyttya\/","name":"Usein kysytty\u00e4 - Betavivo","isPartOf":{"@id":"https:\/\/betavivo.com\/fi\/#website"},"primaryImageOfPage":{"@id":"https:\/\/betavivo.com\/fi\/usein-kysyttya\/#primaryimage"},"image":{"@id":"https:\/\/betavivo.com\/fi\/usein-kysyttya\/#primaryimage"},"thumbnailUrl":"https:\/\/betavivo.com\/cdn-cgi\/image\/format=auto\/app\/uploads\/sites\/5\/2022\/07\/bakgrund-temp-faq.jpg","datePublished":"2022-07-13T05:52:31+00:00","dateModified":"2024-10-23T06:27:16+00:00","description":"Kysymyksi\u00e4 ja vastauksia Betavivosta. Olemme koonneet t\u00e4h\u00e4n yleisimpi\u00e4 tuotteistamme esitettyj\u00e4 kysymyksi\u00e4.","breadcrumb":{"@id":"https:\/\/betavivo.com\/fi\/usein-kysyttya\/#breadcrumb"},"inLanguage":"fi-FI","potentialAction":[{"@type":"ReadAction","target":["https:\/\/betavivo.com\/fi\/usein-kysyttya\/"]}]},{"@type":"ImageObject","inLanguage":"fi-FI","@id":"https:\/\/betavivo.com\/fi\/usein-kysyttya\/#primaryimage","url":"https:\/\/betavivo.com\/cdn-cgi\/image\/format=auto\/app\/uploads\/sites\/5\/2022\/07\/bakgrund-temp-faq.jpg","contentUrl":"https:\/\/betavivo.com\/cdn-cgi\/image\/format=auto\/app\/uploads\/sites\/5\/2022\/07\/bakgrund-temp-faq.jpg"},{"@type":"BreadcrumbList","@id":"https:\/\/betavivo.com\/fi\/usein-kysyttya\/#breadcrumb","itemListElement":[{"@type":"ListItem","position":1,"name":"Home","item":"https:\/\/betavivo.com\/fi\/"},{"@type":"ListItem","position":2,"name":"Usein kysytty\u00e4"}]},{"@type":"WebSite","@id":"https:\/\/betavivo.com\/fi\/#website","url":"https:\/\/betavivo.com\/fi\/","name":"Betavivo","description":"","publisher":{"@id":"https:\/\/betavivo.com\/fi\/#organization"},"potentialAction":[{"@type":"SearchAction","target":{"@type":"EntryPoint","urlTemplate":"https:\/\/betavivo.com\/fi\/?s={search_term_string}"},"query-input":{"@type":"PropertyValueSpecification","valueRequired":true,"valueName":"search_term_string"}}],"inLanguage":"fi-FI"},{"@type":"Organization","@id":"https:\/\/betavivo.com\/fi\/#organization","name":"Betavivo","url":"https:\/\/betavivo.com\/fi\/","logo":{"@type":"ImageObject","inLanguage":"fi-FI","@id":"https:\/\/betavivo.com\/fi\/#\/schema\/logo\/image\/","url":"https:\/\/betavivo.com\/app\/uploads\/sites\/5\/2022\/07\/betavivo-logo.png","contentUrl":"https:\/\/betavivo.com\/app\/uploads\/sites\/5\/2022\/07\/betavivo-logo.png","width":164,"height":24,"caption":"Betavivo"},"image":{"@id":"https:\/\/betavivo.com\/fi\/#\/schema\/logo\/image\/"}}]}},"_links":{"self":[{"href":"https:\/\/betavivo.com\/fi\/wp-json\/wp\/v2\/pages\/35","targetHints":{"allow":["GET"]}}],"collection":[{"href":"https:\/\/betavivo.com\/fi\/wp-json\/wp\/v2\/pages"}],"about":[{"href":"https:\/\/betavivo.com\/fi\/wp-json\/wp\/v2\/types\/page"}],"author":[{"embeddable":true,"href":"https:\/\/betavivo.com\/fi\/wp-json\/wp\/v2\/users\/3"}],"replies":[{"embeddable":true,"href":"https:\/\/betavivo.com\/fi\/wp-json\/wp\/v2\/comments?post=35"}],"version-history":[{"count":9,"href":"https:\/\/betavivo.com\/fi\/wp-json\/wp\/v2\/pages\/35\/revisions"}],"predecessor-version":[{"id":454,"href":"https:\/\/betavivo.com\/fi\/wp-json\/wp\/v2\/pages\/35\/revisions\/454"}],"wp:attachment":[{"href":"https:\/\/betavivo.com\/fi\/wp-json\/wp\/v2\/media?parent=35"}],"wp:term":[{"taxonomy":"from-article-database","embeddable":true,"href":"https:\/\/betavivo.com\/fi\/wp-json\/wp\/v2\/from-article-database?post=35"}],"curies":[{"name":"wp","href":"https:\/\/api.w.org\/{rel}","templated":true}]}}