{"id":33,"date":"2022-07-13T08:51:56","date_gmt":"2022-07-13T05:51:56","guid":{"rendered":"https:\/\/betavivo.com\/fi\/?page_id=33"},"modified":"2024-10-23T09:27:16","modified_gmt":"2024-10-23T06:27:16","slug":"tietoja-betavivosta","status":"publish","type":"page","link":"https:\/\/betavivo.com\/fi\/tietoja-betavivosta\/","title":{"rendered":"Tietoja Betavivosta"},"content":{"rendered":"\n<div class=\"wp-block-karopharma-free-text pt-large pb-large bg-center bg-cover bg-no-repeat  is-style-tertiary\" style=\"background-image:url()\"><div class=\"free-text-wrapper container max-w-small text-center\">\n<h1 class=\"is-style-heading-huge wp-block-heading\">Tietoja Betaviosta<\/h1>\n\n\n\n<p class=\"is-style-paragraph-preamble\">Betavivo kaurasyd\u00e4met sis\u00e4lt\u00e4v\u00e4t kauran betaglukaania, jonka on todettu laskevan kolesterolia. 3 g kauran beetaglukaania (yhden Betavivo-kaurasyd\u00e4nannoksen sis\u00e4lt\u00e4m\u00e4 m\u00e4\u00e4r\u00e4) on riitt\u00e4v\u00e4 p\u00e4ivitt\u00e4inen m\u00e4\u00e4r\u00e4 laskemaan kolesterolia. <\/p>\n\n\n\n<p class=\"is-style-paragraph-body-text\">Kauran beetaglukaanin nauttiminen aterian yhteydess\u00e4 auttaa v\u00e4hent\u00e4m\u00e4\u00e4n aterian j\u00e4lkeist\u00e4 verensokerin nousua.<\/p>\n<\/div><\/div>\n\n\n<div class=\"product-list wp-block-karopharma-product-list\" data-testid=\"product-list\">\n      <div class=\"swiper-container\">\n      <div class=\"swiper\">\n        <div class=\"swiper-wrapper\">\n                      <div class=\"swiper-slide\">\n              <div class=\"product-card\" data-testid=\"product-card\">\n  <a\n    href=https:\/\/betavivo.com\/fi\/tuote\/betavivo-strawberry-kauramurot\/\n    class=\"product-card-link\"\n    title=\"Betavivo Strawberry\u2013kauramurot\"\n  >\n  <figure class=\"product-card-image\" data-testid=\"product-image\">\n                          <img decoding=\"async\" src=\"https:\/\/betavivo.com\/cdn-cgi\/image\/width=700,format=auto\/app\/uploads\/sites\/5\/2022\/07\/Betavivo_HavrehjartanStrawberry_Left_2604_A01-copy.png\"\n        srcset=\"https:\/\/betavivo.com\/cdn-cgi\/image\/width=250,format=auto\/app\/uploads\/sites\/5\/2022\/07\/Betavivo_HavrehjartanStrawberry_Left_2604_A01-copy.png 250w,\n                https:\/\/betavivo.com\/cdn-cgi\/image\/width=500,format=auto\/app\/uploads\/sites\/5\/2022\/07\/Betavivo_HavrehjartanStrawberry_Left_2604_A01-copy.png 500w,\n                https:\/\/betavivo.com\/cdn-cgi\/image\/width=700,format=auto\/app\/uploads\/sites\/5\/2022\/07\/Betavivo_HavrehjartanStrawberry_Left_2604_A01-copy.png 700w\"\n        sizes=\"(max-width: 400px) 250px, (max-width: 800px) 500px, 700px\"\n        alt=\"Betavivo Mansikka \u2013kauramurot\"\n        class=\"img\">\n            <\/figure>\n    <div class=\"product-card-content\">\n      <div class=\"heading-wrapper\">\n        <h2 class=\"heading\">Betavivo Strawberry\u2013kauramurot<\/h2>\n      <\/div>\n      <div class=\"product-card-description\">Auttaa alentamaan kolesterolia<\/div>\n                      <\/div>\n  <\/a>\n          <div class=\"button-wrapper buy-now \" data-testid=\"buy-now\">\n      <div class=\"buy-now-container dropdown-container\">\n      <div class=\"theme-button button-primary-color dropdown-link\" aria-label=\"Osta heti\">\n          Osta heti <i class=\"dropdown\"><\/i>\n      <\/div>\n      <ul class=\"reseller-list submenu\">\n                    <li>\n              <a\n                href=\"https:\/\/www.nettiapteekki.fi\/products\/betavivo-strawberry-kauramurot-506-g\" onclick=\"dataLayer.push({'event':'ga_event', 'eventCategory':'Click on Reseller', 'eventAction':'Nettiapteekki', 'eventLabel':'Betavivo Strawberry\u2013kauramurot', 'eventValue': undefined})\" rel=\"noopener\" target=\"_blank\" title=\"Nettiapteekki\"\n                data-testid=\"buy-now-reseller\">\n                <i class=\"fa-solid fa-arrow-right\"><\/i> Nettiapteekki\n              <\/a>\n          <\/li>\n                    <li>\n              <a\n                href=\"https:\/\/www.oloapteekki.fi\/betavivo-strawberry-kauramurot-506-g\" onclick=\"dataLayer.push({'event':'ga_event', 'eventCategory':'Click on Reseller', 'eventAction':'Olo-apteekki', 'eventLabel':'Betavivo Strawberry\u2013kauramurot', 'eventValue': undefined})\" rel=\"noopener\" target=\"_blank\" title=\"Olo-apteekki\"\n                data-testid=\"buy-now-reseller\">\n                <i class=\"fa-solid fa-arrow-right\"><\/i> Olo-apteekki\n              <\/a>\n          <\/li>\n                    <li>\n              <a\n                href=\"https:\/\/www.verkkoapteekki.fi\/epages\/verkkoapteekki.sf\/fi_FI\/?ObjectPath=\/Shops\/verkkoapteekki\/Products\/2198299\" onclick=\"dataLayer.push({'event':'ga_event', 'eventCategory':'Click on Reseller', 'eventAction':'Verkkoapteekki', 'eventLabel':'Betavivo Strawberry\u2013kauramurot', 'eventValue': undefined})\" rel=\"noopener\" target=\"_blank\" title=\"Verkkoapteekki\"\n                data-testid=\"buy-now-reseller\">\n                <i class=\"fa-solid fa-arrow-right\"><\/i> Verkkoapteekki\n              <\/a>\n          <\/li>\n                    <li>\n              <a\n                href=\"https:\/\/www.yliopistonapteekki.fi\/betavivo-strawberry-kauramurot-506-g-98901\" onclick=\"dataLayer.push({'event':'ga_event', 'eventCategory':'Click on Reseller', 'eventAction':'Yliopiston Apteekki', 'eventLabel':'Betavivo Strawberry\u2013kauramurot', 'eventValue': undefined})\" rel=\"noopener\" target=\"_blank\" title=\"Yliopiston Apteekki\"\n                data-testid=\"buy-now-reseller\">\n                <i class=\"fa-solid fa-arrow-right\"><\/i> Yliopiston Apteekki\n              <\/a>\n          <\/li>\n                    <li>\n              <a\n                href=\"https:\/\/www.yliopistonverkkoapteekki.fi\/epages\/KYA.sf\/fi_FI\/?ObjectPath=\/Shops\/KYA\/Products\/2198299\" onclick=\"dataLayer.push({'event':'ga_event', 'eventCategory':'Click on Reseller', 'eventAction':'Yliopistonverkko apteekki', 'eventLabel':'Betavivo Strawberry\u2013kauramurot', 'eventValue': undefined})\" rel=\"noopener\" target=\"_blank\" title=\"Yliopistonverkko apteekki\"\n                data-testid=\"buy-now-reseller\">\n                <i class=\"fa-solid fa-arrow-right\"><\/i> Yliopistonverkko apteekki\n              <\/a>\n          <\/li>\n                <\/ul>\n    <\/div>\n  <\/div>\n  <\/div>\n            <\/div>\n                      <div class=\"swiper-slide\">\n              <div class=\"product-card\" data-testid=\"product-card\">\n  <a\n    href=https:\/\/betavivo.com\/fi\/tuote\/betavivo-kaurasydan\/\n    class=\"product-card-link\"\n    title=\"Betavivo Original \u2013kauramurot\"\n  >\n  <figure class=\"product-card-image\" data-testid=\"product-image\">\n                          <img decoding=\"async\" src=\"https:\/\/betavivo.com\/cdn-cgi\/image\/width=700,format=auto\/app\/uploads\/sites\/5\/2022\/07\/Betavivo_HavrehjartanOriginal_Left_2604_A01-copy.png\"\n        srcset=\"https:\/\/betavivo.com\/cdn-cgi\/image\/width=250,format=auto\/app\/uploads\/sites\/5\/2022\/07\/Betavivo_HavrehjartanOriginal_Left_2604_A01-copy.png 250w,\n                https:\/\/betavivo.com\/cdn-cgi\/image\/width=500,format=auto\/app\/uploads\/sites\/5\/2022\/07\/Betavivo_HavrehjartanOriginal_Left_2604_A01-copy.png 500w,\n                https:\/\/betavivo.com\/cdn-cgi\/image\/width=700,format=auto\/app\/uploads\/sites\/5\/2022\/07\/Betavivo_HavrehjartanOriginal_Left_2604_A01-copy.png 700w\"\n        sizes=\"(max-width: 400px) 250px, (max-width: 800px) 500px, 700px\"\n        alt=\"Betavivo Original \u2013kauramurot\"\n        class=\"img\">\n            <\/figure>\n    <div class=\"product-card-content\">\n      <div class=\"heading-wrapper\">\n        <h2 class=\"heading\">Betavivo Original \u2013kauramurot<\/h2>\n      <\/div>\n      <div class=\"product-card-description\">Auttaa alentamaan kolesterolia<\/div>\n                      <\/div>\n  <\/a>\n          <div class=\"button-wrapper buy-now \" data-testid=\"buy-now\">\n      <div class=\"buy-now-container dropdown-container\">\n      <div class=\"theme-button button-primary-color dropdown-link\" aria-label=\"Osta heti\">\n          Osta heti <i class=\"dropdown\"><\/i>\n      <\/div>\n      <ul class=\"reseller-list submenu\">\n                    <li>\n              <a\n                href=\"https:\/\/www.apteekkishop.fi\/epages\/ApteekkiShop.sf\/fi_FI\/?ObjectPath=\/Shops\/ApteekkiShop\/Products\/2171924\" onclick=\"dataLayer.push({'event':'ga_event', 'eventCategory':'Click on Reseller', 'eventAction':'Apteekkishop', 'eventLabel':'Betavivo Original \u2013kauramurot', 'eventValue': undefined})\" rel=\"noopener\" target=\"_blank\" title=\"Apteekkishop\"\n                data-testid=\"buy-now-reseller\">\n                <i class=\"fa-solid fa-arrow-right\"><\/i> Apteekkishop\n              <\/a>\n          <\/li>\n                    <li>\n              <a\n                href=\"https:\/\/www.nettiapteekki.fi\/products\/betavivo-original-kauramurot-506-g\" onclick=\"dataLayer.push({'event':'ga_event', 'eventCategory':'Click on Reseller', 'eventAction':'Nettiapteekki', 'eventLabel':'Betavivo Original \u2013kauramurot', 'eventValue': undefined})\" rel=\"noopener\" target=\"_blank\" title=\"Nettiapteekki\"\n                data-testid=\"buy-now-reseller\">\n                <i class=\"fa-solid fa-arrow-right\"><\/i> Nettiapteekki\n              <\/a>\n          <\/li>\n                    <li>\n              <a\n                href=\"https:\/\/www.oloapteekki.fi\/betavivo-original-kauramurot-506-g\" onclick=\"dataLayer.push({'event':'ga_event', 'eventCategory':'Click on Reseller', 'eventAction':'Olo-apteekki', 'eventLabel':'Betavivo Original \u2013kauramurot', 'eventValue': undefined})\" rel=\"noopener\" target=\"_blank\" title=\"Olo-apteekki\"\n                data-testid=\"buy-now-reseller\">\n                <i class=\"fa-solid fa-arrow-right\"><\/i> Olo-apteekki\n              <\/a>\n          <\/li>\n                    <li>\n              <a\n                href=\"https:\/\/www.verkkoapteekki.fi\/epages\/verkkoapteekki.sf\/fi_FI\/?ObjectPath=\/Shops\/verkkoapteekki\/Products\/2198281\" onclick=\"dataLayer.push({'event':'ga_event', 'eventCategory':'Click on Reseller', 'eventAction':'Verkkoapteekki', 'eventLabel':'Betavivo Original \u2013kauramurot', 'eventValue': undefined})\" rel=\"noopener\" target=\"_blank\" title=\"Verkkoapteekki\"\n                data-testid=\"buy-now-reseller\">\n                <i class=\"fa-solid fa-arrow-right\"><\/i> Verkkoapteekki\n              <\/a>\n          <\/li>\n                    <li>\n              <a\n                href=\"https:\/\/www.yliopistonapteekki.fi\/betavivo-original-kauramurot-506-g-98900\" onclick=\"dataLayer.push({'event':'ga_event', 'eventCategory':'Click on Reseller', 'eventAction':'Yliopiston Apteekki', 'eventLabel':'Betavivo Original \u2013kauramurot', 'eventValue': undefined})\" rel=\"noopener\" target=\"_blank\" title=\"Yliopiston Apteekki\"\n                data-testid=\"buy-now-reseller\">\n                <i class=\"fa-solid fa-arrow-right\"><\/i> Yliopiston Apteekki\n              <\/a>\n          <\/li>\n                    <li>\n              <a\n                href=\"https:\/\/www.yliopistonverkkoapteekki.fi\/epages\/KYA.sf\/fi_FI\/?ObjectPath=\/Shops\/KYA\/Products\/2198281\" onclick=\"dataLayer.push({'event':'ga_event', 'eventCategory':'Click on Reseller', 'eventAction':'Yliopistonverkko apteekki', 'eventLabel':'Betavivo Original \u2013kauramurot', 'eventValue': undefined})\" rel=\"noopener\" target=\"_blank\" title=\"Yliopistonverkko apteekki\"\n                data-testid=\"buy-now-reseller\">\n                <i class=\"fa-solid fa-arrow-right\"><\/i> Yliopistonverkko apteekki\n              <\/a>\n          <\/li>\n                <\/ul>\n    <\/div>\n  <\/div>\n  <\/div>\n            <\/div>\n                  <\/div>\n        <div class=\"swiper-scrollbar\"><\/div>\n      <\/div>\n    <\/div>\n  <\/div>\n","protected":false},"excerpt":{"rendered":"","protected":false},"author":3,"featured_media":0,"parent":0,"menu_order":0,"comment_status":"closed","ping_status":"closed","template":"","meta":{"_acf_changed":false,"footnotes":""},"from-article-database":[],"class_list":["post-33","page","type-page","status-publish","hentry"],"acf":[],"yoast_head":"<!-- This site is optimized with the Yoast SEO plugin v26.6 - https:\/\/yoast.com\/wordpress\/plugins\/seo\/ -->\n<title>Tietoja Betavivosta - Betavivo<\/title>\n<meta name=\"description\" content=\"Betavivo kaurasyd\u00e4met sis\u00e4lt\u00e4v\u00e4t kauran betaglukaania, jonka on todettu laskevan kolesterolia. 3 g kauran beetaglukaania (yhden Betavivo-kaurasyd\u00e4nannoksen sis\u00e4lt\u00e4m\u00e4 m\u00e4\u00e4r\u00e4) on riitt\u00e4v\u00e4 p\u00e4ivitt\u00e4inen m\u00e4\u00e4r\u00e4 laskemaan kolesterolia.\" \/>\n<meta name=\"robots\" content=\"index, follow, max-snippet:-1, max-image-preview:large, max-video-preview:-1\" \/>\n<link rel=\"canonical\" href=\"https:\/\/betavivo.com\/fi\/tietoja-betavivosta\/\" \/>\n<meta property=\"og:locale\" content=\"fi_FI\" \/>\n<meta property=\"og:type\" content=\"article\" \/>\n<meta property=\"og:title\" content=\"Tietoja Betavivosta - Betavivo\" \/>\n<meta property=\"og:description\" content=\"Betavivo kaurasyd\u00e4met sis\u00e4lt\u00e4v\u00e4t kauran betaglukaania, jonka on todettu laskevan kolesterolia. 3 g kauran beetaglukaania (yhden Betavivo-kaurasyd\u00e4nannoksen sis\u00e4lt\u00e4m\u00e4 m\u00e4\u00e4r\u00e4) on riitt\u00e4v\u00e4 p\u00e4ivitt\u00e4inen m\u00e4\u00e4r\u00e4 laskemaan kolesterolia.\" \/>\n<meta property=\"og:url\" content=\"https:\/\/betavivo.com\/fi\/tietoja-betavivosta\/\" \/>\n<meta property=\"og:site_name\" content=\"Betavivo\" \/>\n<meta property=\"article:modified_time\" content=\"2024-10-23T06:27:16+00:00\" \/>\n<meta name=\"twitter:card\" content=\"summary_large_image\" \/>\n<meta name=\"twitter:label1\" content=\"Est. reading time\" \/>\n\t<meta name=\"twitter:data1\" content=\"1 minute\" \/>\n<script type=\"application\/ld+json\" class=\"yoast-schema-graph\">{\"@context\":\"https:\/\/schema.org\",\"@graph\":[{\"@type\":\"WebPage\",\"@id\":\"https:\/\/betavivo.com\/fi\/tietoja-betavivosta\/\",\"url\":\"https:\/\/betavivo.com\/fi\/tietoja-betavivosta\/\",\"name\":\"Tietoja Betavivosta - Betavivo\",\"isPartOf\":{\"@id\":\"https:\/\/betavivo.com\/fi\/#website\"},\"datePublished\":\"2022-07-13T05:51:56+00:00\",\"dateModified\":\"2024-10-23T06:27:16+00:00\",\"description\":\"Betavivo kaurasyd\u00e4met sis\u00e4lt\u00e4v\u00e4t kauran betaglukaania, jonka on todettu laskevan kolesterolia. 3 g kauran beetaglukaania (yhden Betavivo-kaurasyd\u00e4nannoksen sis\u00e4lt\u00e4m\u00e4 m\u00e4\u00e4r\u00e4) on riitt\u00e4v\u00e4 p\u00e4ivitt\u00e4inen m\u00e4\u00e4r\u00e4 laskemaan kolesterolia.\",\"breadcrumb\":{\"@id\":\"https:\/\/betavivo.com\/fi\/tietoja-betavivosta\/#breadcrumb\"},\"inLanguage\":\"fi-FI\",\"potentialAction\":[{\"@type\":\"ReadAction\",\"target\":[\"https:\/\/betavivo.com\/fi\/tietoja-betavivosta\/\"]}]},{\"@type\":\"BreadcrumbList\",\"@id\":\"https:\/\/betavivo.com\/fi\/tietoja-betavivosta\/#breadcrumb\",\"itemListElement\":[{\"@type\":\"ListItem\",\"position\":1,\"name\":\"Home\",\"item\":\"https:\/\/betavivo.com\/fi\/\"},{\"@type\":\"ListItem\",\"position\":2,\"name\":\"Tietoja Betavivosta\"}]},{\"@type\":\"WebSite\",\"@id\":\"https:\/\/betavivo.com\/fi\/#website\",\"url\":\"https:\/\/betavivo.com\/fi\/\",\"name\":\"Betavivo\",\"description\":\"\",\"publisher\":{\"@id\":\"https:\/\/betavivo.com\/fi\/#organization\"},\"potentialAction\":[{\"@type\":\"SearchAction\",\"target\":{\"@type\":\"EntryPoint\",\"urlTemplate\":\"https:\/\/betavivo.com\/fi\/?s={search_term_string}\"},\"query-input\":{\"@type\":\"PropertyValueSpecification\",\"valueRequired\":true,\"valueName\":\"search_term_string\"}}],\"inLanguage\":\"fi-FI\"},{\"@type\":\"Organization\",\"@id\":\"https:\/\/betavivo.com\/fi\/#organization\",\"name\":\"Betavivo\",\"url\":\"https:\/\/betavivo.com\/fi\/\",\"logo\":{\"@type\":\"ImageObject\",\"inLanguage\":\"fi-FI\",\"@id\":\"https:\/\/betavivo.com\/fi\/#\/schema\/logo\/image\/\",\"url\":\"https:\/\/betavivo.com\/app\/uploads\/sites\/5\/2022\/07\/betavivo-logo.png\",\"contentUrl\":\"https:\/\/betavivo.com\/app\/uploads\/sites\/5\/2022\/07\/betavivo-logo.png\",\"width\":164,\"height\":24,\"caption\":\"Betavivo\"},\"image\":{\"@id\":\"https:\/\/betavivo.com\/fi\/#\/schema\/logo\/image\/\"}}]}<\/script>\n<!-- \/ Yoast SEO plugin. -->","yoast_head_json":{"title":"Tietoja Betavivosta - Betavivo","description":"Betavivo kaurasyd\u00e4met sis\u00e4lt\u00e4v\u00e4t kauran betaglukaania, jonka on todettu laskevan kolesterolia. 3 g kauran beetaglukaania (yhden Betavivo-kaurasyd\u00e4nannoksen sis\u00e4lt\u00e4m\u00e4 m\u00e4\u00e4r\u00e4) on riitt\u00e4v\u00e4 p\u00e4ivitt\u00e4inen m\u00e4\u00e4r\u00e4 laskemaan kolesterolia.","robots":{"index":"index","follow":"follow","max-snippet":"max-snippet:-1","max-image-preview":"max-image-preview:large","max-video-preview":"max-video-preview:-1"},"canonical":"https:\/\/betavivo.com\/fi\/tietoja-betavivosta\/","og_locale":"fi_FI","og_type":"article","og_title":"Tietoja Betavivosta - Betavivo","og_description":"Betavivo kaurasyd\u00e4met sis\u00e4lt\u00e4v\u00e4t kauran betaglukaania, jonka on todettu laskevan kolesterolia. 3 g kauran beetaglukaania (yhden Betavivo-kaurasyd\u00e4nannoksen sis\u00e4lt\u00e4m\u00e4 m\u00e4\u00e4r\u00e4) on riitt\u00e4v\u00e4 p\u00e4ivitt\u00e4inen m\u00e4\u00e4r\u00e4 laskemaan kolesterolia.","og_url":"https:\/\/betavivo.com\/fi\/tietoja-betavivosta\/","og_site_name":"Betavivo","article_modified_time":"2024-10-23T06:27:16+00:00","twitter_card":"summary_large_image","twitter_misc":{"Est. reading time":"1 minute"},"schema":{"@context":"https:\/\/schema.org","@graph":[{"@type":"WebPage","@id":"https:\/\/betavivo.com\/fi\/tietoja-betavivosta\/","url":"https:\/\/betavivo.com\/fi\/tietoja-betavivosta\/","name":"Tietoja Betavivosta - Betavivo","isPartOf":{"@id":"https:\/\/betavivo.com\/fi\/#website"},"datePublished":"2022-07-13T05:51:56+00:00","dateModified":"2024-10-23T06:27:16+00:00","description":"Betavivo kaurasyd\u00e4met sis\u00e4lt\u00e4v\u00e4t kauran betaglukaania, jonka on todettu laskevan kolesterolia. 3 g kauran beetaglukaania (yhden Betavivo-kaurasyd\u00e4nannoksen sis\u00e4lt\u00e4m\u00e4 m\u00e4\u00e4r\u00e4) on riitt\u00e4v\u00e4 p\u00e4ivitt\u00e4inen m\u00e4\u00e4r\u00e4 laskemaan kolesterolia.","breadcrumb":{"@id":"https:\/\/betavivo.com\/fi\/tietoja-betavivosta\/#breadcrumb"},"inLanguage":"fi-FI","potentialAction":[{"@type":"ReadAction","target":["https:\/\/betavivo.com\/fi\/tietoja-betavivosta\/"]}]},{"@type":"BreadcrumbList","@id":"https:\/\/betavivo.com\/fi\/tietoja-betavivosta\/#breadcrumb","itemListElement":[{"@type":"ListItem","position":1,"name":"Home","item":"https:\/\/betavivo.com\/fi\/"},{"@type":"ListItem","position":2,"name":"Tietoja Betavivosta"}]},{"@type":"WebSite","@id":"https:\/\/betavivo.com\/fi\/#website","url":"https:\/\/betavivo.com\/fi\/","name":"Betavivo","description":"","publisher":{"@id":"https:\/\/betavivo.com\/fi\/#organization"},"potentialAction":[{"@type":"SearchAction","target":{"@type":"EntryPoint","urlTemplate":"https:\/\/betavivo.com\/fi\/?s={search_term_string}"},"query-input":{"@type":"PropertyValueSpecification","valueRequired":true,"valueName":"search_term_string"}}],"inLanguage":"fi-FI"},{"@type":"Organization","@id":"https:\/\/betavivo.com\/fi\/#organization","name":"Betavivo","url":"https:\/\/betavivo.com\/fi\/","logo":{"@type":"ImageObject","inLanguage":"fi-FI","@id":"https:\/\/betavivo.com\/fi\/#\/schema\/logo\/image\/","url":"https:\/\/betavivo.com\/app\/uploads\/sites\/5\/2022\/07\/betavivo-logo.png","contentUrl":"https:\/\/betavivo.com\/app\/uploads\/sites\/5\/2022\/07\/betavivo-logo.png","width":164,"height":24,"caption":"Betavivo"},"image":{"@id":"https:\/\/betavivo.com\/fi\/#\/schema\/logo\/image\/"}}]}},"_links":{"self":[{"href":"https:\/\/betavivo.com\/fi\/wp-json\/wp\/v2\/pages\/33","targetHints":{"allow":["GET"]}}],"collection":[{"href":"https:\/\/betavivo.com\/fi\/wp-json\/wp\/v2\/pages"}],"about":[{"href":"https:\/\/betavivo.com\/fi\/wp-json\/wp\/v2\/types\/page"}],"author":[{"embeddable":true,"href":"https:\/\/betavivo.com\/fi\/wp-json\/wp\/v2\/users\/3"}],"replies":[{"embeddable":true,"href":"https:\/\/betavivo.com\/fi\/wp-json\/wp\/v2\/comments?post=33"}],"version-history":[{"count":7,"href":"https:\/\/betavivo.com\/fi\/wp-json\/wp\/v2\/pages\/33\/revisions"}],"predecessor-version":[{"id":292,"href":"https:\/\/betavivo.com\/fi\/wp-json\/wp\/v2\/pages\/33\/revisions\/292"}],"wp:attachment":[{"href":"https:\/\/betavivo.com\/fi\/wp-json\/wp\/v2\/media?parent=33"}],"wp:term":[{"taxonomy":"from-article-database","embeddable":true,"href":"https:\/\/betavivo.com\/fi\/wp-json\/wp\/v2\/from-article-database?post=33"}],"curies":[{"name":"wp","href":"https:\/\/api.w.org\/{rel}","templated":true}]}}