{"id":33,"date":"2022-07-12T11:28:29","date_gmt":"2022-07-12T09:28:29","guid":{"rendered":"https:\/\/betavivo.com\/at\/?post_type=product&#038;p=33"},"modified":"2024-08-14T09:26:04","modified_gmt":"2024-08-14T07:26:04","slug":"betavivo-haferherzen","status":"publish","type":"product","link":"https:\/\/betavivo.com\/at\/product\/betavivo-haferherzen\/","title":{"rendered":"Betavivo Haferherzen"},"content":{"rendered":"\n<div class=\"wp-block-karopharma-accordions\"><div class=\"container\">\n<details class=\"wp-block-karopharma-accordion\"><summary><h2 class=\"accordion-title\">Cholesterin &amp; Blutzucker<\/h2><\/summary><div class=\"accordion-content\">\n<p><strong>Cholesterin<\/strong><\/p>\n\n\n\n<p>Beta-Glucan aus Hafer senkt nachweislich den Cholesterinspiegel. Ein hoher Cholesterinspiegel geh\u00f6rt zu den Risikofaktoren f\u00fcr Herz-Kreislauf-Erkrankungen.<\/p>\n\n\n\n<ol class=\"is-style-default wp-block-list\"><li>Eine Portion Betavivo<sup>\u00ae<\/sup> wird als Teil einer Mahlzeit eingenommen.<\/li><li>Mit einer Portion Betavivo<sup>\u00ae<\/sup> kann der Cholesterinspiegel nachweislich gesenkt werden.<\/li><li>Wenn Betavivo<sup>\u00ae<\/sup> in den Magen gelangt, l\u00f6sen sich die Ballaststoffe und formen ein Gel.<\/li><li>Dieses Gel bindet Gallens\u00e4uren und wird aus dem K\u00f6rper ausgeschieden. F\u00fcr die Bildung neuer Gallens\u00e4uren wird Cholesterin aus dem Blut herangezogen, wodurch der Spiegel sinkt.<\/li><\/ol>\n\n\n\n<figure class=\"wp-block-image size-full is-resized\"><img loading=\"lazy\" decoding=\"async\" src=\"https:\/\/betavivo.com\/app\/uploads\/sites\/4\/2022\/07\/Betaglukan_Kolesterol.png\" alt=\"\" class=\"wp-image-74\" width=\"500\" height=\"296\" srcset=\"https:\/\/betavivo.com\/app\/uploads\/sites\/4\/2022\/07\/Betaglukan_Kolesterol.png 1000w, https:\/\/betavivo.com\/app\/uploads\/sites\/4\/2022\/07\/Betaglukan_Kolesterol-320x189.png 320w, https:\/\/betavivo.com\/app\/uploads\/sites\/4\/2022\/07\/Betaglukan_Kolesterol-768x454.png 768w, https:\/\/betavivo.com\/app\/uploads\/sites\/4\/2022\/07\/Betaglukan_Kolesterol-600x355.png 600w\" sizes=\"auto, (max-width: 500px) 100vw, 500px\" \/><\/figure>\n\n\n\n<div style=\"height:100px\" aria-hidden=\"true\" class=\"wp-block-spacer is-style-responsive-small\"><\/div>\n\n\n\n<p><strong>Blutzucker<\/strong><\/p>\n\n\n\n<p>Die Einnahme von Beta-Glucan aus Hafer w\u00e4hrend der Mahlzeit tr\u00e4gt dazu bei, dass der Blutzuckerspiegel nach dem Essen weniger stark ansteigt.<\/p>\n\n\n\n<ol class=\"is-style-default wp-block-list\"><li>Eine Portion Betavivo\u00ae wird als Teil einer Mahlzeit eingenommen.<\/li><li>Mit einer t\u00e4glichen Portion Betavivo\u00ae wird der Blutzuckerspiegel nach der Mahlzeit nachweislich gesenkt.<\/li><li>Wenn Betavivo\u00ae in den Magen gelangt, l\u00f6sen sich die Ballaststoffe und formen ein Gel.<\/li><li>Beta-Glucane formen eine viskose Barriere, die zu einer langsameren Aufnahme von Zucker f\u00fchrt.<\/li><\/ol>\n\n\n\n<p><em>Als Folge wird der Blutzuckerspiegel nach der Mahlzeit gesenkt und die Insulin-Sekretion vermindert.<\/em><\/p>\n\n\n\n<figure class=\"wp-block-image size-full is-resized\"><img loading=\"lazy\" decoding=\"async\" src=\"https:\/\/betavivo.com\/app\/uploads\/sites\/4\/2022\/07\/Betaglukan_Blodsocker.png\" alt=\"Blutzucker\" class=\"wp-image-78\" width=\"500\" height=\"309\" srcset=\"https:\/\/betavivo.com\/app\/uploads\/sites\/4\/2022\/07\/Betaglukan_Blodsocker.png 1000w, https:\/\/betavivo.com\/app\/uploads\/sites\/4\/2022\/07\/Betaglukan_Blodsocker-320x198.png 320w, https:\/\/betavivo.com\/app\/uploads\/sites\/4\/2022\/07\/Betaglukan_Blodsocker-768x475.png 768w, https:\/\/betavivo.com\/app\/uploads\/sites\/4\/2022\/07\/Betaglukan_Blodsocker-600x371.png 600w\" sizes=\"auto, (max-width: 500px) 100vw, 500px\" \/><\/figure>\n<\/div><\/details>\n\n\n\n<details class=\"wp-block-karopharma-accordion\"><summary><h2 class=\"accordion-title\">Zutaten<\/h2><\/summary><div class=\"accordion-content\">\n<p>60% Haferkleie (enth\u00e4lt Gluten), Maismehl, Fructose.<\/p>\n<\/div><\/details>\n<\/div><\/div>\n","protected":false},"excerpt":{"rendered":"","protected":false},"featured_media":69,"comment_status":"closed","ping_status":"closed","template":"","meta":{"_acf_changed":false,"footnotes":""},"product_brand":[],"product_cat":[],"product_tag":[],"class_list":{"0":"post-33","1":"product","2":"type-product","3":"status-publish","4":"has-post-thumbnail","7":"first","8":"instock","9":"shipping-taxable","10":"product-type-simple"},"acf":[],"yoast_head":"<!-- This site is optimized with the Yoast SEO plugin v26.6 - https:\/\/yoast.com\/wordpress\/plugins\/seo\/ -->\n<title>Betavivo Haferherzen - Betavivo<\/title>\n<meta name=\"description\" content=\"Betavivo sind knusprige Haferherzen mit einem milden Hafergeschmack. Eine Portion Betavivo enth\u00e4lt 3 g Beta-Glucan aus Hafer. Dies entspricht der Tagesmenge, die erforderlich ist, um positive Auswirkungen auf die Gesundheit zu erzielen.\" \/>\n<meta name=\"robots\" content=\"index, follow, max-snippet:-1, max-image-preview:large, max-video-preview:-1\" \/>\n<link rel=\"canonical\" href=\"https:\/\/betavivo.com\/at\/product\/betavivo-haferherzen\/\" \/>\n<meta property=\"og:locale\" content=\"de_DE\" \/>\n<meta property=\"og:type\" content=\"article\" \/>\n<meta property=\"og:title\" content=\"Betavivo Haferherzen - Betavivo\" \/>\n<meta property=\"og:description\" content=\"Betavivo sind knusprige Haferherzen mit einem milden Hafergeschmack. Eine Portion Betavivo enth\u00e4lt 3 g Beta-Glucan aus Hafer. Dies entspricht der Tagesmenge, die erforderlich ist, um positive Auswirkungen auf die Gesundheit zu erzielen.\" \/>\n<meta property=\"og:url\" content=\"https:\/\/betavivo.com\/at\/product\/betavivo-haferherzen\/\" \/>\n<meta property=\"og:site_name\" content=\"Betavivo\" \/>\n<meta property=\"article:modified_time\" content=\"2024-08-14T07:26:04+00:00\" \/>\n<meta property=\"og:image\" content=\"https:\/\/betavivo.com\/app\/uploads\/sites\/4\/2022\/07\/Betavivo-Haferherzen-produkte.png\" \/>\n\t<meta property=\"og:image:width\" content=\"768\" \/>\n\t<meta property=\"og:image:height\" content=\"768\" \/>\n\t<meta property=\"og:image:type\" content=\"image\/png\" \/>\n<meta name=\"twitter:card\" content=\"summary_large_image\" \/>\n<meta name=\"twitter:label1\" content=\"Gesch\u00e4tzte Lesezeit\" \/>\n\t<meta name=\"twitter:data1\" content=\"2 Minuten\" \/>\n<script type=\"application\/ld+json\" class=\"yoast-schema-graph\">{\"@context\":\"https:\/\/schema.org\",\"@graph\":[{\"@type\":\"WebPage\",\"@id\":\"https:\/\/betavivo.com\/at\/product\/betavivo-haferherzen\/\",\"url\":\"https:\/\/betavivo.com\/at\/product\/betavivo-haferherzen\/\",\"name\":\"Betavivo Haferherzen - Betavivo\",\"isPartOf\":{\"@id\":\"https:\/\/betavivo.com\/at\/#website\"},\"primaryImageOfPage\":{\"@id\":\"https:\/\/betavivo.com\/at\/product\/betavivo-haferherzen\/#primaryimage\"},\"image\":{\"@id\":\"https:\/\/betavivo.com\/at\/product\/betavivo-haferherzen\/#primaryimage\"},\"thumbnailUrl\":\"https:\/\/betavivo.com\/app\/uploads\/sites\/4\/2022\/07\/Betavivo-Haferherzen-produkte.png\",\"datePublished\":\"2022-07-12T09:28:29+00:00\",\"dateModified\":\"2024-08-14T07:26:04+00:00\",\"description\":\"Betavivo sind knusprige Haferherzen mit einem milden Hafergeschmack. Eine Portion Betavivo enth\u00e4lt 3 g Beta-Glucan aus Hafer. Dies entspricht der Tagesmenge, die erforderlich ist, um positive Auswirkungen auf die Gesundheit zu erzielen.\",\"breadcrumb\":{\"@id\":\"https:\/\/betavivo.com\/at\/product\/betavivo-haferherzen\/#breadcrumb\"},\"inLanguage\":\"de-AT\",\"potentialAction\":[{\"@type\":\"ReadAction\",\"target\":[\"https:\/\/betavivo.com\/at\/product\/betavivo-haferherzen\/\"]}]},{\"@type\":\"ImageObject\",\"inLanguage\":\"de-AT\",\"@id\":\"https:\/\/betavivo.com\/at\/product\/betavivo-haferherzen\/#primaryimage\",\"url\":\"https:\/\/betavivo.com\/app\/uploads\/sites\/4\/2022\/07\/Betavivo-Haferherzen-produkte.png\",\"contentUrl\":\"https:\/\/betavivo.com\/app\/uploads\/sites\/4\/2022\/07\/Betavivo-Haferherzen-produkte.png\",\"width\":768,\"height\":768,\"caption\":\"Betavivo Haferherzen\"},{\"@type\":\"BreadcrumbList\",\"@id\":\"https:\/\/betavivo.com\/at\/product\/betavivo-haferherzen\/#breadcrumb\",\"itemListElement\":[{\"@type\":\"ListItem\",\"position\":1,\"name\":\"Home\",\"item\":\"https:\/\/betavivo.com\/at\/\"},{\"@type\":\"ListItem\",\"position\":2,\"name\":\"Products\",\"item\":\"https:\/\/betavivo.com\/at\/produkte\/\"},{\"@type\":\"ListItem\",\"position\":3,\"name\":\"Betavivo Haferherzen\"}]},{\"@type\":\"WebSite\",\"@id\":\"https:\/\/betavivo.com\/at\/#website\",\"url\":\"https:\/\/betavivo.com\/at\/\",\"name\":\"Betavivo\",\"description\":\"\",\"publisher\":{\"@id\":\"https:\/\/betavivo.com\/at\/#organization\"},\"potentialAction\":[{\"@type\":\"SearchAction\",\"target\":{\"@type\":\"EntryPoint\",\"urlTemplate\":\"https:\/\/betavivo.com\/at\/?s={search_term_string}\"},\"query-input\":{\"@type\":\"PropertyValueSpecification\",\"valueRequired\":true,\"valueName\":\"search_term_string\"}}],\"inLanguage\":\"de-AT\"},{\"@type\":\"Organization\",\"@id\":\"https:\/\/betavivo.com\/at\/#organization\",\"name\":\"Betavivo\",\"url\":\"https:\/\/betavivo.com\/at\/\",\"logo\":{\"@type\":\"ImageObject\",\"inLanguage\":\"de-AT\",\"@id\":\"https:\/\/betavivo.com\/at\/#\/schema\/logo\/image\/\",\"url\":\"https:\/\/betavivo.com\/app\/uploads\/sites\/4\/2022\/07\/betavivo-logo.png\",\"contentUrl\":\"https:\/\/betavivo.com\/app\/uploads\/sites\/4\/2022\/07\/betavivo-logo.png\",\"width\":164,\"height\":24,\"caption\":\"Betavivo\"},\"image\":{\"@id\":\"https:\/\/betavivo.com\/at\/#\/schema\/logo\/image\/\"}}]}<\/script>\n<!-- \/ Yoast SEO plugin. -->","yoast_head_json":{"title":"Betavivo Haferherzen - Betavivo","description":"Betavivo sind knusprige Haferherzen mit einem milden Hafergeschmack. Eine Portion Betavivo enth\u00e4lt 3 g Beta-Glucan aus Hafer. Dies entspricht der Tagesmenge, die erforderlich ist, um positive Auswirkungen auf die Gesundheit zu erzielen.","robots":{"index":"index","follow":"follow","max-snippet":"max-snippet:-1","max-image-preview":"max-image-preview:large","max-video-preview":"max-video-preview:-1"},"canonical":"https:\/\/betavivo.com\/at\/product\/betavivo-haferherzen\/","og_locale":"de_DE","og_type":"article","og_title":"Betavivo Haferherzen - Betavivo","og_description":"Betavivo sind knusprige Haferherzen mit einem milden Hafergeschmack. Eine Portion Betavivo enth\u00e4lt 3 g Beta-Glucan aus Hafer. Dies entspricht der Tagesmenge, die erforderlich ist, um positive Auswirkungen auf die Gesundheit zu erzielen.","og_url":"https:\/\/betavivo.com\/at\/product\/betavivo-haferherzen\/","og_site_name":"Betavivo","article_modified_time":"2024-08-14T07:26:04+00:00","og_image":[{"width":768,"height":768,"url":"https:\/\/betavivo.com\/app\/uploads\/sites\/4\/2022\/07\/Betavivo-Haferherzen-produkte.png","type":"image\/png"}],"twitter_card":"summary_large_image","twitter_misc":{"Gesch\u00e4tzte Lesezeit":"2 Minuten"},"schema":{"@context":"https:\/\/schema.org","@graph":[{"@type":"WebPage","@id":"https:\/\/betavivo.com\/at\/product\/betavivo-haferherzen\/","url":"https:\/\/betavivo.com\/at\/product\/betavivo-haferherzen\/","name":"Betavivo Haferherzen - Betavivo","isPartOf":{"@id":"https:\/\/betavivo.com\/at\/#website"},"primaryImageOfPage":{"@id":"https:\/\/betavivo.com\/at\/product\/betavivo-haferherzen\/#primaryimage"},"image":{"@id":"https:\/\/betavivo.com\/at\/product\/betavivo-haferherzen\/#primaryimage"},"thumbnailUrl":"https:\/\/betavivo.com\/app\/uploads\/sites\/4\/2022\/07\/Betavivo-Haferherzen-produkte.png","datePublished":"2022-07-12T09:28:29+00:00","dateModified":"2024-08-14T07:26:04+00:00","description":"Betavivo sind knusprige Haferherzen mit einem milden Hafergeschmack. Eine Portion Betavivo enth\u00e4lt 3 g Beta-Glucan aus Hafer. Dies entspricht der Tagesmenge, die erforderlich ist, um positive Auswirkungen auf die Gesundheit zu erzielen.","breadcrumb":{"@id":"https:\/\/betavivo.com\/at\/product\/betavivo-haferherzen\/#breadcrumb"},"inLanguage":"de-AT","potentialAction":[{"@type":"ReadAction","target":["https:\/\/betavivo.com\/at\/product\/betavivo-haferherzen\/"]}]},{"@type":"ImageObject","inLanguage":"de-AT","@id":"https:\/\/betavivo.com\/at\/product\/betavivo-haferherzen\/#primaryimage","url":"https:\/\/betavivo.com\/app\/uploads\/sites\/4\/2022\/07\/Betavivo-Haferherzen-produkte.png","contentUrl":"https:\/\/betavivo.com\/app\/uploads\/sites\/4\/2022\/07\/Betavivo-Haferherzen-produkte.png","width":768,"height":768,"caption":"Betavivo Haferherzen"},{"@type":"BreadcrumbList","@id":"https:\/\/betavivo.com\/at\/product\/betavivo-haferherzen\/#breadcrumb","itemListElement":[{"@type":"ListItem","position":1,"name":"Home","item":"https:\/\/betavivo.com\/at\/"},{"@type":"ListItem","position":2,"name":"Products","item":"https:\/\/betavivo.com\/at\/produkte\/"},{"@type":"ListItem","position":3,"name":"Betavivo Haferherzen"}]},{"@type":"WebSite","@id":"https:\/\/betavivo.com\/at\/#website","url":"https:\/\/betavivo.com\/at\/","name":"Betavivo","description":"","publisher":{"@id":"https:\/\/betavivo.com\/at\/#organization"},"potentialAction":[{"@type":"SearchAction","target":{"@type":"EntryPoint","urlTemplate":"https:\/\/betavivo.com\/at\/?s={search_term_string}"},"query-input":{"@type":"PropertyValueSpecification","valueRequired":true,"valueName":"search_term_string"}}],"inLanguage":"de-AT"},{"@type":"Organization","@id":"https:\/\/betavivo.com\/at\/#organization","name":"Betavivo","url":"https:\/\/betavivo.com\/at\/","logo":{"@type":"ImageObject","inLanguage":"de-AT","@id":"https:\/\/betavivo.com\/at\/#\/schema\/logo\/image\/","url":"https:\/\/betavivo.com\/app\/uploads\/sites\/4\/2022\/07\/betavivo-logo.png","contentUrl":"https:\/\/betavivo.com\/app\/uploads\/sites\/4\/2022\/07\/betavivo-logo.png","width":164,"height":24,"caption":"Betavivo"},"image":{"@id":"https:\/\/betavivo.com\/at\/#\/schema\/logo\/image\/"}}]}},"_links":{"self":[{"href":"https:\/\/betavivo.com\/at\/wp-json\/wp\/v2\/product\/33","targetHints":{"allow":["GET"]}}],"collection":[{"href":"https:\/\/betavivo.com\/at\/wp-json\/wp\/v2\/product"}],"about":[{"href":"https:\/\/betavivo.com\/at\/wp-json\/wp\/v2\/types\/product"}],"replies":[{"embeddable":true,"href":"https:\/\/betavivo.com\/at\/wp-json\/wp\/v2\/comments?post=33"}],"version-history":[{"count":9,"href":"https:\/\/betavivo.com\/at\/wp-json\/wp\/v2\/product\/33\/revisions"}],"predecessor-version":[{"id":300,"href":"https:\/\/betavivo.com\/at\/wp-json\/wp\/v2\/product\/33\/revisions\/300"}],"wp:featuredmedia":[{"embeddable":true,"href":"https:\/\/betavivo.com\/at\/wp-json\/wp\/v2\/media\/69"}],"wp:attachment":[{"href":"https:\/\/betavivo.com\/at\/wp-json\/wp\/v2\/media?parent=33"}],"wp:term":[{"taxonomy":"product_brand","embeddable":true,"href":"https:\/\/betavivo.com\/at\/wp-json\/wp\/v2\/product_brand?post=33"},{"taxonomy":"product_cat","embeddable":true,"href":"https:\/\/betavivo.com\/at\/wp-json\/wp\/v2\/product_cat?post=33"},{"taxonomy":"product_tag","embeddable":true,"href":"https:\/\/betavivo.com\/at\/wp-json\/wp\/v2\/product_tag?post=33"}],"curies":[{"name":"wp","href":"https:\/\/api.w.org\/{rel}","templated":true}]}}