{"id":6,"date":"2022-07-12T11:02:21","date_gmt":"2022-07-12T09:02:21","guid":{"rendered":"https:\/\/betavivo.com\/at\/?page_id=6"},"modified":"2023-12-14T09:04:04","modified_gmt":"2023-12-14T08:04:04","slug":"betavivo","status":"publish","type":"page","link":"https:\/\/betavivo.com\/at\/","title":{"rendered":"Betavivo"},"content":{"rendered":"\n<div class=\"wp-block-karopharma-background-image-with-text-v2 background-image-with-text-v2 undefined content-position-right fixed-height-layout\" datatest=\"root\"><div class=\"background-image-with-text-wrapper\"><picture class=\"background-image-with-text-image\"><source media=\"(max-width: 560px)\" srcset=\"https:\/\/betavivo.com\/cdn-cgi\/image\/format=auto,width=560\/app\/uploads\/sites\/4\/2022\/07\/bg-front.jpg\"\/><source media=\"(max-width: 800px)\" srcset=\"https:\/\/betavivo.com\/cdn-cgi\/image\/format=auto,width=800\/app\/uploads\/sites\/4\/2022\/07\/bg-front.jpg\"\/><source media=\"(max-width: 1920px)\" srcset=\"https:\/\/betavivo.com\/cdn-cgi\/image\/format=auto,width=1920\/app\/uploads\/sites\/4\/2022\/07\/bg-front.jpg\"\/><img decoding=\"async\" width=\"1920\" height=\"816\" datatest=\"background-image\" loading=\"lazy\" class=\"object-center object-cover\" src=\"https:\/\/betavivo.com\/cdn-cgi\/image\/format=auto\/app\/uploads\/sites\/4\/2022\/07\/bg-front.jpg\" alt=\"bg-front\"\/><\/picture><div datatest=\"content-wrapper\" class=\"background-image-with-text-content-wrapper container max-w-medium text-alignment-left bg-box pt-large pb-large\"><div class=\"content\"><h1 datatest=\"heading\" class=\"responsive-heading\">Betavivo<\/h1><p class=\"body\" datatest=\"body\"><strong>Den Cholesterinspiegel auf nat\u00fcrliche Art senken<\/strong><br><br>Ungef\u00e4hr sechs von zehn Erwachsenen haben einen erh\u00f6hten Cholesterinspiegel, bedingt durch den Lebensstil, Di\u00e4ten und teilweise durch Vererbung. Betavivo hilft den Cholesterinspiegel auf nat\u00fcrliche und effektive Weise zu senken.<\/p>\n<div class=\"wp-block-buttons is-layout-flex wp-block-buttons-is-layout-flex\"><\/div>\n<\/div><\/div><\/div><\/div>\n\n\n\n<section class=\"wp-block-karopharma-image-with-text image-with-text image-with-text__full-width is-style-transparent\"><div class=\"image-with-text-container \"><div class=\"image-with-text-container-image-container\"><img decoding=\"async\" loading=\"lazy\" src=\"https:\/\/betavivo.com\/cdn-cgi\/image\/format=auto\/app\/uploads\/sites\/4\/2022\/07\/Betavivo_Hafer_AT.png\" alt=\"Betavivo Haferhertzen\"\/><\/div><div class=\"image-with-text-container-content\" style=\"text-align:left\" data-test=\"content\"><div class=\"content\"><h2>Betavivo Haferherzen<\/h2><p class=\"body\" data-test=\"body\">F\u00fcr alle, die Cerealien lieben<br><br><strong>Beta-Glucan<\/strong> senkt den Cholesterinspiegel und gleicht den Blutzuckerspiegel aus.<br><br>Knusprige <strong>Haferherzen<\/strong>. K\u00f6stlich z.B. mit Joghurt zum Fr\u00fchst\u00fcck oder als Snack zwischendurch.<\/p>\n<div class=\"wp-block-buttons is-layout-flex wp-block-buttons-is-layout-flex\">\n<div class=\"wp-block-button\"><a class=\"wp-block-button__link\" href=\"https:\/\/betavivo.com\/at\/product\/betavivo-haferherzen\/\">Weiterlesen<\/a><\/div>\n<\/div>\n<\/div><\/div><\/div><\/section>\n","protected":false},"excerpt":{"rendered":"","protected":false},"author":3,"featured_media":0,"parent":0,"menu_order":0,"comment_status":"closed","ping_status":"closed","template":"","meta":{"_acf_changed":false,"footnotes":""},"from-article-database":[],"class_list":["post-6","page","type-page","status-publish","hentry"],"acf":[],"yoast_head":"<!-- This site is optimized with the Yoast SEO plugin v26.6 - https:\/\/yoast.com\/wordpress\/plugins\/seo\/ -->\n<title>Betavivo - Betavivo<\/title>\n<meta name=\"description\" content=\"Betavivo - Den Cholesterinspiegel auf nat\u00fcrliche Art senken\" \/>\n<meta name=\"robots\" content=\"index, follow, max-snippet:-1, max-image-preview:large, max-video-preview:-1\" \/>\n<link rel=\"canonical\" href=\"https:\/\/betavivo.com\/at\/\" \/>\n<meta property=\"og:locale\" content=\"de_DE\" \/>\n<meta property=\"og:type\" content=\"article\" \/>\n<meta property=\"og:title\" content=\"Betavivo - Betavivo\" \/>\n<meta property=\"og:description\" content=\"Betavivo - Den Cholesterinspiegel auf nat\u00fcrliche Art senken\" \/>\n<meta property=\"og:url\" content=\"https:\/\/betavivo.com\/at\/\" \/>\n<meta property=\"og:site_name\" content=\"Betavivo\" \/>\n<meta property=\"article:modified_time\" content=\"2023-12-14T08:04:04+00:00\" \/>\n<meta property=\"og:image\" content=\"https:\/\/betavivo.com\/cdn-cgi\/image\/format=auto\/app\/uploads\/sites\/4\/2022\/07\/bg-front.jpg\" \/>\n<meta name=\"twitter:card\" content=\"summary_large_image\" \/>\n<meta name=\"twitter:label1\" content=\"Gesch\u00e4tzte Lesezeit\" \/>\n\t<meta name=\"twitter:data1\" content=\"1 Minute\" \/>\n<script type=\"application\/ld+json\" class=\"yoast-schema-graph\">{\"@context\":\"https:\/\/schema.org\",\"@graph\":[{\"@type\":\"WebPage\",\"@id\":\"https:\/\/betavivo.com\/at\/\",\"url\":\"https:\/\/betavivo.com\/at\/\",\"name\":\"Betavivo - Betavivo\",\"isPartOf\":{\"@id\":\"https:\/\/betavivo.com\/at\/#website\"},\"primaryImageOfPage\":{\"@id\":\"https:\/\/betavivo.com\/at\/#primaryimage\"},\"image\":{\"@id\":\"https:\/\/betavivo.com\/at\/#primaryimage\"},\"thumbnailUrl\":\"https:\/\/betavivo.com\/cdn-cgi\/image\/format=auto\/app\/uploads\/sites\/4\/2022\/07\/bg-front.jpg\",\"datePublished\":\"2022-07-12T09:02:21+00:00\",\"dateModified\":\"2023-12-14T08:04:04+00:00\",\"description\":\"Betavivo - Den Cholesterinspiegel auf nat\u00fcrliche Art senken\",\"breadcrumb\":{\"@id\":\"https:\/\/betavivo.com\/at\/#breadcrumb\"},\"inLanguage\":\"de-AT\",\"potentialAction\":[{\"@type\":\"ReadAction\",\"target\":[\"https:\/\/betavivo.com\/at\/\"]}]},{\"@type\":\"ImageObject\",\"inLanguage\":\"de-AT\",\"@id\":\"https:\/\/betavivo.com\/at\/#primaryimage\",\"url\":\"https:\/\/betavivo.com\/cdn-cgi\/image\/format=auto\/app\/uploads\/sites\/4\/2022\/07\/bg-front.jpg\",\"contentUrl\":\"https:\/\/betavivo.com\/cdn-cgi\/image\/format=auto\/app\/uploads\/sites\/4\/2022\/07\/bg-front.jpg\"},{\"@type\":\"BreadcrumbList\",\"@id\":\"https:\/\/betavivo.com\/at\/#breadcrumb\",\"itemListElement\":[{\"@type\":\"ListItem\",\"position\":1,\"name\":\"Home\",\"item\":\"https:\/\/betavivo.com\/at\/\"},{\"@type\":\"ListItem\",\"position\":2,\"name\":\"Betavivo\"}]},{\"@type\":\"WebSite\",\"@id\":\"https:\/\/betavivo.com\/at\/#website\",\"url\":\"https:\/\/betavivo.com\/at\/\",\"name\":\"Betavivo\",\"description\":\"\",\"publisher\":{\"@id\":\"https:\/\/betavivo.com\/at\/#organization\"},\"potentialAction\":[{\"@type\":\"SearchAction\",\"target\":{\"@type\":\"EntryPoint\",\"urlTemplate\":\"https:\/\/betavivo.com\/at\/?s={search_term_string}\"},\"query-input\":{\"@type\":\"PropertyValueSpecification\",\"valueRequired\":true,\"valueName\":\"search_term_string\"}}],\"inLanguage\":\"de-AT\"},{\"@type\":\"Organization\",\"@id\":\"https:\/\/betavivo.com\/at\/#organization\",\"name\":\"Betavivo\",\"url\":\"https:\/\/betavivo.com\/at\/\",\"logo\":{\"@type\":\"ImageObject\",\"inLanguage\":\"de-AT\",\"@id\":\"https:\/\/betavivo.com\/at\/#\/schema\/logo\/image\/\",\"url\":\"https:\/\/betavivo.com\/app\/uploads\/sites\/4\/2022\/07\/betavivo-logo.png\",\"contentUrl\":\"https:\/\/betavivo.com\/app\/uploads\/sites\/4\/2022\/07\/betavivo-logo.png\",\"width\":164,\"height\":24,\"caption\":\"Betavivo\"},\"image\":{\"@id\":\"https:\/\/betavivo.com\/at\/#\/schema\/logo\/image\/\"}}]}<\/script>\n<!-- \/ Yoast SEO plugin. -->","yoast_head_json":{"title":"Betavivo - Betavivo","description":"Betavivo - Den Cholesterinspiegel auf nat\u00fcrliche Art senken","robots":{"index":"index","follow":"follow","max-snippet":"max-snippet:-1","max-image-preview":"max-image-preview:large","max-video-preview":"max-video-preview:-1"},"canonical":"https:\/\/betavivo.com\/at\/","og_locale":"de_DE","og_type":"article","og_title":"Betavivo - Betavivo","og_description":"Betavivo - Den Cholesterinspiegel auf nat\u00fcrliche Art senken","og_url":"https:\/\/betavivo.com\/at\/","og_site_name":"Betavivo","article_modified_time":"2023-12-14T08:04:04+00:00","og_image":[{"url":"https:\/\/betavivo.com\/cdn-cgi\/image\/format=auto\/app\/uploads\/sites\/4\/2022\/07\/bg-front.jpg","type":"","width":"","height":""}],"twitter_card":"summary_large_image","twitter_misc":{"Gesch\u00e4tzte Lesezeit":"1 Minute"},"schema":{"@context":"https:\/\/schema.org","@graph":[{"@type":"WebPage","@id":"https:\/\/betavivo.com\/at\/","url":"https:\/\/betavivo.com\/at\/","name":"Betavivo - Betavivo","isPartOf":{"@id":"https:\/\/betavivo.com\/at\/#website"},"primaryImageOfPage":{"@id":"https:\/\/betavivo.com\/at\/#primaryimage"},"image":{"@id":"https:\/\/betavivo.com\/at\/#primaryimage"},"thumbnailUrl":"https:\/\/betavivo.com\/cdn-cgi\/image\/format=auto\/app\/uploads\/sites\/4\/2022\/07\/bg-front.jpg","datePublished":"2022-07-12T09:02:21+00:00","dateModified":"2023-12-14T08:04:04+00:00","description":"Betavivo - Den Cholesterinspiegel auf nat\u00fcrliche Art senken","breadcrumb":{"@id":"https:\/\/betavivo.com\/at\/#breadcrumb"},"inLanguage":"de-AT","potentialAction":[{"@type":"ReadAction","target":["https:\/\/betavivo.com\/at\/"]}]},{"@type":"ImageObject","inLanguage":"de-AT","@id":"https:\/\/betavivo.com\/at\/#primaryimage","url":"https:\/\/betavivo.com\/cdn-cgi\/image\/format=auto\/app\/uploads\/sites\/4\/2022\/07\/bg-front.jpg","contentUrl":"https:\/\/betavivo.com\/cdn-cgi\/image\/format=auto\/app\/uploads\/sites\/4\/2022\/07\/bg-front.jpg"},{"@type":"BreadcrumbList","@id":"https:\/\/betavivo.com\/at\/#breadcrumb","itemListElement":[{"@type":"ListItem","position":1,"name":"Home","item":"https:\/\/betavivo.com\/at\/"},{"@type":"ListItem","position":2,"name":"Betavivo"}]},{"@type":"WebSite","@id":"https:\/\/betavivo.com\/at\/#website","url":"https:\/\/betavivo.com\/at\/","name":"Betavivo","description":"","publisher":{"@id":"https:\/\/betavivo.com\/at\/#organization"},"potentialAction":[{"@type":"SearchAction","target":{"@type":"EntryPoint","urlTemplate":"https:\/\/betavivo.com\/at\/?s={search_term_string}"},"query-input":{"@type":"PropertyValueSpecification","valueRequired":true,"valueName":"search_term_string"}}],"inLanguage":"de-AT"},{"@type":"Organization","@id":"https:\/\/betavivo.com\/at\/#organization","name":"Betavivo","url":"https:\/\/betavivo.com\/at\/","logo":{"@type":"ImageObject","inLanguage":"de-AT","@id":"https:\/\/betavivo.com\/at\/#\/schema\/logo\/image\/","url":"https:\/\/betavivo.com\/app\/uploads\/sites\/4\/2022\/07\/betavivo-logo.png","contentUrl":"https:\/\/betavivo.com\/app\/uploads\/sites\/4\/2022\/07\/betavivo-logo.png","width":164,"height":24,"caption":"Betavivo"},"image":{"@id":"https:\/\/betavivo.com\/at\/#\/schema\/logo\/image\/"}}]}},"_links":{"self":[{"href":"https:\/\/betavivo.com\/at\/wp-json\/wp\/v2\/pages\/6","targetHints":{"allow":["GET"]}}],"collection":[{"href":"https:\/\/betavivo.com\/at\/wp-json\/wp\/v2\/pages"}],"about":[{"href":"https:\/\/betavivo.com\/at\/wp-json\/wp\/v2\/types\/page"}],"author":[{"embeddable":true,"href":"https:\/\/betavivo.com\/at\/wp-json\/wp\/v2\/users\/3"}],"replies":[{"embeddable":true,"href":"https:\/\/betavivo.com\/at\/wp-json\/wp\/v2\/comments?post=6"}],"version-history":[{"count":7,"href":"https:\/\/betavivo.com\/at\/wp-json\/wp\/v2\/pages\/6\/revisions"}],"predecessor-version":[{"id":68,"href":"https:\/\/betavivo.com\/at\/wp-json\/wp\/v2\/pages\/6\/revisions\/68"}],"wp:attachment":[{"href":"https:\/\/betavivo.com\/at\/wp-json\/wp\/v2\/media?parent=6"}],"wp:term":[{"taxonomy":"from-article-database","embeddable":true,"href":"https:\/\/betavivo.com\/at\/wp-json\/wp\/v2\/from-article-database?post=6"}],"curies":[{"name":"wp","href":"https:\/\/api.w.org\/{rel}","templated":true}]}}